{"id":1193,"date":"2016-09-05T17:50:52","date_gmt":"2016-09-05T16:50:52","guid":{"rendered":"http:\/\/www.vom-elbhochufer.de\/?page_id=1193"},"modified":"2018-12-12T18:34:13","modified_gmt":"2018-12-12T17:34:13","slug":"g-wurf","status":"publish","type":"page","link":"http:\/\/www.vom-elbhochufer.de\/?page_id=1193","title":{"rendered":"G-Wurf"},"content":{"rendered":"<h3>unser G-Wurf ~vom Elbhochufer~!<\/h3>\n<p>*05.08.2016<\/p>\n<h5 style=\"text-align: center;\">Int. Ch. Dorin vom Elbhochufer &amp;&nbsp; Gr. Ch. Int. White Snow von der Veste<\/h5>\n<p><a href=\"http:\/\/www.vom-elbhochufer.de\/wp-content\/uploads\/2016\/09\/dorin1.jpg\"><img loading=\"lazy\" decoding=\"async\" class=\"alignleft size-medium wp-image-1241\" src=\"http:\/\/www.vom-elbhochufer.de\/wp-content\/uploads\/2016\/09\/dorin1-300x196.jpg\" alt=\"dorin1\" width=\"300\" height=\"196\" srcset=\"http:\/\/www.vom-elbhochufer.de\/wp-content\/uploads\/2016\/09\/dorin1-300x196.jpg 300w, http:\/\/www.vom-elbhochufer.de\/wp-content\/uploads\/2016\/09\/dorin1.jpg 619w\" sizes=\"auto, (max-width: 300px) 100vw, 300px\" \/><\/a>Dorin: BLH cream <a href=\"http:\/\/www.vom-elbhochufer.de\/wp-content\/uploads\/2016\/09\/Flocke1.jpg\"><img loading=\"lazy\" decoding=\"async\" class=\"size-medium wp-image-1242 alignright\" src=\"http:\/\/www.vom-elbhochufer.de\/wp-content\/uploads\/2016\/09\/Flocke1-300x225.jpg\" alt=\"Flocke1\" width=\"300\" height=\"225\" srcset=\"http:\/\/www.vom-elbhochufer.de\/wp-content\/uploads\/2016\/09\/Flocke1-300x225.jpg 300w, http:\/\/www.vom-elbhochufer.de\/wp-content\/uploads\/2016\/09\/Flocke1-768x576.jpg 768w, http:\/\/www.vom-elbhochufer.de\/wp-content\/uploads\/2016\/09\/Flocke1-1024x768.jpg 1024w, http:\/\/www.vom-elbhochufer.de\/wp-content\/uploads\/2016\/09\/Flocke1.jpg 1230w\" sizes=\"auto, (max-width: 300px) 100vw, 300px\" \/><\/a><\/p>\n<p style=\"text-align: right;\">Flocke: BKH white\/orange eyed<\/p>\n<p>beide Katzen sind<br \/>\nPKD Gentest negativ<br \/>\nHCM negativ<br \/>\nBlutgruppe A bzw. A\/b<\/p>\n<p>Ich freue mich \u00fcber diesen h\u00fcbschen f\u00fcnfer Wurf. Es ist Dorin&#8217;s erster Wurf in meiner eigenen Zucht und die Kitten k\u00f6nnen sich sehen lassen. Alle 5 sind knuddelig rund mit Kulleraugen.&nbsp; Dorin hat seine tolle, streifenfreie Farbe weitergegeben, Flocke ihre sch\u00f6ne Fellqualit\u00e4t. Auf die Augenfarbe bin ich schon gespannt und sie verspricht sehr intensiv zu werden. Es war ein sehr rasche und unkomplizierte Geburt, Flocke ist eine sehr liebevolle und dabei entspannte Mutterkatze. Es macht Freude, sie mit ihren Babys zu beobachten.<\/p>\n<table style=\"border-width: 1px; border-collapse: collapse; height: 186px;\" width=\"791\" cellspacing=\"0\" border=\"1\">\n<tbody>\n<tr>\n<td width=\"103\" height=\"18\" align=\"center\">\n<p style=\"text-align: center;\"><b>Name<\/b><\/p>\n<\/td>\n<td width=\"105\" height=\"18\" align=\"center\">\n<p style=\"text-align: center;\"><strong>Geschlecht<\/strong><\/p>\n<\/td>\n<td width=\"196\" height=\"18\" align=\"center\">\n<p style=\"text-align: center;\"><strong>Farbe<\/strong><\/p>\n<\/td>\n<td width=\"92\" height=\"18\" align=\"center\">\n<p style=\"text-align: center;\"><b>BKH\/BLH<\/b><\/p>\n<\/td>\n<td style=\"text-align: center;\" width=\"173\" height=\"18\" align=\"center\"><b>Status<\/b><\/td>\n<\/tr>\n<tr>\n<td style=\"text-align: center;\" width=\"103\" height=\"18\" align=\"center\"><a href=\"http:\/\/www.vom-elbhochufer.de\/?page_id=1295\">Gawain<\/a><\/td>\n<td style=\"text-align: center;\" width=\"105\" height=\"18\" align=\"center\">m<\/td>\n<td style=\"text-align: center;\" width=\"196\" height=\"18\" align=\"center\">white\/ orange eyes (blue)<\/td>\n<td style=\"text-align: center;\" width=\"92\" height=\"18\" align=\"center\">Kurzhaar<\/td>\n<td style=\"text-align: center;\" width=\"173\" height=\"18\" align=\"center\">vergeben<\/td>\n<\/tr>\n<tr>\n<td style=\"text-align: center;\" width=\"103\" height=\"18\" align=\"center\"><a href=\"http:\/\/www.vom-elbhochufer.de\/?page_id=1325\">Gismara<\/a><\/td>\n<td style=\"text-align: center;\" width=\"105\" height=\"18\" align=\"center\">w<\/td>\n<td style=\"text-align: center;\" width=\"196\" height=\"18\" align=\"center\">white\/orange eyes (cream)<\/td>\n<td style=\"text-align: center;\" width=\"92\" height=\"18\" align=\"center\">Kurzhaar<\/td>\n<td style=\"text-align: center;\" width=\"173\" height=\"18\" align=\"center\">vergeben<\/td>\n<\/tr>\n<tr>\n<td style=\"text-align: center;\" width=\"103\" height=\"18\" align=\"center\"><a href=\"http:\/\/www.vom-elbhochufer.de\/?page_id=1311\">Garvenia<\/a><\/td>\n<td style=\"text-align: center;\" width=\"105\" height=\"18\" align=\"center\">w<\/td>\n<td style=\"text-align: center;\" width=\"196\" height=\"18\" align=\"center\">white\/orange eyes (cream)<\/td>\n<td style=\"text-align: center;\" width=\"92\" height=\"18\" align=\"center\">Kurzhaar<\/td>\n<td style=\"text-align: center;\" width=\"173\" height=\"18\" align=\"center\">vergeben<\/td>\n<\/tr>\n<tr>\n<td style=\"text-align: center;\" width=\"103\" height=\"18\" align=\"center\"><a href=\"http:\/\/www.vom-elbhochufer.de\/?page_id=1344\">Gelsa<\/a><\/td>\n<td style=\"text-align: center;\" width=\"105\" height=\"18\" align=\"center\">w<\/td>\n<td style=\"text-align: center;\" width=\"196\" height=\"18\" align=\"center\">cream<\/td>\n<td style=\"text-align: center;\" width=\"92\" height=\"18\" align=\"center\">Kurzhaar<\/td>\n<td style=\"text-align: center;\" width=\"173\" height=\"18\" align=\"center\">vergeben<\/td>\n<\/tr>\n<tr>\n<td style=\"text-align: center;\" width=\"103\" height=\"18\" align=\"center\"><a href=\"http:\/\/www.vom-elbhochufer.de\/?page_id=1332\">Gwendolin<\/a><\/td>\n<td style=\"text-align: center;\" width=\"105\" height=\"18\" align=\"center\">w<\/td>\n<td style=\"text-align: center;\" width=\"196\" height=\"18\" align=\"center\">blue tortie<\/td>\n<td style=\"text-align: center;\" width=\"92\" height=\"18\" align=\"center\">Kurzhaar<\/td>\n<td style=\"text-align: center;\" width=\"173\" height=\"18\" align=\"center\">vergeben<\/td>\n<\/tr>\n<\/tbody>\n<\/table>\n<h6>F\u00fcr kurze Portraits unserer Kitten, bitte auf den entsprechenden Namen in der Tabelle klicken.<\/h6>\n<p>[nggallery id=48]<\/p>\n<h5>und hier folgt nun der Stammbaum unseres F-Wurfes:<\/h5>\n<table style=\"height: 301px;\" width=\"756\">\n<tbody>\n<tr>\n<td rowspan=\"4\" width=\"195\">Gr. Ch. Int.<br \/>\nWhite Snow von der Veste<br \/>\nFarbe: white\/orange eyed<\/td>\n<td rowspan=\"2\" width=\"189\">Cai von der Veste<\/td>\n<td width=\"308\">Rauswurf vom Bavarian Roy von der Veste<\/td>\n<\/tr>\n<tr>\n<td width=\"308\">Pamila von der Veste<\/td>\n<\/tr>\n<tr>\n<td rowspan=\"2\" width=\"189\">Talia von der Veste<\/td>\n<td width=\"308\">Gismo von der Veste<\/td>\n<\/tr>\n<tr>\n<td width=\"308\">Gwendoline von Wolfstein<\/td>\n<\/tr>\n<tr>\n<td rowspan=\"4\" width=\"195\">Gr. Ch. Int. Dorin vom Elbhochufer<br \/>\nFarbe: cream<\/td>\n<td rowspan=\"2\" width=\"189\">Euro.Ch<br \/>\nAlida vom Elbhochufer<\/td>\n<td width=\"308\">Gr. Ch. Int. Xandra vom Audeichhof<\/td>\n<\/tr>\n<tr>\n<td width=\"308\">Gr. Euro.Ch. Willibald von der bunten Stadt<\/td>\n<\/tr>\n<tr>\n<td rowspan=\"2\" width=\"189\">Euro Ch.<br \/>\nSir Fenogio de la Boucharelle<\/td>\n<td width=\"308\">Cream Hunter from Sham<\/td>\n<\/tr>\n<tr>\n<td width=\"308\">K-lit\u00e9 de la Poupette<\/td>\n<\/tr>\n<\/tbody>\n<\/table>\n","protected":false},"excerpt":{"rendered":"<p>unser G-Wurf ~vom Elbhochufer~! *05.08.2016 Int. Ch. Dorin vom Elbhochufer &amp;&nbsp; Gr. Ch. Int. White Snow von der Veste Dorin: BLH cream Flocke: BKH white\/orange eyed beide Katzen sind PKD Gentest negativ HCM negativ Blutgruppe A bzw. A\/b Ich freue mich \u00fcber diesen h\u00fcbschen f\u00fcnfer Wurf. Es ist Dorin&#8217;s erster Wurf in meiner eigenen Zucht&hellip; <a class=\"more-link\" href=\"http:\/\/www.vom-elbhochufer.de\/?page_id=1193\"><span class=\"screen-reader-text\">G-Wurf<\/span> weiterlesen<\/a><\/p>\n","protected":false},"author":1,"featured_media":0,"parent":387,"menu_order":0,"comment_status":"closed","ping_status":"closed","template":"","meta":{"footnotes":""},"class_list":["post-1193","page","type-page","status-publish","hentry","entry"],"_links":{"self":[{"href":"http:\/\/www.vom-elbhochufer.de\/index.php?rest_route=\/wp\/v2\/pages\/1193","targetHints":{"allow":["GET"]}}],"collection":[{"href":"http:\/\/www.vom-elbhochufer.de\/index.php?rest_route=\/wp\/v2\/pages"}],"about":[{"href":"http:\/\/www.vom-elbhochufer.de\/index.php?rest_route=\/wp\/v2\/types\/page"}],"author":[{"embeddable":true,"href":"http:\/\/www.vom-elbhochufer.de\/index.php?rest_route=\/wp\/v2\/users\/1"}],"replies":[{"embeddable":true,"href":"http:\/\/www.vom-elbhochufer.de\/index.php?rest_route=%2Fwp%2Fv2%2Fcomments&post=1193"}],"version-history":[{"count":24,"href":"http:\/\/www.vom-elbhochufer.de\/index.php?rest_route=\/wp\/v2\/pages\/1193\/revisions"}],"predecessor-version":[{"id":1583,"href":"http:\/\/www.vom-elbhochufer.de\/index.php?rest_route=\/wp\/v2\/pages\/1193\/revisions\/1583"}],"up":[{"embeddable":true,"href":"http:\/\/www.vom-elbhochufer.de\/index.php?rest_route=\/wp\/v2\/pages\/387"}],"wp:attachment":[{"href":"http:\/\/www.vom-elbhochufer.de\/index.php?rest_route=%2Fwp%2Fv2%2Fmedia&parent=1193"}],"curies":[{"name":"wp","href":"https:\/\/api.w.org\/{rel}","templated":true}]}}