{"id":1691,"date":"2019-03-10T12:51:55","date_gmt":"2019-03-10T11:51:55","guid":{"rendered":"http:\/\/www.vom-elbhochufer.de\/?page_id=1691"},"modified":"2019-03-12T21:44:47","modified_gmt":"2019-03-12T20:44:47","slug":"1691-2","status":"publish","type":"page","link":"http:\/\/www.vom-elbhochufer.de\/?page_id=1691","title":{"rendered":"Ingemar und Isildur"},"content":{"rendered":"\n<h3 class=\"wp-block-heading\">Ingemar und Isildur vom Elbhochufer<\/h3>\n\n\n\n<h5 class=\"wp-block-heading\"><strong>Britisch Kurzhaar Kater<\/strong><\/h5>\n\n\n\n<h6 class=\"wp-block-heading\"> *20.11.2018 <\/h6>\n\n\n\n<h6 class=\"wp-block-heading\">Farbe: white\/orange eyes (wei\u00df mit orangefarbenen Augen)<\/h6>\n\n\n\n<div class=\"wp-block-image\"><figure class=\"alignleft is-resized\"><img loading=\"lazy\" decoding=\"async\" src=\"http:\/\/www.vom-elbhochufer.de\/wp-content\/uploads\/2019\/03\/iboyg1.jpg\" alt=\"\" class=\"wp-image-1695\" width=\"227\" height=\"227\" srcset=\"http:\/\/www.vom-elbhochufer.de\/wp-content\/uploads\/2019\/03\/iboyg1.jpg 1000w, http:\/\/www.vom-elbhochufer.de\/wp-content\/uploads\/2019\/03\/iboyg1-150x150.jpg 150w, http:\/\/www.vom-elbhochufer.de\/wp-content\/uploads\/2019\/03\/iboyg1-300x300.jpg 300w, http:\/\/www.vom-elbhochufer.de\/wp-content\/uploads\/2019\/03\/iboyg1-768x770.jpg 768w\" sizes=\"auto, (max-width: 227px) 100vw, 227px\" \/><\/figure><\/div>\n\n\n\n<p>Ingemar und Isildur, genannt Nori und Taro, sind ein tolles Team. <br>Sie toben und raufen gerne.  Aber auch das Kuscheln kommt nicht zu kurz.<br><br>Isildur ist der gr\u00f6\u00dfere der beiden Kater. Er hat einen kompakten K\u00f6rperbau und (noch) ziemlich gro\u00dfe Pfoten. Daher denke ich, dass er ein stattlicher Kater werden wird. <\/p>\n\n\n\n<div class=\"wp-block-image\"><figure class=\"alignright is-resized\"><img loading=\"lazy\" decoding=\"async\" src=\"http:\/\/www.vom-elbhochufer.de\/wp-content\/uploads\/2019\/03\/iboyk2.jpg\" alt=\"\" class=\"wp-image-1694\" width=\"227\" height=\"174\"\/><\/figure><\/div>\n\n\n\n<p>Ingemar ist zierlicher als sein Bruder, besticht aber durch sein h\u00fcbsches Gesicht. Die Augen werden einmal traumhaft orange werden und er hat einen sehr runden Kopf mit kleinen Ohren und einer s\u00fc\u00dfen Stupsnase.<\/p>\n\n\n\n<p> Ich freue mich, dass die beiden zusammen in ihr neues Zuhause umziehen konnten. <\/p>\n\n\n\n<ul class=\"wp-block-gallery columns-2 is-cropped wp-block-gallery-1 is-layout-flex wp-block-gallery-is-layout-flex\"><li class=\"blocks-gallery-item\"><figure><img loading=\"lazy\" decoding=\"async\" width=\"768\" height=\"1024\" src=\"http:\/\/www.vom-elbhochufer.de\/wp-content\/uploads\/2019\/03\/352e4502-2de5-4001-953a-78d5a2b6ebae-768x1024.jpg\" alt=\"\" data-id=\"1719\" data-link=\"http:\/\/www.vom-elbhochufer.de\/?attachment_id=1719\" class=\"wp-image-1719\" srcset=\"http:\/\/www.vom-elbhochufer.de\/wp-content\/uploads\/2019\/03\/352e4502-2de5-4001-953a-78d5a2b6ebae-768x1024.jpg 768w, http:\/\/www.vom-elbhochufer.de\/wp-content\/uploads\/2019\/03\/352e4502-2de5-4001-953a-78d5a2b6ebae-225x300.jpg 225w, http:\/\/www.vom-elbhochufer.de\/wp-content\/uploads\/2019\/03\/352e4502-2de5-4001-953a-78d5a2b6ebae.jpg 1200w\" sizes=\"auto, (max-width: 768px) 100vw, 768px\" \/><\/figure><\/li><li class=\"blocks-gallery-item\"><figure><img loading=\"lazy\" decoding=\"async\" width=\"1024\" height=\"768\" src=\"http:\/\/www.vom-elbhochufer.de\/wp-content\/uploads\/2019\/03\/IMG_2041-1024x768.jpg\" alt=\"\" data-id=\"1724\" data-link=\"http:\/\/www.vom-elbhochufer.de\/?attachment_id=1724\" class=\"wp-image-1724\" srcset=\"http:\/\/www.vom-elbhochufer.de\/wp-content\/uploads\/2019\/03\/IMG_2041-1024x768.jpg 1024w, http:\/\/www.vom-elbhochufer.de\/wp-content\/uploads\/2019\/03\/IMG_2041-300x225.jpg 300w, http:\/\/www.vom-elbhochufer.de\/wp-content\/uploads\/2019\/03\/IMG_2041-768x576.jpg 768w\" sizes=\"auto, (max-width: 1024px) 100vw, 1024px\" \/><\/figure><\/li><\/ul>\n\n\n\n<p><br><\/p>\n","protected":false},"excerpt":{"rendered":"<p>Ingemar und Isildur vom Elbhochufer Britisch Kurzhaar Kater *20.11.2018 Farbe: white\/orange eyes (wei\u00df mit orangefarbenen Augen) Ingemar und Isildur, genannt Nori und Taro, sind ein tolles Team. Sie toben und raufen gerne. Aber auch das Kuscheln kommt nicht zu kurz. Isildur ist der gr\u00f6\u00dfere der beiden Kater. Er hat einen kompakten K\u00f6rperbau und (noch) ziemlich&hellip; <a class=\"more-link\" href=\"http:\/\/www.vom-elbhochufer.de\/?page_id=1691\"><span class=\"screen-reader-text\">Ingemar und Isildur<\/span> weiterlesen<\/a><\/p>\n","protected":false},"author":1,"featured_media":0,"parent":1582,"menu_order":0,"comment_status":"closed","ping_status":"closed","template":"","meta":{"footnotes":""},"class_list":["post-1691","page","type-page","status-publish","hentry","entry"],"_links":{"self":[{"href":"http:\/\/www.vom-elbhochufer.de\/index.php?rest_route=\/wp\/v2\/pages\/1691","targetHints":{"allow":["GET"]}}],"collection":[{"href":"http:\/\/www.vom-elbhochufer.de\/index.php?rest_route=\/wp\/v2\/pages"}],"about":[{"href":"http:\/\/www.vom-elbhochufer.de\/index.php?rest_route=\/wp\/v2\/types\/page"}],"author":[{"embeddable":true,"href":"http:\/\/www.vom-elbhochufer.de\/index.php?rest_route=\/wp\/v2\/users\/1"}],"replies":[{"embeddable":true,"href":"http:\/\/www.vom-elbhochufer.de\/index.php?rest_route=%2Fwp%2Fv2%2Fcomments&post=1691"}],"version-history":[{"count":5,"href":"http:\/\/www.vom-elbhochufer.de\/index.php?rest_route=\/wp\/v2\/pages\/1691\/revisions"}],"predecessor-version":[{"id":1727,"href":"http:\/\/www.vom-elbhochufer.de\/index.php?rest_route=\/wp\/v2\/pages\/1691\/revisions\/1727"}],"up":[{"embeddable":true,"href":"http:\/\/www.vom-elbhochufer.de\/index.php?rest_route=\/wp\/v2\/pages\/1582"}],"wp:attachment":[{"href":"http:\/\/www.vom-elbhochufer.de\/index.php?rest_route=%2Fwp%2Fv2%2Fmedia&parent=1691"}],"curies":[{"name":"wp","href":"https:\/\/api.w.org\/{rel}","templated":true}]}}