{"id":10,"date":"2014-09-10T13:06:58","date_gmt":"2014-09-10T11:06:58","guid":{"rendered":"http:\/\/www.vom-elbhochufer.de\/?page_id=10"},"modified":"2025-12-11T18:45:17","modified_gmt":"2025-12-11T17:45:17","slug":"wilkommen","status":"publish","type":"page","link":"https:\/\/www.vom-elbhochufer.de\/","title":{"rendered":"Home"},"content":{"rendered":"\n<h3>Willkommen bei den Elbhochufer-Katzen!<\/h3>\n<h4>Wir z\u00fcchten Britisch Kurzhaar und Britisch Langhaar Katzen.<a href=\"http:\/\/www.vom-elbhochufer.de\/wp-content\/uploads\/2018\/03\/Allesieben.jpg\"><img loading=\"lazy\" decoding=\"async\" class=\"alignright wp-image-1503\" src=\"http:\/\/www.vom-elbhochufer.de\/wp-content\/uploads\/2018\/03\/Allesieben-300x268.jpg\" alt=\"\" width=\"197\" height=\"176\" srcset=\"https:\/\/www.vom-elbhochufer.de\/wp-content\/uploads\/2018\/03\/Allesieben-300x268.jpg 300w, https:\/\/www.vom-elbhochufer.de\/wp-content\/uploads\/2018\/03\/Allesieben-768x686.jpg 768w, https:\/\/www.vom-elbhochufer.de\/wp-content\/uploads\/2018\/03\/Allesieben-1024x915.jpg 1024w\" sizes=\"auto, (max-width: 197px) 100vw, 197px\" \/><\/a><\/h4>\n<p>Sch\u00f6n, dass Sie uns besuchen kommen und sich ein Bild von unserer kleinen Hobbyzucht machen wollen!<br>Wir z\u00fcchten Britisch Kurzhaar und Britisch Langhaar Katzen in &#8222;solid&#8220;&nbsp;Farben, also blau, lilac, schwarz, <img loading=\"lazy\" decoding=\"async\" class=\"alignleft wp-image-1017 \" src=\"http:\/\/www.vom-elbhochufer.de\/wp-content\/uploads\/2014\/09\/DSC_7825-284x300.jpg\" alt=\"DSC_7825\" width=\"252\" height=\"266\" srcset=\"https:\/\/www.vom-elbhochufer.de\/wp-content\/uploads\/2014\/09\/DSC_7825-284x300.jpg 284w, https:\/\/www.vom-elbhochufer.de\/wp-content\/uploads\/2014\/09\/DSC_7825-971x1024.jpg 971w, https:\/\/www.vom-elbhochufer.de\/wp-content\/uploads\/2014\/09\/DSC_7825.jpg 1635w\" sizes=\"auto, (max-width: 252px) 100vw, 252px\" \/>schoko, rot, creme, Schildpatt und vor Allem auch in wei\u00df. Die Wei\u00dfen haben es mir ganz besonders angetan: lassen auch Sie sich von meinen Schneefl\u00f6ckchen verzaubern&#8230; Wenn Sie Fragen haben, dann nehmen Sie bitte Kontakt zu uns auf, wir beantworten sie gern.<\/p>\n<p>Es ist viel passiert.<br>Unter <strong><span style=\"color: #bde6ff;\">News<\/span><\/strong> finden Sie aktuelle Informationen \u00fcber unsere Zucht.<\/p>\n<p>Bitte beachten Sie das Copyright der Fotos auf meiner Seite.<br>Vielen Dank f\u00fcr die wundersch\u00f6nen Fotos an Philipp Beppler, Ralf Gudat, Kerstin Gr\u00e5baek, Johannes Beschoner, Matthias Fischer und alle anderen Fotographen!<\/p>\n<h5>Viel Spa\u00df beim St\u00f6bern auf unseren Seiten!<\/h5>\n<!-- <h3 style=\"text-align: center;\"><a href=\"http:\/\/www.vom-elbhochufer.de\/?page_id=1804\">~*Wir haben wieder Kitten!*~&nbsp;<\/a><\/h3>-->\n<!-- divi:heading {\"textAlign\":\"center\",\"level\":3} -->\n<h3 class=\"wp-block-heading has-text-align-center\">N\u00e4here Informationen zu unseren Katzenkindern finden Sie unter &#8222;W\u00fcrfe&#8220;.<\/h3>\n\n\n<div class=\"wp-block-image is-style-rounded\">\n<figure class=\"aligncenter size-medium\"><a href=\"http:\/\/www.vom-elbhochufer.de\/wp-content\/uploads\/2025\/09\/IMG_20250804_182135.jpg\"><img loading=\"lazy\" decoding=\"async\" width=\"225\" height=\"300\" src=\"https:\/\/www.vom-elbhochufer.de\/wp-content\/uploads\/2025\/09\/IMG_20250804_182135-225x300.jpg\" alt=\"\" class=\"wp-image-2849\" srcset=\"https:\/\/www.vom-elbhochufer.de\/wp-content\/uploads\/2025\/09\/IMG_20250804_182135-225x300.jpg 225w, https:\/\/www.vom-elbhochufer.de\/wp-content\/uploads\/2025\/09\/IMG_20250804_182135-768x1024.jpg 768w, https:\/\/www.vom-elbhochufer.de\/wp-content\/uploads\/2025\/09\/IMG_20250804_182135-1152x1536.jpg 1152w, https:\/\/www.vom-elbhochufer.de\/wp-content\/uploads\/2025\/09\/IMG_20250804_182135.jpg 1200w\" sizes=\"auto, (max-width: 225px) 100vw, 225px\" \/><\/a><\/figure><\/div>","protected":false},"excerpt":{"rendered":"<p>Willkommen bei den Elbhochufer-Katzen! Wir z\u00fcchten Britisch Kurzhaar und Britisch Langhaar Katzen. Sch\u00f6n, dass Sie uns besuchen kommen und sich ein Bild von unserer kleinen Hobbyzucht machen wollen!Wir z\u00fcchten Britisch Kurzhaar und Britisch Langhaar Katzen in &#8222;solid&#8220;&nbsp;Farben, also blau, lilac, schwarz, schoko, rot, creme, Schildpatt und vor Allem auch in wei\u00df. Die Wei\u00dfen haben es&hellip; <a class=\"more-link\" href=\"https:\/\/www.vom-elbhochufer.de\/\"><span class=\"screen-reader-text\">Home<\/span> weiterlesen<\/a><\/p>\n","protected":false},"author":1,"featured_media":0,"parent":0,"menu_order":1,"comment_status":"closed","ping_status":"closed","template":"","meta":{"footnotes":""},"class_list":["post-10","page","type-page","status-publish","hentry","entry"],"_links":{"self":[{"href":"https:\/\/www.vom-elbhochufer.de\/index.php?rest_route=\/wp\/v2\/pages\/10","targetHints":{"allow":["GET"]}}],"collection":[{"href":"https:\/\/www.vom-elbhochufer.de\/index.php?rest_route=\/wp\/v2\/pages"}],"about":[{"href":"https:\/\/www.vom-elbhochufer.de\/index.php?rest_route=\/wp\/v2\/types\/page"}],"author":[{"embeddable":true,"href":"https:\/\/www.vom-elbhochufer.de\/index.php?rest_route=\/wp\/v2\/users\/1"}],"replies":[{"embeddable":true,"href":"https:\/\/www.vom-elbhochufer.de\/index.php?rest_route=%2Fwp%2Fv2%2Fcomments&post=10"}],"version-history":[{"count":73,"href":"https:\/\/www.vom-elbhochufer.de\/index.php?rest_route=\/wp\/v2\/pages\/10\/revisions"}],"predecessor-version":[{"id":2931,"href":"https:\/\/www.vom-elbhochufer.de\/index.php?rest_route=\/wp\/v2\/pages\/10\/revisions\/2931"}],"wp:attachment":[{"href":"https:\/\/www.vom-elbhochufer.de\/index.php?rest_route=%2Fwp%2Fv2%2Fmedia&parent=10"}],"curies":[{"name":"wp","href":"https:\/\/api.w.org\/{rel}","templated":true}]}}