{"id":1030,"date":"2014-12-22T13:38:13","date_gmt":"2014-12-22T11:38:13","guid":{"rendered":"http:\/\/www.vom-elbhochufer.de\/?page_id=1030"},"modified":"2018-08-26T10:04:18","modified_gmt":"2018-08-26T09:04:18","slug":"davihn","status":"publish","type":"page","link":"https:\/\/www.vom-elbhochufer.de\/?page_id=1030","title":{"rendered":"Davihn"},"content":{"rendered":"<h3>&#8222;Mr. Bean&#8220; (Davihn vom Elbhochufer) sucht ein neues Zuhause<\/h3>\n<h5><strong>Britisch Langhaar<a href=\"http:\/\/www.vom-elbhochufer.de\/wp-content\/uploads\/2018\/08\/mrbean-davihn.jpg\"><img loading=\"lazy\" decoding=\"async\" class=\"alignright size-medium wp-image-1555\" src=\"http:\/\/www.vom-elbhochufer.de\/wp-content\/uploads\/2018\/08\/mrbean-davihn-225x300.jpg\" alt=\"\" width=\"225\" height=\"300\" srcset=\"https:\/\/www.vom-elbhochufer.de\/wp-content\/uploads\/2018\/08\/mrbean-davihn-225x300.jpg 225w, https:\/\/www.vom-elbhochufer.de\/wp-content\/uploads\/2018\/08\/mrbean-davihn.jpg 600w\" sizes=\"auto, (max-width: 225px) 100vw, 225px\" \/><\/a><\/strong><\/h5>\n<h6>*13.10.2014<\/h6>\n<h6>Farbe: white (orange eyed)<br \/>\n(wahrscheinlich gen. blue, tr\u00e4gt evtl. chocolate)<\/h6>\n<p>Davihn ist schon schneewei\u00df zur Welt gekommen, w\u00e4hrend seine Geschwister alle noch einen Genfleck haben. Er hat sehr flauschiges Fell und wird wahrscheinlich von allen das l\u00e4ngste Fell bekommen. Schon jetzt hat er einen sch\u00f6nen Kopf mit einem tollen Ausdruck. Davihn ist nicht gern alleine. Wenn er aufwacht und merkt, dass seine Br\u00fcder &#8222;verschwunden&#8220; sind maunzt er, so dass ein Mensch kommt und ihn knuddelt. Er kommt auch oft zum kuscheln, aber wenn eine Spielangel oder ein Br\u00fcderchen in der N\u00e4he sind, ist es mit der Ruhe vorbei&#8230;<\/p>\n<p><a href=\"http:\/\/www.vom-elbhochufer.de\/wp-content\/uploads\/2014\/12\/portrait.jpg\"><img loading=\"lazy\" decoding=\"async\" class=\"size-medium wp-image-1031 alignleft\" src=\"http:\/\/www.vom-elbhochufer.de\/wp-content\/uploads\/2014\/12\/portrait-297x300.jpg\" alt=\"portrait\" width=\"297\" height=\"300\" srcset=\"https:\/\/www.vom-elbhochufer.de\/wp-content\/uploads\/2014\/12\/portrait-297x300.jpg 297w, https:\/\/www.vom-elbhochufer.de\/wp-content\/uploads\/2014\/12\/portrait.jpg 478w\" sizes=\"auto, (max-width: 297px) 100vw, 297px\" \/><\/a>Mr. Bean hat sich zu einem schmucken und stattlichen Kater entwickelt, besonders sein schneewei\u00dfes Fell und die orangefarbene Augen sind auff\u00e4llig sch\u00f6n. Ganz besonders ist aber sein Charakter: er ist menschenbezogen und freundlich, kuschelt und spielt sehr gerne. Mit anderen Katzen und Hunden versteht er sich ausgezeichnet. Mr. Bean ist rundum gesund und zeigt sich auch zum Impfen beim Tierarzt von seiner besten Seite. Davihn musste\u00a0 leider umziehen. Er hat aber ein neues Zuhause gefunden und ist ganz in der N\u00e4he seiner Vorbesitzer gebielben. Wir w\u00fcnschen diesem Traumkater, dass er sich gut einlebt.<\/p>\n<h5><strong>Wir freuen uns immer, von unseren ehemaligen Kitten zu h\u00f6ren!<br \/>\n<\/strong><\/h5>\n<p>[nggallery id=41]<\/p>\n","protected":false},"excerpt":{"rendered":"<p>&#8222;Mr. Bean&#8220; (Davihn vom Elbhochufer) sucht ein neues Zuhause Britisch Langhaar *13.10.2014 Farbe: white (orange eyed) (wahrscheinlich gen. blue, tr\u00e4gt evtl. chocolate) Davihn ist schon schneewei\u00df zur Welt gekommen, w\u00e4hrend seine Geschwister alle noch einen Genfleck haben. Er hat sehr flauschiges Fell und wird wahrscheinlich von allen das l\u00e4ngste Fell bekommen. Schon jetzt hat er&hellip; <a class=\"more-link\" href=\"https:\/\/www.vom-elbhochufer.de\/?page_id=1030\"><span class=\"screen-reader-text\">Davihn<\/span> weiterlesen<\/a><\/p>\n","protected":false},"author":1,"featured_media":0,"parent":991,"menu_order":0,"comment_status":"closed","ping_status":"open","template":"","meta":{"footnotes":""},"class_list":["post-1030","page","type-page","status-publish","hentry","entry"],"_links":{"self":[{"href":"https:\/\/www.vom-elbhochufer.de\/index.php?rest_route=\/wp\/v2\/pages\/1030","targetHints":{"allow":["GET"]}}],"collection":[{"href":"https:\/\/www.vom-elbhochufer.de\/index.php?rest_route=\/wp\/v2\/pages"}],"about":[{"href":"https:\/\/www.vom-elbhochufer.de\/index.php?rest_route=\/wp\/v2\/types\/page"}],"author":[{"embeddable":true,"href":"https:\/\/www.vom-elbhochufer.de\/index.php?rest_route=\/wp\/v2\/users\/1"}],"replies":[{"embeddable":true,"href":"https:\/\/www.vom-elbhochufer.de\/index.php?rest_route=%2Fwp%2Fv2%2Fcomments&post=1030"}],"version-history":[{"count":8,"href":"https:\/\/www.vom-elbhochufer.de\/index.php?rest_route=\/wp\/v2\/pages\/1030\/revisions"}],"predecessor-version":[{"id":1560,"href":"https:\/\/www.vom-elbhochufer.de\/index.php?rest_route=\/wp\/v2\/pages\/1030\/revisions\/1560"}],"up":[{"embeddable":true,"href":"https:\/\/www.vom-elbhochufer.de\/index.php?rest_route=\/wp\/v2\/pages\/991"}],"wp:attachment":[{"href":"https:\/\/www.vom-elbhochufer.de\/index.php?rest_route=%2Fwp%2Fv2%2Fmedia&parent=1030"}],"curies":[{"name":"wp","href":"https:\/\/api.w.org\/{rel}","templated":true}]}}