{"id":1045,"date":"2014-12-24T15:26:17","date_gmt":"2014-12-24T13:26:17","guid":{"rendered":"http:\/\/www.vom-elbhochufer.de\/?page_id=1045"},"modified":"2015-10-03T10:56:20","modified_gmt":"2015-10-03T08:56:20","slug":"durial","status":"publish","type":"page","link":"https:\/\/www.vom-elbhochufer.de\/?page_id=1045","title":{"rendered":"Durial"},"content":{"rendered":"<h3>Durial vom Elbhochufer<a href=\"http:\/\/www.vom-elbhochufer.de\/wp-content\/uploads\/2014\/12\/DSC_7785li.jpg\"><img loading=\"lazy\" decoding=\"async\" class=\"alignright size-medium wp-image-1048\" src=\"http:\/\/www.vom-elbhochufer.de\/wp-content\/uploads\/2014\/12\/DSC_7785li-300x254.jpg\" alt=\"DSC_7785li\" width=\"300\" height=\"254\" srcset=\"https:\/\/www.vom-elbhochufer.de\/wp-content\/uploads\/2014\/12\/DSC_7785li-300x254.jpg 300w, https:\/\/www.vom-elbhochufer.de\/wp-content\/uploads\/2014\/12\/DSC_7785li-1024x868.jpg 1024w, https:\/\/www.vom-elbhochufer.de\/wp-content\/uploads\/2014\/12\/DSC_7785li.jpg 1041w\" sizes=\"auto, (max-width: 300px) 100vw, 300px\" \/><\/a><\/h3>\n<h5><strong>Britisch Langhaar<\/strong><\/h5>\n<h6>*13.10.2014<\/h6>\n<h6>Farbe: white (orange eyed)<\/h6>\n<p>Durial hatte bei Geburt einen gro\u00dfen blauen Genfleck und war somit unverwechselbar. Er entwickelt sich sch\u00f6n gleichm\u00e4\u00dfig und sieht einfach toll aus. Er hat griffiges Fell und dicke Pfoten, so dass er wahrscheinlich ein gro\u00dfer Kater werden wird. Durial kommt gerne zum Kuscheln, gibt K\u00f6pfchen und genie\u00dft es gekrault zu werden, aber wenn eine Spielangel oder ein Br\u00fcderchen in der N\u00e4he sind, ist es mit der Ruhe vorbei&#8230;<\/p>\n<p>Darach ist vergeben und mit seinem Bruder Durial nach Hamburg gezogen.<br \/>\n[nggallery id=43]<\/p>\n","protected":false},"excerpt":{"rendered":"<p>Durial vom Elbhochufer Britisch Langhaar *13.10.2014 Farbe: white (orange eyed) Durial hatte bei Geburt einen gro\u00dfen blauen Genfleck und war somit unverwechselbar. Er entwickelt sich sch\u00f6n gleichm\u00e4\u00dfig und sieht einfach toll aus. Er hat griffiges Fell und dicke Pfoten, so dass er wahrscheinlich ein gro\u00dfer Kater werden wird. Durial kommt gerne zum Kuscheln, gibt K\u00f6pfchen&hellip; <a class=\"more-link\" href=\"https:\/\/www.vom-elbhochufer.de\/?page_id=1045\"><span class=\"screen-reader-text\">Durial<\/span> weiterlesen<\/a><\/p>\n","protected":false},"author":1,"featured_media":0,"parent":991,"menu_order":0,"comment_status":"closed","ping_status":"open","template":"","meta":{"footnotes":""},"class_list":["post-1045","page","type-page","status-publish","hentry","entry"],"_links":{"self":[{"href":"https:\/\/www.vom-elbhochufer.de\/index.php?rest_route=\/wp\/v2\/pages\/1045","targetHints":{"allow":["GET"]}}],"collection":[{"href":"https:\/\/www.vom-elbhochufer.de\/index.php?rest_route=\/wp\/v2\/pages"}],"about":[{"href":"https:\/\/www.vom-elbhochufer.de\/index.php?rest_route=\/wp\/v2\/types\/page"}],"author":[{"embeddable":true,"href":"https:\/\/www.vom-elbhochufer.de\/index.php?rest_route=\/wp\/v2\/users\/1"}],"replies":[{"embeddable":true,"href":"https:\/\/www.vom-elbhochufer.de\/index.php?rest_route=%2Fwp%2Fv2%2Fcomments&post=1045"}],"version-history":[{"count":4,"href":"https:\/\/www.vom-elbhochufer.de\/index.php?rest_route=\/wp\/v2\/pages\/1045\/revisions"}],"predecessor-version":[{"id":1138,"href":"https:\/\/www.vom-elbhochufer.de\/index.php?rest_route=\/wp\/v2\/pages\/1045\/revisions\/1138"}],"up":[{"embeddable":true,"href":"https:\/\/www.vom-elbhochufer.de\/index.php?rest_route=\/wp\/v2\/pages\/991"}],"wp:attachment":[{"href":"https:\/\/www.vom-elbhochufer.de\/index.php?rest_route=%2Fwp%2Fv2%2Fmedia&parent=1045"}],"curies":[{"name":"wp","href":"https:\/\/api.w.org\/{rel}","templated":true}]}}