{"id":1053,"date":"2015-01-06T14:07:25","date_gmt":"2015-01-06T12:07:25","guid":{"rendered":"http:\/\/www.vom-elbhochufer.de\/?page_id=1053"},"modified":"2016-09-11T16:36:28","modified_gmt":"2016-09-11T15:36:28","slug":"darach","status":"publish","type":"page","link":"https:\/\/www.vom-elbhochufer.de\/?page_id=1053","title":{"rendered":"Darach"},"content":{"rendered":"<h3>Darach vom Elbhochufer<a href=\"http:\/\/www.vom-elbhochufer.de\/wp-content\/uploads\/2015\/01\/DSC_7733b.jpg\"><img loading=\"lazy\" decoding=\"async\" class=\"alignright size-medium wp-image-1054\" src=\"http:\/\/www.vom-elbhochufer.de\/wp-content\/uploads\/2015\/01\/DSC_7733b-207x300.jpg\" alt=\"DSC_7733b\" width=\"207\" height=\"300\" srcset=\"https:\/\/www.vom-elbhochufer.de\/wp-content\/uploads\/2015\/01\/DSC_7733b-207x300.jpg 207w, https:\/\/www.vom-elbhochufer.de\/wp-content\/uploads\/2015\/01\/DSC_7733b.jpg 588w\" sizes=\"auto, (max-width: 207px) 100vw, 207px\" \/><\/a><\/h3>\n<h5><strong>Britisch Langhaar<\/strong><\/h5>\n<h6>*13.10.2014<\/h6>\n<h6>Farbe: white (orange eyed)<br \/>\n(wahrscheinlich gen. blue, tr\u00e4gt evtl. chocolate)<\/h6>\n<p>Darach hat zwei kleine blaue Genflecke, die schon fast ganz verschwunden sind. Er entwickelt sich sch\u00f6n gleichm\u00e4\u00dfig uns sieht jetzt schon toll aus. Er hat griffiges Baubyfell mit langen Granharen, so dass er manchmal aussieht als ob er statisch aufgeladen ist, was wirklich superniedlich aussieht. Er hat auch dicke Pfoten, so dass er wahrscheinlich ein gro\u00dfer Kater werden wird. Darach liegt gerne auf dem R\u00fccken und l\u00e4sst sich den Bauch streicheln. Er gibt K\u00f6pfchen und genie\u00dft es gekrault zu werden. Au\u00dferdem ist er sehr mutig und l\u00e4sst sich kaum aus der Ruhe bringen, aber wenn Spielzeug oder ein Br\u00fcderchen zum Raufen in der N\u00e4he sind, ist es mit der Gelassenheit vorbei&#8230;<\/p>\n<p>Darach ist vergeben und mit seinem Bruder Durial nach Hamburg umgezogen.<br \/>\n[nggallery id=45]<\/p>\n","protected":false},"excerpt":{"rendered":"<p>Darach vom Elbhochufer Britisch Langhaar *13.10.2014 Farbe: white (orange eyed) (wahrscheinlich gen. blue, tr\u00e4gt evtl. chocolate) Darach hat zwei kleine blaue Genflecke, die schon fast ganz verschwunden sind. Er entwickelt sich sch\u00f6n gleichm\u00e4\u00dfig uns sieht jetzt schon toll aus. Er hat griffiges Baubyfell mit langen Granharen, so dass er manchmal aussieht als ob er statisch&hellip; <a class=\"more-link\" href=\"https:\/\/www.vom-elbhochufer.de\/?page_id=1053\"><span class=\"screen-reader-text\">Darach<\/span> weiterlesen<\/a><\/p>\n","protected":false},"author":1,"featured_media":0,"parent":991,"menu_order":0,"comment_status":"closed","ping_status":"open","template":"","meta":{"footnotes":""},"class_list":["post-1053","page","type-page","status-publish","hentry","entry"],"_links":{"self":[{"href":"https:\/\/www.vom-elbhochufer.de\/index.php?rest_route=\/wp\/v2\/pages\/1053","targetHints":{"allow":["GET"]}}],"collection":[{"href":"https:\/\/www.vom-elbhochufer.de\/index.php?rest_route=\/wp\/v2\/pages"}],"about":[{"href":"https:\/\/www.vom-elbhochufer.de\/index.php?rest_route=\/wp\/v2\/types\/page"}],"author":[{"embeddable":true,"href":"https:\/\/www.vom-elbhochufer.de\/index.php?rest_route=\/wp\/v2\/users\/1"}],"replies":[{"embeddable":true,"href":"https:\/\/www.vom-elbhochufer.de\/index.php?rest_route=%2Fwp%2Fv2%2Fcomments&post=1053"}],"version-history":[{"count":6,"href":"https:\/\/www.vom-elbhochufer.de\/index.php?rest_route=\/wp\/v2\/pages\/1053\/revisions"}],"predecessor-version":[{"id":1260,"href":"https:\/\/www.vom-elbhochufer.de\/index.php?rest_route=\/wp\/v2\/pages\/1053\/revisions\/1260"}],"up":[{"embeddable":true,"href":"https:\/\/www.vom-elbhochufer.de\/index.php?rest_route=\/wp\/v2\/pages\/991"}],"wp:attachment":[{"href":"https:\/\/www.vom-elbhochufer.de\/index.php?rest_route=%2Fwp%2Fv2%2Fmedia&parent=1053"}],"curies":[{"name":"wp","href":"https:\/\/api.w.org\/{rel}","templated":true}]}}