{"id":1089,"date":"2015-01-24T21:22:09","date_gmt":"2015-01-24T19:22:09","guid":{"rendered":"http:\/\/www.vom-elbhochufer.de\/?page_id=1089"},"modified":"2015-10-03T10:59:29","modified_gmt":"2015-10-03T08:59:29","slug":"elmar-vom-elbhochufer","status":"publish","type":"page","link":"https:\/\/www.vom-elbhochufer.de\/?page_id=1089","title":{"rendered":"Einar vom Elbhochufer"},"content":{"rendered":"<h3>Einar vom Elbhochufer<a href=\"http:\/\/www.vom-elbhochufer.de\/wp-content\/uploads\/2015\/01\/red1.jpg\"><img loading=\"lazy\" decoding=\"async\" class=\"alignright size-medium wp-image-1091\" src=\"http:\/\/www.vom-elbhochufer.de\/wp-content\/uploads\/2015\/01\/red1-300x199.jpg\" alt=\"red1\" width=\"300\" height=\"199\" srcset=\"https:\/\/www.vom-elbhochufer.de\/wp-content\/uploads\/2015\/01\/red1-300x199.jpg 300w, https:\/\/www.vom-elbhochufer.de\/wp-content\/uploads\/2015\/01\/red1-1024x681.jpg 1024w, https:\/\/www.vom-elbhochufer.de\/wp-content\/uploads\/2015\/01\/red1.jpg 1566w\" sizes=\"auto, (max-width: 300px) 100vw, 300px\" \/><\/a><\/h3>\n<h5><strong>Britisch Kurzhaar<\/strong><\/h5>\n<h6>*26.11.2014<\/h6>\n<h6>Farbe: red \/rot<br \/>\n(tr\u00e4gt chocolate und Verd\u00fcnnung)<\/h6>\n<p>Einar, manchmal auch Emil gerufen, ist ein zuckers\u00fc\u00dfer, roter Kater. Er zeigt recht viel Geisterzeichnung und hat sch\u00f6nes, griffiges Babyfell. Er hat gro\u00dfe Kulleraugen und dicke Pfoten. Einar ist sehr mutig, spielt und tobt mit den gro\u00dfen und gleichaltrigen Geschwistern.<\/p>\n<p>Einar hat bereits ein neues Zuhause gefunden und ist mit seinem Bruder zusammen zu einer netten Familie in Hamburg umgezogen.<br \/>\n[nggallery id=..]<\/p>\n","protected":false},"excerpt":{"rendered":"<p>Einar vom Elbhochufer Britisch Kurzhaar *26.11.2014 Farbe: red \/rot (tr\u00e4gt chocolate und Verd\u00fcnnung) Einar, manchmal auch Emil gerufen, ist ein zuckers\u00fc\u00dfer, roter Kater. Er zeigt recht viel Geisterzeichnung und hat sch\u00f6nes, griffiges Babyfell. Er hat gro\u00dfe Kulleraugen und dicke Pfoten. Einar ist sehr mutig, spielt und tobt mit den gro\u00dfen und gleichaltrigen Geschwistern. Einar hat&hellip; <a class=\"more-link\" href=\"https:\/\/www.vom-elbhochufer.de\/?page_id=1089\"><span class=\"screen-reader-text\">Einar vom Elbhochufer<\/span> weiterlesen<\/a><\/p>\n","protected":false},"author":1,"featured_media":0,"parent":1069,"menu_order":0,"comment_status":"closed","ping_status":"open","template":"","meta":{"footnotes":""},"class_list":["post-1089","page","type-page","status-publish","hentry","entry"],"_links":{"self":[{"href":"https:\/\/www.vom-elbhochufer.de\/index.php?rest_route=\/wp\/v2\/pages\/1089","targetHints":{"allow":["GET"]}}],"collection":[{"href":"https:\/\/www.vom-elbhochufer.de\/index.php?rest_route=\/wp\/v2\/pages"}],"about":[{"href":"https:\/\/www.vom-elbhochufer.de\/index.php?rest_route=\/wp\/v2\/types\/page"}],"author":[{"embeddable":true,"href":"https:\/\/www.vom-elbhochufer.de\/index.php?rest_route=\/wp\/v2\/users\/1"}],"replies":[{"embeddable":true,"href":"https:\/\/www.vom-elbhochufer.de\/index.php?rest_route=%2Fwp%2Fv2%2Fcomments&post=1089"}],"version-history":[{"count":6,"href":"https:\/\/www.vom-elbhochufer.de\/index.php?rest_route=\/wp\/v2\/pages\/1089\/revisions"}],"predecessor-version":[{"id":1140,"href":"https:\/\/www.vom-elbhochufer.de\/index.php?rest_route=\/wp\/v2\/pages\/1089\/revisions\/1140"}],"up":[{"embeddable":true,"href":"https:\/\/www.vom-elbhochufer.de\/index.php?rest_route=\/wp\/v2\/pages\/1069"}],"wp:attachment":[{"href":"https:\/\/www.vom-elbhochufer.de\/index.php?rest_route=%2Fwp%2Fv2%2Fmedia&parent=1089"}],"curies":[{"name":"wp","href":"https:\/\/api.w.org\/{rel}","templated":true}]}}