{"id":1099,"date":"2015-01-24T21:32:27","date_gmt":"2015-01-24T19:32:27","guid":{"rendered":"http:\/\/www.vom-elbhochufer.de\/?page_id=1099"},"modified":"2015-10-03T10:58:13","modified_gmt":"2015-10-03T08:58:13","slug":"eila-vom-elbhochufer","status":"publish","type":"page","link":"https:\/\/www.vom-elbhochufer.de\/?page_id=1099","title":{"rendered":"Eila vom Elbhochufer"},"content":{"rendered":"<h3>Eila vom Elbhochufer<a href=\"http:\/\/www.vom-elbhochufer.de\/wp-content\/uploads\/2015\/01\/ewurf2.jpg\"><img loading=\"lazy\" decoding=\"async\" class=\"alignright size-medium wp-image-1100\" src=\"http:\/\/www.vom-elbhochufer.de\/wp-content\/uploads\/2015\/01\/ewurf2-300x195.jpg\" alt=\"ewurf2\" width=\"300\" height=\"195\" srcset=\"https:\/\/www.vom-elbhochufer.de\/wp-content\/uploads\/2015\/01\/ewurf2-300x195.jpg 300w, https:\/\/www.vom-elbhochufer.de\/wp-content\/uploads\/2015\/01\/ewurf2-1024x667.jpg 1024w, https:\/\/www.vom-elbhochufer.de\/wp-content\/uploads\/2015\/01\/ewurf2.jpg 1613w\" sizes=\"auto, (max-width: 300px) 100vw, 300px\" \/><\/a><\/h3>\n<h5><strong>Britisch Kurzhaar<\/strong><\/h5>\n<h6>*26.11.2014<\/h6>\n<h6>Farbe: lilac<\/h6>\n<p>Eila, das einzige M\u00e4dchen unter all den Katern im D- und E-Wurf, ist einfach nur zauberhaft. Sie hat einen h\u00fcbschen Kopf mit kleinen Ohren, ihr Fell ist griffig. Sie sieht einfach nur zuckers\u00fc\u00df aus. Eila spielt und tobt mit den gro\u00dfen und gleichaltrigen Br\u00fcdern und kennt dabei kein Halten.<\/p>\n<p>Eila hat ihre neuen Katzeneltern schon gefunden und zu einem Britenm\u00e4dchen nach Hamburg gezogen.<br \/>\n[nggallery id=..]<\/p>\n","protected":false},"excerpt":{"rendered":"<p>Eila vom Elbhochufer Britisch Kurzhaar *26.11.2014 Farbe: lilac Eila, das einzige M\u00e4dchen unter all den Katern im D- und E-Wurf, ist einfach nur zauberhaft. Sie hat einen h\u00fcbschen Kopf mit kleinen Ohren, ihr Fell ist griffig. Sie sieht einfach nur zuckers\u00fc\u00df aus. Eila spielt und tobt mit den gro\u00dfen und gleichaltrigen Br\u00fcdern und kennt dabei&hellip; <a class=\"more-link\" href=\"https:\/\/www.vom-elbhochufer.de\/?page_id=1099\"><span class=\"screen-reader-text\">Eila vom Elbhochufer<\/span> weiterlesen<\/a><\/p>\n","protected":false},"author":1,"featured_media":0,"parent":1069,"menu_order":0,"comment_status":"closed","ping_status":"open","template":"","meta":{"footnotes":""},"class_list":["post-1099","page","type-page","status-publish","hentry","entry"],"_links":{"self":[{"href":"https:\/\/www.vom-elbhochufer.de\/index.php?rest_route=\/wp\/v2\/pages\/1099","targetHints":{"allow":["GET"]}}],"collection":[{"href":"https:\/\/www.vom-elbhochufer.de\/index.php?rest_route=\/wp\/v2\/pages"}],"about":[{"href":"https:\/\/www.vom-elbhochufer.de\/index.php?rest_route=\/wp\/v2\/types\/page"}],"author":[{"embeddable":true,"href":"https:\/\/www.vom-elbhochufer.de\/index.php?rest_route=\/wp\/v2\/users\/1"}],"replies":[{"embeddable":true,"href":"https:\/\/www.vom-elbhochufer.de\/index.php?rest_route=%2Fwp%2Fv2%2Fcomments&post=1099"}],"version-history":[{"count":3,"href":"https:\/\/www.vom-elbhochufer.de\/index.php?rest_route=\/wp\/v2\/pages\/1099\/revisions"}],"predecessor-version":[{"id":1139,"href":"https:\/\/www.vom-elbhochufer.de\/index.php?rest_route=\/wp\/v2\/pages\/1099\/revisions\/1139"}],"up":[{"embeddable":true,"href":"https:\/\/www.vom-elbhochufer.de\/index.php?rest_route=\/wp\/v2\/pages\/1069"}],"wp:attachment":[{"href":"https:\/\/www.vom-elbhochufer.de\/index.php?rest_route=%2Fwp%2Fv2%2Fmedia&parent=1099"}],"curies":[{"name":"wp","href":"https:\/\/api.w.org\/{rel}","templated":true}]}}