{"id":1148,"date":"2016-03-19T19:15:15","date_gmt":"2016-03-19T18:15:15","guid":{"rendered":"http:\/\/www.vom-elbhochufer.de\/?page_id=1148"},"modified":"2018-02-22T17:22:35","modified_gmt":"2018-02-22T16:22:35","slug":"zuchtziele","status":"publish","type":"page","link":"https:\/\/www.vom-elbhochufer.de\/?page_id=1148","title":{"rendered":"Zuchtziele"},"content":{"rendered":"<h3><a href=\"http:\/\/www.vom-elbhochufer.de\/wp-content\/uploads\/2014\/09\/vire5.jpg\" rel=\"attachment wp-att-296\"><img loading=\"lazy\" decoding=\"async\" class=\"size-medium wp-image-296 alignright\" src=\"http:\/\/www.vom-elbhochufer.de\/wp-content\/uploads\/2014\/09\/vire5-283x300.jpg\" alt=\"vire5\" width=\"283\" height=\"300\" srcset=\"https:\/\/www.vom-elbhochufer.de\/wp-content\/uploads\/2014\/09\/vire5-283x300.jpg 283w, https:\/\/www.vom-elbhochufer.de\/wp-content\/uploads\/2014\/09\/vire5.jpg 378w\" sizes=\"auto, (max-width: 283px) 100vw, 283px\" \/><\/a>Zuchtziele<\/h3>\n<p>Jeder verantwortungsvolle Z\u00fcchter macht sich viele Gedanken, was denn die Ziele sind die er\/sie verfolgt. Man tr\u00e4gt ja Verantwortung f\u00fcr seine Tiere und die Nachzucht, aber auch f\u00fcr die Rasse an sich, wenn die eigene Nachzucht einen anderen Zwinger bereichern soll.<\/p>\n<p>Mir ist es sehr wichtig, freundliche und wesensfeste Tiere zu z\u00fcchten. Sie sollen menschenbezogen sein, aber auch vertr\u00e4glich mit Artgenossen. Ich m\u00f6chte nur gut sozialisierte und gesunde Tiere abgeben.<br \/>\nNat\u00fcrlich sollen sie dem Rassestandart entsprechen, gro\u00df und st\u00e4mmig sein mit sch\u00f6n durchgef\u00e4rbtem Fell. Sie sollen ein freundliches, offenes Gesicht haben.<\/p>\n<p>Besonders wichtig ist f\u00fcr mich eine sch\u00f6ne orangene Augenfarbe, die harmonisch zum Fell passt, gut durchgef\u00e4rbt ist und keinesfalls w\u00e4sserig wirkt.\u00a0Seid ich meine Viktoria das erste Mal sah, habe ich mich in die Farbe schwarz verliebt, besonders in Kontrast mit kupferfarbenen Augen ist sie wundersch\u00f6n!<a href=\"http:\/\/www.vom-elbhochufer.de\/wp-content\/uploads\/2014\/08\/katzen4.jpg\" rel=\"attachment wp-att-43\"><img loading=\"lazy\" decoding=\"async\" class=\"size-full wp-image-43 alignleft\" src=\"http:\/\/www.vom-elbhochufer.de\/wp-content\/uploads\/2014\/08\/katzen4.jpg\" alt=\"katzen4\" width=\"159\" height=\"166\" \/><\/a><\/p>\n<p><i>Farbe<\/i>: au\u00dferdem hat es mir die Farbe <i>wei\u00df<\/i> angetan. Die kleinen Schneefl\u00f6ckchen sind leider recht selten, obwohl sie wahre Sch\u00f6nheiten sind. Die Zucht reinwei\u00dfer Katzen, deren Farbe durch das W-Gen bedingt ist, ist in Deutschland einigen Restriktionen unterworfen um zu verhindern, dass taube Tiere geboren -oder gar zur Zucht eingesetzt- werden. <a href=\"http:\/\/www.vom-elbhochufer.de\/wp-content\/uploads\/2014\/11\/ceara.jpg\" rel=\"attachment wp-att-975\"><img loading=\"lazy\" decoding=\"async\" class=\"size-medium wp-image-975 alignright\" src=\"http:\/\/www.vom-elbhochufer.de\/wp-content\/uploads\/2014\/11\/ceara-300x200.jpg\" alt=\"ceara\" width=\"300\" height=\"200\" srcset=\"https:\/\/www.vom-elbhochufer.de\/wp-content\/uploads\/2014\/11\/ceara-300x200.jpg 300w, https:\/\/www.vom-elbhochufer.de\/wp-content\/uploads\/2014\/11\/ceara-1024x682.jpg 1024w\" sizes=\"auto, (max-width: 300px) 100vw, 300px\" \/><\/a>Alle meine wei\u00dfen Tiere sind selbstverst\u00e4ndlich Audiometrie-getestet und h\u00f6rend.<\/p>\n<p>&nbsp;<\/p>\n<p>Gl\u00fccklicherweise hat &#8222;Wuschel&#8220; meinen Mann\u00a0 von langhaarigen Briten \u00fcberzeugt; sie ist ja aber auch ein K\u00e4tzchen zum Verlieben&#8230; Somit werden auch immer wieder Britisch Langhaar bei uns das Licht der Welt erblicken.<\/p>\n","protected":false},"excerpt":{"rendered":"<p>Zuchtziele Jeder verantwortungsvolle Z\u00fcchter macht sich viele Gedanken, was denn die Ziele sind die er\/sie verfolgt. Man tr\u00e4gt ja Verantwortung f\u00fcr seine Tiere und die Nachzucht, aber auch f\u00fcr die Rasse an sich, wenn die eigene Nachzucht einen anderen Zwinger bereichern soll. Mir ist es sehr wichtig, freundliche und wesensfeste Tiere zu z\u00fcchten. Sie sollen&hellip; <a class=\"more-link\" href=\"https:\/\/www.vom-elbhochufer.de\/?page_id=1148\"><span class=\"screen-reader-text\">Zuchtziele<\/span> weiterlesen<\/a><\/p>\n","protected":false},"author":1,"featured_media":0,"parent":318,"menu_order":3,"comment_status":"closed","ping_status":"closed","template":"","meta":{"footnotes":""},"class_list":["post-1148","page","type-page","status-publish","hentry","entry"],"_links":{"self":[{"href":"https:\/\/www.vom-elbhochufer.de\/index.php?rest_route=\/wp\/v2\/pages\/1148","targetHints":{"allow":["GET"]}}],"collection":[{"href":"https:\/\/www.vom-elbhochufer.de\/index.php?rest_route=\/wp\/v2\/pages"}],"about":[{"href":"https:\/\/www.vom-elbhochufer.de\/index.php?rest_route=\/wp\/v2\/types\/page"}],"author":[{"embeddable":true,"href":"https:\/\/www.vom-elbhochufer.de\/index.php?rest_route=\/wp\/v2\/users\/1"}],"replies":[{"embeddable":true,"href":"https:\/\/www.vom-elbhochufer.de\/index.php?rest_route=%2Fwp%2Fv2%2Fcomments&post=1148"}],"version-history":[{"count":7,"href":"https:\/\/www.vom-elbhochufer.de\/index.php?rest_route=\/wp\/v2\/pages\/1148\/revisions"}],"predecessor-version":[{"id":1400,"href":"https:\/\/www.vom-elbhochufer.de\/index.php?rest_route=\/wp\/v2\/pages\/1148\/revisions\/1400"}],"up":[{"embeddable":true,"href":"https:\/\/www.vom-elbhochufer.de\/index.php?rest_route=\/wp\/v2\/pages\/318"}],"wp:attachment":[{"href":"https:\/\/www.vom-elbhochufer.de\/index.php?rest_route=%2Fwp%2Fv2%2Fmedia&parent=1148"}],"curies":[{"name":"wp","href":"https:\/\/api.w.org\/{rel}","templated":true}]}}