{"id":1183,"date":"2016-08-16T15:18:14","date_gmt":"2016-08-16T14:18:14","guid":{"rendered":"http:\/\/www.vom-elbhochufer.de\/?page_id=1183"},"modified":"2016-11-24T20:23:19","modified_gmt":"2016-11-24T19:23:19","slug":"f-wurf","status":"publish","type":"page","link":"https:\/\/www.vom-elbhochufer.de\/?page_id=1183","title":{"rendered":"F-Wurf"},"content":{"rendered":"<h3>unser F-Wurf ~vom Elbhochufer~!<\/h3>\n<p>*24.07.2016<\/p>\n<p><a href=\"http:\/\/www.vom-elbhochufer.de\/wp-content\/uploads\/2016\/08\/Yaris-vom-blauen-Saphir.jpg\"><img loading=\"lazy\" decoding=\"async\" class=\"alignleft wp-image-1195 size-medium\" src=\"http:\/\/www.vom-elbhochufer.de\/wp-content\/uploads\/2016\/08\/Yaris-vom-blauen-Saphir-300x199.jpg\" alt=\"Yaris vom blauen Saphir\" width=\"300\" height=\"199\" srcset=\"https:\/\/www.vom-elbhochufer.de\/wp-content\/uploads\/2016\/08\/Yaris-vom-blauen-Saphir-300x199.jpg 300w, https:\/\/www.vom-elbhochufer.de\/wp-content\/uploads\/2016\/08\/Yaris-vom-blauen-Saphir-768x509.jpg 768w, https:\/\/www.vom-elbhochufer.de\/wp-content\/uploads\/2016\/08\/Yaris-vom-blauen-Saphir-1024x678.jpg 1024w\" sizes=\"auto, (max-width: 300px) 100vw, 300px\" \/><\/a><a href=\"http:\/\/www.vom-elbhochufer.de\/wp-content\/uploads\/2014\/11\/Alida_vom-Elbhochufer.jpg\"><img loading=\"lazy\" decoding=\"async\" class=\"alignright wp-image-994 size-medium\" src=\"http:\/\/www.vom-elbhochufer.de\/wp-content\/uploads\/2014\/11\/Alida_vom-Elbhochufer-300x225.jpg\" alt=\"Alida_vom-Elbhochufer\" width=\"300\" height=\"225\" srcset=\"https:\/\/www.vom-elbhochufer.de\/wp-content\/uploads\/2014\/11\/Alida_vom-Elbhochufer-300x225.jpg 300w, https:\/\/www.vom-elbhochufer.de\/wp-content\/uploads\/2014\/11\/Alida_vom-Elbhochufer.jpg 533w\" sizes=\"auto, (max-width: 300px) 100vw, 300px\" \/><\/a><\/p>\n<table style=\"border-width: 0px; border-collapse: collapse;\" border=\"0\" width=\"683\" cellspacing=\"0\">\n<tbody>\n<tr>\n<td style=\"text-align: left;\" align=\"center\" width=\"103\" height=\"18\"><strong>World Ch. Yaris vom blauen Saphir\u00a0\u00a0\u00a0\u00a0\u00a0 &amp;<br \/>\n<\/strong><\/td>\n<td style=\"text-align: left;\" align=\"center\" width=\"105\" height=\"18\"><strong>Euro Ch. Alida vom Elbhochufer<\/strong><\/td>\n<\/tr>\n<tr>\n<td style=\"text-align: left;\" align=\"center\" width=\"103\" height=\"18\">BKH in der Farbe: black<br \/>\nPKD\u00a0 negativ<br \/>\nHCM negativ<br \/>\nBlutgruppe A<\/td>\n<td style=\"text-align: left;\" align=\"center\" width=\"105\" height=\"18\">BLH in der Farbe white\/orange eyed<br \/>\nPKD Gentest negativ<br \/>\nHCM negativ<br \/>\nBlutgruppe A\/b<\/td>\n<\/tr>\n<\/tbody>\n<\/table>\n<p>Yaris ist ein traumhafter schwarzer Kater aus der Cattery &#8222;vom blauen Saphier&#8220; im Besitz von Familie K\u00f6lzer. Er hat sehr kurzes und toll durchgef\u00e4rbtes Fell.<br \/>\nNach einer problemlosen Geburt freue ich mich, \u00fcber 5 zauberhafte Katzenbabys. Endlich hat mir Wuschel meinen Wunsch erf\u00fcllt: lange habe ich auf ein M\u00e4dchen gewartet und jetzt sind es sogar gleich drei auf einmal.<\/p>\n<table style=\"border-width: 1px; border-collapse: collapse;\" border=\"1\" width=\"683\" cellspacing=\"0\">\n<tbody>\n<tr>\n<td align=\"center\" width=\"103\" height=\"18\">\n<p style=\"text-align: center;\"><b>Name<\/b><\/p>\n<\/td>\n<td align=\"center\" width=\"105\" height=\"18\">\n<p style=\"text-align: center;\"><strong>Geschlecht<\/strong><\/p>\n<\/td>\n<td align=\"center\" width=\"196\" height=\"18\">\n<p style=\"text-align: center;\"><strong>Farbe<\/strong><\/p>\n<\/td>\n<td align=\"center\" width=\"92\" height=\"18\">\n<p style=\"text-align: center;\"><b>BKH\/BLH<\/b><\/p>\n<\/td>\n<td style=\"text-align: center;\" align=\"center\" width=\"173\" height=\"18\"><b>Status<\/b><\/td>\n<\/tr>\n<tr>\n<td style=\"text-align: center;\" align=\"center\" width=\"103\" height=\"18\"><a href=\"http:\/\/www.vom-elbhochufer.de\/?page_id=1279\">Fenris<\/a><\/td>\n<td style=\"text-align: center;\" align=\"center\" width=\"105\" height=\"18\">m<\/td>\n<td style=\"text-align: center;\" align=\"center\" width=\"196\" height=\"18\">\u00a0rot<\/td>\n<td style=\"text-align: center;\" align=\"center\" width=\"92\" height=\"18\">Kurzhaar<\/td>\n<td style=\"text-align: center;\" align=\"center\" width=\"173\" height=\"18\">vergeben<\/td>\n<\/tr>\n<tr>\n<td style=\"text-align: center;\" align=\"center\" width=\"103\" height=\"18\"><a href=\"http:\/\/www.vom-elbhochufer.de\/?page_id=1270\">Fiete<\/a><\/td>\n<td style=\"text-align: center;\" align=\"center\" width=\"105\" height=\"18\">m<\/td>\n<td style=\"text-align: center;\" align=\"center\" width=\"196\" height=\"18\">\u00a0blau<\/td>\n<td style=\"text-align: center;\" align=\"center\" width=\"92\" height=\"18\">Kurzhaar<\/td>\n<td style=\"text-align: center;\" align=\"center\" width=\"173\" height=\"18\">vergeben<\/td>\n<\/tr>\n<tr>\n<td style=\"text-align: center;\" align=\"center\" width=\"103\" height=\"18\"><a href=\"http:\/\/www.vom-elbhochufer.de\/?page_id=1261\">Ferun<\/a><\/td>\n<td style=\"text-align: center;\" align=\"center\" width=\"105\" height=\"18\">w<\/td>\n<td style=\"text-align: center;\" align=\"center\" width=\"196\" height=\"18\">blue tortie<\/td>\n<td style=\"text-align: center;\" align=\"center\" width=\"92\" height=\"18\">Kurzhaar<\/td>\n<td style=\"text-align: center;\" align=\"center\" width=\"173\" height=\"18\">vergeben<\/td>\n<\/tr>\n<tr>\n<td style=\"text-align: center;\" align=\"center\" width=\"103\" height=\"18\"><a href=\"http:\/\/www.vom-elbhochufer.de\/?page_id=1266\">\u00a0Fortuna<\/a><\/td>\n<td style=\"text-align: center;\" align=\"center\" width=\"105\" height=\"18\">w<\/td>\n<td style=\"text-align: center;\" align=\"center\" width=\"196\" height=\"18\">chocolate tortie<\/td>\n<td style=\"text-align: center;\" align=\"center\" width=\"92\" height=\"18\">Kurzhaar<\/td>\n<td style=\"text-align: center;\" align=\"center\" width=\"173\" height=\"18\">vergeben<\/td>\n<\/tr>\n<tr>\n<td style=\"text-align: center;\" align=\"center\" width=\"103\" height=\"18\"><a href=\"http:\/\/www.vom-elbhochufer.de\/?page_id=1255\">\u00a0Freya<\/a><\/td>\n<td style=\"text-align: center;\" align=\"center\" width=\"105\" height=\"18\">w<\/td>\n<td style=\"text-align: center;\" align=\"center\" width=\"196\" height=\"18\">black tortie<\/td>\n<td style=\"text-align: center;\" align=\"center\" width=\"92\" height=\"18\">Kurzhaar<\/td>\n<td style=\"text-align: center;\" align=\"center\" width=\"173\" height=\"18\">vergeben<\/td>\n<\/tr>\n<\/tbody>\n<\/table>\n<h6>F\u00fcr kurze Portraits unserer Kitten, bitte auf den entsprechenden Namen in der Tabelle klicken.<\/h6>\n<p>[nggallery id=47]<\/p>\n<h5>und hier folgt nun der Stammbaum unseres F-Wurfes:<\/h5>\n<table style=\"height: 261px;\" width=\"694\">\n<tbody>\n<tr>\n<td rowspan=\"4\" width=\"195\">Gr. Ch. Int.<br \/>\nAlida vom Elbhochufer<br \/>\nFarbe: white\/orange eyed<\/td>\n<td rowspan=\"2\" width=\"189\">Eur. Ch. Xandra vom Audeichhof<\/td>\n<td width=\"308\">Eur. Ch. Don Camillo vom Audeichhof<\/td>\n<\/tr>\n<tr>\n<td width=\"308\">Samti von Minzow<\/td>\n<\/tr>\n<tr>\n<td rowspan=\"2\" width=\"189\">World Ch. Willibald von der bunten Stadt<\/td>\n<td width=\"308\">King von der bunten Stadt<\/td>\n<\/tr>\n<tr>\n<td width=\"308\">Leonie von der bunten Stadt<\/td>\n<\/tr>\n<tr>\n<td rowspan=\"4\" width=\"195\">World.Ch.Yaris vom blauen Saphir<br \/>\nFarbe: black<\/td>\n<td rowspan=\"2\" width=\"189\">Euro.Ch<br \/>\nQuerkopf vom blauen Saphir<\/td>\n<td width=\"308\">Euro.Ch.Damian von Waltprugele<\/td>\n<\/tr>\n<tr>\n<td width=\"308\">Euro.Ch. Extase vom blauen Sapfir<\/td>\n<\/tr>\n<tr>\n<td rowspan=\"2\" width=\"189\">Gr.Int.Ch.<br \/>\nHappyness vom blauen Saphir<\/td>\n<td width=\"308\">World. Ch. Kaba vom blauen Saphir<\/td>\n<\/tr>\n<tr>\n<td width=\"308\">Jamie-Lee of Mill Mountain<\/td>\n<\/tr>\n<\/tbody>\n<\/table>\n","protected":false},"excerpt":{"rendered":"<p>unser F-Wurf ~vom Elbhochufer~! *24.07.2016 World Ch. Yaris vom blauen Saphir\u00a0\u00a0\u00a0\u00a0\u00a0 &amp; Euro Ch. Alida vom Elbhochufer BKH in der Farbe: black PKD\u00a0 negativ HCM negativ Blutgruppe A BLH in der Farbe white\/orange eyed PKD Gentest negativ HCM negativ Blutgruppe A\/b Yaris ist ein traumhafter schwarzer Kater aus der Cattery &#8222;vom blauen Saphier&#8220; im Besitz&hellip; <a class=\"more-link\" href=\"https:\/\/www.vom-elbhochufer.de\/?page_id=1183\"><span class=\"screen-reader-text\">F-Wurf<\/span> weiterlesen<\/a><\/p>\n","protected":false},"author":1,"featured_media":0,"parent":387,"menu_order":0,"comment_status":"closed","ping_status":"closed","template":"","meta":{"footnotes":""},"class_list":["post-1183","page","type-page","status-publish","hentry","entry"],"_links":{"self":[{"href":"https:\/\/www.vom-elbhochufer.de\/index.php?rest_route=\/wp\/v2\/pages\/1183","targetHints":{"allow":["GET"]}}],"collection":[{"href":"https:\/\/www.vom-elbhochufer.de\/index.php?rest_route=\/wp\/v2\/pages"}],"about":[{"href":"https:\/\/www.vom-elbhochufer.de\/index.php?rest_route=\/wp\/v2\/types\/page"}],"author":[{"embeddable":true,"href":"https:\/\/www.vom-elbhochufer.de\/index.php?rest_route=\/wp\/v2\/users\/1"}],"replies":[{"embeddable":true,"href":"https:\/\/www.vom-elbhochufer.de\/index.php?rest_route=%2Fwp%2Fv2%2Fcomments&post=1183"}],"version-history":[{"count":10,"href":"https:\/\/www.vom-elbhochufer.de\/index.php?rest_route=\/wp\/v2\/pages\/1183\/revisions"}],"predecessor-version":[{"id":1331,"href":"https:\/\/www.vom-elbhochufer.de\/index.php?rest_route=\/wp\/v2\/pages\/1183\/revisions\/1331"}],"up":[{"embeddable":true,"href":"https:\/\/www.vom-elbhochufer.de\/index.php?rest_route=\/wp\/v2\/pages\/387"}],"wp:attachment":[{"href":"https:\/\/www.vom-elbhochufer.de\/index.php?rest_route=%2Fwp%2Fv2%2Fmedia&parent=1183"}],"curies":[{"name":"wp","href":"https:\/\/api.w.org\/{rel}","templated":true}]}}