{"id":1261,"date":"2016-09-11T16:50:13","date_gmt":"2016-09-11T15:50:13","guid":{"rendered":"http:\/\/www.vom-elbhochufer.de\/?page_id=1261"},"modified":"2016-09-29T17:49:52","modified_gmt":"2016-09-29T16:49:52","slug":"ferun-vom-elbhochufer","status":"publish","type":"page","link":"https:\/\/www.vom-elbhochufer.de\/?page_id=1261","title":{"rendered":"Ferun vom Elbhochufer"},"content":{"rendered":"<h3 style=\"text-align: left;\">Ferun vom Elbhochufer<a href=\"http:\/\/www.vom-elbhochufer.de\/wp-content\/uploads\/2016\/09\/fwurfbtbc.jpg\"><img loading=\"lazy\" decoding=\"async\" class=\"size-medium wp-image-1263 alignright\" src=\"http:\/\/www.vom-elbhochufer.de\/wp-content\/uploads\/2016\/09\/fwurfbtbc-261x300.jpg\" alt=\"fwurfbtbc\" width=\"261\" height=\"300\" srcset=\"https:\/\/www.vom-elbhochufer.de\/wp-content\/uploads\/2016\/09\/fwurfbtbc-261x300.jpg 261w, https:\/\/www.vom-elbhochufer.de\/wp-content\/uploads\/2016\/09\/fwurfbtbc.jpg 480w\" sizes=\"auto, (max-width: 261px) 100vw, 261px\" \/><\/a><\/h3>\n<h5><strong>Britisch Kurzhaar<\/strong><\/h5>\n<h6>*24.07.2016<\/h6>\n<h6>Farbe: blue-tortie (blau schildpatt)<br \/>\n(tr\u00e4gt evtl. chocolate)<\/h6>\n<p>Ferun bedeutet &#8222;die Freude schenkende&#8220;. Sie ist eine ganz bezaubernde kleine Katze. Sie spielt und tobt viel mit ihren Geschwistern. Ferun ist frech und mutig. Sie l\u00e4sst sich auch von einem Kater, der 10x so viel wiegt wie sie selber, ihr Spielzeug nicht streitig machen. Wenn man sich hinsetzt kommt sie auf den Scho\u00df geklettert <a href=\"http:\/\/www.vom-elbhochufer.de\/wp-content\/uploads\/2016\/09\/fwurfbc.jpg\"><img loading=\"lazy\" decoding=\"async\" class=\"alignleft size-medium wp-image-1262\" src=\"http:\/\/www.vom-elbhochufer.de\/wp-content\/uploads\/2016\/09\/fwurfbc-279x300.jpg\" alt=\"fwurfbc\" width=\"279\" height=\"300\" srcset=\"https:\/\/www.vom-elbhochufer.de\/wp-content\/uploads\/2016\/09\/fwurfbc-279x300.jpg 279w, https:\/\/www.vom-elbhochufer.de\/wp-content\/uploads\/2016\/09\/fwurfbc.jpg 480w\" sizes=\"auto, (max-width: 279px) 100vw, 279px\" \/><\/a>um sich kraulen zu lassen oder mit den Fingern zu &#8222;k\u00e4mpen&#8220;&#8230;\u00a0 Sie genie\u00dft es aber auch mit Geschwistern oder Menschen zu kuscheln.<\/p>\n<p>Ferun&#8217;s Gesicht ist rund und offen, mit einem kleinen cremefarbenen Fleck auf der Stirn und einem auf den Schnurrhaarkissen. Au\u00dferdem hat sie eine cremefarbene Schwanzspitze und creme S\u00f6ckchen. Ihr Fell ist gut durchgef\u00e4rbt, kurz und griffig. <a href=\"http:\/\/www.vom-elbhochufer.de\/wp-content\/uploads\/2016\/08\/DSC_0056.jpg\"><img loading=\"lazy\" decoding=\"async\" class=\"size-medium wp-image-1202 alignright\" src=\"http:\/\/www.vom-elbhochufer.de\/wp-content\/uploads\/2016\/08\/DSC_0056-238x300.jpg\" alt=\"DSC_0056\" width=\"238\" height=\"300\" srcset=\"https:\/\/www.vom-elbhochufer.de\/wp-content\/uploads\/2016\/08\/DSC_0056-238x300.jpg 238w, https:\/\/www.vom-elbhochufer.de\/wp-content\/uploads\/2016\/08\/DSC_0056.jpg 720w\" sizes=\"auto, (max-width: 238px) 100vw, 238px\" \/><\/a><\/p>\n<p>Dieses tolle &#8222;T\u00f6rtchen&#8220; hat bereits neue Katzeneltern gefunden.<\/p>\n<p>&nbsp;<\/p>\n","protected":false},"excerpt":{"rendered":"<p>Ferun vom Elbhochufer Britisch Kurzhaar *24.07.2016 Farbe: blue-tortie (blau schildpatt) (tr\u00e4gt evtl. chocolate) Ferun bedeutet &#8222;die Freude schenkende&#8220;. Sie ist eine ganz bezaubernde kleine Katze. Sie spielt und tobt viel mit ihren Geschwistern. Ferun ist frech und mutig. Sie l\u00e4sst sich auch von einem Kater, der 10x so viel wiegt wie sie selber, ihr Spielzeug&hellip; <a class=\"more-link\" href=\"https:\/\/www.vom-elbhochufer.de\/?page_id=1261\"><span class=\"screen-reader-text\">Ferun vom Elbhochufer<\/span> weiterlesen<\/a><\/p>\n","protected":false},"author":1,"featured_media":0,"parent":1183,"menu_order":0,"comment_status":"closed","ping_status":"closed","template":"","meta":{"footnotes":""},"class_list":["post-1261","page","type-page","status-publish","hentry","entry"],"_links":{"self":[{"href":"https:\/\/www.vom-elbhochufer.de\/index.php?rest_route=\/wp\/v2\/pages\/1261","targetHints":{"allow":["GET"]}}],"collection":[{"href":"https:\/\/www.vom-elbhochufer.de\/index.php?rest_route=\/wp\/v2\/pages"}],"about":[{"href":"https:\/\/www.vom-elbhochufer.de\/index.php?rest_route=\/wp\/v2\/types\/page"}],"author":[{"embeddable":true,"href":"https:\/\/www.vom-elbhochufer.de\/index.php?rest_route=\/wp\/v2\/users\/1"}],"replies":[{"embeddable":true,"href":"https:\/\/www.vom-elbhochufer.de\/index.php?rest_route=%2Fwp%2Fv2%2Fcomments&post=1261"}],"version-history":[{"count":3,"href":"https:\/\/www.vom-elbhochufer.de\/index.php?rest_route=\/wp\/v2\/pages\/1261\/revisions"}],"predecessor-version":[{"id":1289,"href":"https:\/\/www.vom-elbhochufer.de\/index.php?rest_route=\/wp\/v2\/pages\/1261\/revisions\/1289"}],"up":[{"embeddable":true,"href":"https:\/\/www.vom-elbhochufer.de\/index.php?rest_route=\/wp\/v2\/pages\/1183"}],"wp:attachment":[{"href":"https:\/\/www.vom-elbhochufer.de\/index.php?rest_route=%2Fwp%2Fv2%2Fmedia&parent=1261"}],"curies":[{"name":"wp","href":"https:\/\/api.w.org\/{rel}","templated":true}]}}