{"id":1266,"date":"2016-09-11T16:59:29","date_gmt":"2016-09-11T15:59:29","guid":{"rendered":"http:\/\/www.vom-elbhochufer.de\/?page_id=1266"},"modified":"2016-09-29T17:47:42","modified_gmt":"2016-09-29T16:47:42","slug":"fortuna-vom-elbhochufer","status":"publish","type":"page","link":"https:\/\/www.vom-elbhochufer.de\/?page_id=1266","title":{"rendered":"Fortuna vom Elbhochufer"},"content":{"rendered":"<h3 style=\"text-align: left;\">Fortuna vom Elbhochufer<a href=\"http:\/\/www.vom-elbhochufer.de\/wp-content\/uploads\/2016\/08\/DSC_0089.jpg\"><img loading=\"lazy\" decoding=\"async\" class=\"size-medium wp-image-1207 alignright\" src=\"http:\/\/www.vom-elbhochufer.de\/wp-content\/uploads\/2016\/08\/DSC_0089-300x222.jpg\" alt=\"DSC_0089\" width=\"300\" height=\"222\" srcset=\"https:\/\/www.vom-elbhochufer.de\/wp-content\/uploads\/2016\/08\/DSC_0089-300x222.jpg 300w, https:\/\/www.vom-elbhochufer.de\/wp-content\/uploads\/2016\/08\/DSC_0089-768x569.jpg 768w, https:\/\/www.vom-elbhochufer.de\/wp-content\/uploads\/2016\/08\/DSC_0089.jpg 968w\" sizes=\"auto, (max-width: 300px) 100vw, 300px\" \/><\/a><\/h3>\n<h5><strong>Britisch Kurzhaar<\/strong><\/h5>\n<h6>*24.07.2016<\/h6>\n<h6>Farbe: chocolate-tortie (schokoladenfarbene schildpatt)<br \/>\n(tr\u00e4gt Verd\u00fcnnung)<\/h6>\n<p>Fortuna, &#8222;die Gl\u00fcck bringende&#8220;, f\u00e4llt durch ihre tolle Farbverteilung auf. Ihr Gesicht ist rund und offen, mit einem kleinen Ohren und gro\u00dfen Kulleraugen.\u00a0 \u00a0Ihr Fell ist gut durchgef\u00e4rbt, kurz und griffig. Sie spielt und tobt viel mit ihren Geschwistern und ist eigentlich immer auf Achse. Fortuna zu fotografieren ist wirklich schwierig, weil sie alles erkunden will und nicht still sitzen bleibt. Sobald man sich hinsetzt kommt sie auf den Scho\u00df <a href=\"http:\/\/www.vom-elbhochufer.de\/wp-content\/uploads\/2016\/08\/DSC_0080.jpg\"><img loading=\"lazy\" decoding=\"async\" class=\"alignleft size-medium wp-image-1206\" src=\"http:\/\/www.vom-elbhochufer.de\/wp-content\/uploads\/2016\/08\/DSC_0080-300x242.jpg\" alt=\"DSC_0080\" width=\"300\" height=\"242\" srcset=\"https:\/\/www.vom-elbhochufer.de\/wp-content\/uploads\/2016\/08\/DSC_0080-300x242.jpg 300w, https:\/\/www.vom-elbhochufer.de\/wp-content\/uploads\/2016\/08\/DSC_0080-768x618.jpg 768w, https:\/\/www.vom-elbhochufer.de\/wp-content\/uploads\/2016\/08\/DSC_0080-1024x825.jpg 1024w, https:\/\/www.vom-elbhochufer.de\/wp-content\/uploads\/2016\/08\/DSC_0080.jpg 1150w\" sizes=\"auto, (max-width: 300px) 100vw, 300px\" \/><\/a>geklettert um sich kraulen zu lassen oder mit den Fingern zu &#8222;k\u00e4mpen&#8220;&#8230; Sie genie\u00dft es aber auch mit Geschwistern oder Menschen zu kuscheln.<a href=\"http:\/\/www.vom-elbhochufer.de\/wp-content\/uploads\/2016\/08\/DSC_0093.jpg\"><img loading=\"lazy\" decoding=\"async\" class=\"size-medium wp-image-1208 alignright\" src=\"http:\/\/www.vom-elbhochufer.de\/wp-content\/uploads\/2016\/08\/DSC_0093-300x199.jpg\" alt=\"DSC_0093\" width=\"300\" height=\"199\" srcset=\"https:\/\/www.vom-elbhochufer.de\/wp-content\/uploads\/2016\/08\/DSC_0093-300x199.jpg 300w, https:\/\/www.vom-elbhochufer.de\/wp-content\/uploads\/2016\/08\/DSC_0093-768x510.jpg 768w, https:\/\/www.vom-elbhochufer.de\/wp-content\/uploads\/2016\/08\/DSC_0093.jpg 963w\" sizes=\"auto, (max-width: 300px) 100vw, 300px\" \/><\/a><\/p>\n<p>&nbsp;<\/p>\n<p>Fortuna ist bereits vergeben!<\/p>\n","protected":false},"excerpt":{"rendered":"<p>Fortuna vom Elbhochufer Britisch Kurzhaar *24.07.2016 Farbe: chocolate-tortie (schokoladenfarbene schildpatt) (tr\u00e4gt Verd\u00fcnnung) Fortuna, &#8222;die Gl\u00fcck bringende&#8220;, f\u00e4llt durch ihre tolle Farbverteilung auf. Ihr Gesicht ist rund und offen, mit einem kleinen Ohren und gro\u00dfen Kulleraugen.\u00a0 \u00a0Ihr Fell ist gut durchgef\u00e4rbt, kurz und griffig. Sie spielt und tobt viel mit ihren Geschwistern und ist eigentlich immer&hellip; <a class=\"more-link\" href=\"https:\/\/www.vom-elbhochufer.de\/?page_id=1266\"><span class=\"screen-reader-text\">Fortuna vom Elbhochufer<\/span> weiterlesen<\/a><\/p>\n","protected":false},"author":1,"featured_media":0,"parent":1183,"menu_order":0,"comment_status":"closed","ping_status":"closed","template":"","meta":{"footnotes":""},"class_list":["post-1266","page","type-page","status-publish","hentry","entry"],"_links":{"self":[{"href":"https:\/\/www.vom-elbhochufer.de\/index.php?rest_route=\/wp\/v2\/pages\/1266","targetHints":{"allow":["GET"]}}],"collection":[{"href":"https:\/\/www.vom-elbhochufer.de\/index.php?rest_route=\/wp\/v2\/pages"}],"about":[{"href":"https:\/\/www.vom-elbhochufer.de\/index.php?rest_route=\/wp\/v2\/types\/page"}],"author":[{"embeddable":true,"href":"https:\/\/www.vom-elbhochufer.de\/index.php?rest_route=\/wp\/v2\/users\/1"}],"replies":[{"embeddable":true,"href":"https:\/\/www.vom-elbhochufer.de\/index.php?rest_route=%2Fwp%2Fv2%2Fcomments&post=1266"}],"version-history":[{"count":1,"href":"https:\/\/www.vom-elbhochufer.de\/index.php?rest_route=\/wp\/v2\/pages\/1266\/revisions"}],"predecessor-version":[{"id":1267,"href":"https:\/\/www.vom-elbhochufer.de\/index.php?rest_route=\/wp\/v2\/pages\/1266\/revisions\/1267"}],"up":[{"embeddable":true,"href":"https:\/\/www.vom-elbhochufer.de\/index.php?rest_route=\/wp\/v2\/pages\/1183"}],"wp:attachment":[{"href":"https:\/\/www.vom-elbhochufer.de\/index.php?rest_route=%2Fwp%2Fv2%2Fmedia&parent=1266"}],"curies":[{"name":"wp","href":"https:\/\/api.w.org\/{rel}","templated":true}]}}