{"id":1270,"date":"2016-09-11T17:11:48","date_gmt":"2016-09-11T16:11:48","guid":{"rendered":"http:\/\/www.vom-elbhochufer.de\/?page_id=1270"},"modified":"2016-09-11T17:12:08","modified_gmt":"2016-09-11T16:12:08","slug":"fiete-vom-elbhochufer","status":"publish","type":"page","link":"https:\/\/www.vom-elbhochufer.de\/?page_id=1270","title":{"rendered":"Fiete vom Elbhochufer"},"content":{"rendered":"<h3 style=\"text-align: left;\">Fiete vom Elbhochufer<a href=\"http:\/\/www.vom-elbhochufer.de\/wp-content\/uploads\/2016\/09\/fwurfb.jpg\"><img loading=\"lazy\" decoding=\"async\" class=\"alignright wp-image-1271 size-medium\" src=\"http:\/\/www.vom-elbhochufer.de\/wp-content\/uploads\/2016\/09\/fwurfb-e1473610290507-300x277.jpg\" alt=\"fwurfb\" width=\"300\" height=\"277\" srcset=\"https:\/\/www.vom-elbhochufer.de\/wp-content\/uploads\/2016\/09\/fwurfb-e1473610290507-300x277.jpg 300w, https:\/\/www.vom-elbhochufer.de\/wp-content\/uploads\/2016\/09\/fwurfb-e1473610290507.jpg 519w\" sizes=\"auto, (max-width: 300px) 100vw, 300px\" \/><\/a><\/h3>\n<h5><strong>Britisch Kurzhaar<\/strong><\/h5>\n<h6>*24.07.2016<\/h6>\n<h6>Farbe: blue<br \/>\n(tr\u00e4gt Verd\u00fcnnung und evtl. chocolate)<\/h6>\n<p>Das blaue Katerchen in diesem Wurf kuschelt schon wie ein Gro\u00dfer. Er l\u00e4sst sich liebend gerne kraulen und schl\u00e4ft dabei auch oft auf dem Arm ein. Aber wenn Freya oder Ferun an ihm vorbei hoppeln, <a href=\"http:\/\/www.vom-elbhochufer.de\/wp-content\/uploads\/2016\/08\/DSC_0130.jpg\"><img loading=\"lazy\" decoding=\"async\" class=\"alignleft wp-image-1212 size-medium\" src=\"http:\/\/www.vom-elbhochufer.de\/wp-content\/uploads\/2016\/08\/DSC_0130-300x218.jpg\" width=\"300\" height=\"218\" srcset=\"https:\/\/www.vom-elbhochufer.de\/wp-content\/uploads\/2016\/08\/DSC_0130-300x218.jpg 300w, https:\/\/www.vom-elbhochufer.de\/wp-content\/uploads\/2016\/08\/DSC_0130-768x559.jpg 768w, https:\/\/www.vom-elbhochufer.de\/wp-content\/uploads\/2016\/08\/DSC_0130.jpg 992w\" sizes=\"auto, (max-width: 300px) 100vw, 300px\" \/><\/a>dann kennt er kein Halten mehr und tobt hinterher. Er spielt gerne mit einem Sisal-Ball, der etwa halb so gro\u00df ist, wie er zur Zeit.<\/p>\n<p>Fiete hat sch\u00f6ne runde Augen und kleine Ohren, sein Fell ist gut durchgef\u00e4rbt, kurz und griffig.<\/p>\n<p>Dieser junge Mann ist bereit vergeben. Sobald er so weit ist zieht er in ein liebevolles Zuhause mit Katzengesellschaft.<\/p>\n<p>&nbsp;<\/p>\n","protected":false},"excerpt":{"rendered":"<p>Fiete vom Elbhochufer Britisch Kurzhaar *24.07.2016 Farbe: blue (tr\u00e4gt Verd\u00fcnnung und evtl. chocolate) Das blaue Katerchen in diesem Wurf kuschelt schon wie ein Gro\u00dfer. Er l\u00e4sst sich liebend gerne kraulen und schl\u00e4ft dabei auch oft auf dem Arm ein. Aber wenn Freya oder Ferun an ihm vorbei hoppeln, dann kennt er kein Halten mehr und&hellip; <a class=\"more-link\" href=\"https:\/\/www.vom-elbhochufer.de\/?page_id=1270\"><span class=\"screen-reader-text\">Fiete vom Elbhochufer<\/span> weiterlesen<\/a><\/p>\n","protected":false},"author":1,"featured_media":0,"parent":1183,"menu_order":0,"comment_status":"closed","ping_status":"closed","template":"","meta":{"footnotes":""},"class_list":["post-1270","page","type-page","status-publish","hentry","entry"],"_links":{"self":[{"href":"https:\/\/www.vom-elbhochufer.de\/index.php?rest_route=\/wp\/v2\/pages\/1270","targetHints":{"allow":["GET"]}}],"collection":[{"href":"https:\/\/www.vom-elbhochufer.de\/index.php?rest_route=\/wp\/v2\/pages"}],"about":[{"href":"https:\/\/www.vom-elbhochufer.de\/index.php?rest_route=\/wp\/v2\/types\/page"}],"author":[{"embeddable":true,"href":"https:\/\/www.vom-elbhochufer.de\/index.php?rest_route=\/wp\/v2\/users\/1"}],"replies":[{"embeddable":true,"href":"https:\/\/www.vom-elbhochufer.de\/index.php?rest_route=%2Fwp%2Fv2%2Fcomments&post=1270"}],"version-history":[{"count":2,"href":"https:\/\/www.vom-elbhochufer.de\/index.php?rest_route=\/wp\/v2\/pages\/1270\/revisions"}],"predecessor-version":[{"id":1274,"href":"https:\/\/www.vom-elbhochufer.de\/index.php?rest_route=\/wp\/v2\/pages\/1270\/revisions\/1274"}],"up":[{"embeddable":true,"href":"https:\/\/www.vom-elbhochufer.de\/index.php?rest_route=\/wp\/v2\/pages\/1183"}],"wp:attachment":[{"href":"https:\/\/www.vom-elbhochufer.de\/index.php?rest_route=%2Fwp%2Fv2%2Fmedia&parent=1270"}],"curies":[{"name":"wp","href":"https:\/\/api.w.org\/{rel}","templated":true}]}}