{"id":1295,"date":"2016-10-20T20:57:15","date_gmt":"2016-10-20T19:57:15","guid":{"rendered":"http:\/\/www.vom-elbhochufer.de\/?page_id=1295"},"modified":"2016-11-01T11:08:44","modified_gmt":"2016-11-01T10:08:44","slug":"gawain-vom-elbhochufer","status":"publish","type":"page","link":"https:\/\/www.vom-elbhochufer.de\/?page_id=1295","title":{"rendered":"Gawain vom Elbhochufer"},"content":{"rendered":"<h3 style=\"text-align: left;\"><a href=\"http:\/\/www.vom-elbhochufer.de\/wp-content\/uploads\/2016\/10\/gawain3.jpg\"><img loading=\"lazy\" decoding=\"async\" class=\"size-medium wp-image-1297 alignright\" src=\"http:\/\/www.vom-elbhochufer.de\/wp-content\/uploads\/2016\/10\/gawain3-300x242.jpg\" alt=\"gawain3\" width=\"300\" height=\"242\" srcset=\"https:\/\/www.vom-elbhochufer.de\/wp-content\/uploads\/2016\/10\/gawain3-300x242.jpg 300w, https:\/\/www.vom-elbhochufer.de\/wp-content\/uploads\/2016\/10\/gawain3-768x619.jpg 768w, https:\/\/www.vom-elbhochufer.de\/wp-content\/uploads\/2016\/10\/gawain3.jpg 958w\" sizes=\"auto, (max-width: 300px) 100vw, 300px\" \/><\/a>Gawain vom Elbhochufer<\/h3>\n<h5><strong>Britisch Kurzhaar Kater<br \/>\n<\/strong><\/h5>\n<h6>*05.08.2016<\/h6>\n<h6>Farbe: white\/orange eyes (wei\u00df mit orangefarbenen Augen)<br \/>\n(genetisch blau tr\u00e4gt Langhaar)<\/h6>\n<p>Gawain ist nach dem Helden aus der Artus Saage benannt und er ist, wie sein Namensvetter, ein frecher und verspielter kleiner Kerl. Er kuschelt aber auch viel und gern. Wenn man sich hinsetzt kommt er auf den Scho\u00df geklettert um sich kraulen zu lassen bis er einschl\u00e4ft oder mit den Fingern zu &#8222;k\u00e4mpen&#8220;&#8230; <a href=\"http:\/\/www.vom-elbhochufer.de\/wp-content\/uploads\/2016\/10\/gawain2-e1476992896324.jpg\"><img loading=\"lazy\" decoding=\"async\" class=\"alignleft size-medium wp-image-1296\" src=\"http:\/\/www.vom-elbhochufer.de\/wp-content\/uploads\/2016\/10\/gawain2-e1476992896324-267x300.jpg\" alt=\"gawain2\" width=\"267\" height=\"300\" srcset=\"https:\/\/www.vom-elbhochufer.de\/wp-content\/uploads\/2016\/10\/gawain2-e1476992896324-267x300.jpg 267w, https:\/\/www.vom-elbhochufer.de\/wp-content\/uploads\/2016\/10\/gawain2-e1476992896324-768x862.jpg 768w, https:\/\/www.vom-elbhochufer.de\/wp-content\/uploads\/2016\/10\/gawain2-e1476992896324.jpg 800w\" sizes=\"auto, (max-width: 267px) 100vw, 267px\" \/><\/a>Er ist ein sozialer kleiner Kater, der gut mit allen Katzen klar kommt -egal ob jung oder alt.<\/p>\n<p>Gawain&#8217;s Gesicht ist rund mit gro\u00dfen Kulleraugen.\u00a0 Er hat noch gut ausgepr\u00e4gte Schnurrhaarkissen. Sein Fell ist schneewei\u00df mit einem blauen Genfleck auf dem Kopf, der aber mit der Zeit verblassen wird. Er hat einen kurzen, dicken Schwanz und dicke Pfoten.<\/p>\n<p style=\"text-align: left;\"><a href=\"http:\/\/www.vom-elbhochufer.de\/wp-content\/uploads\/2016\/10\/DSC_0562-e1476993332236.jpg\"><img loading=\"lazy\" decoding=\"async\" class=\"size-medium wp-image-1301 alignright\" src=\"http:\/\/www.vom-elbhochufer.de\/wp-content\/uploads\/2016\/10\/DSC_0562-e1476993320116-300x250.jpg\" alt=\"dsc_0562\" width=\"300\" height=\"250\" \/><\/a>Dieser kleine &#8222;Schneemann&#8220; sucht neue Katzeneltern, die ihn nach Strich und Faden verw\u00f6hnen.<\/p>\n<p>&nbsp;<\/p>\n","protected":false},"excerpt":{"rendered":"<p>Gawain vom Elbhochufer Britisch Kurzhaar Kater *05.08.2016 Farbe: white\/orange eyes (wei\u00df mit orangefarbenen Augen) (genetisch blau tr\u00e4gt Langhaar) Gawain ist nach dem Helden aus der Artus Saage benannt und er ist, wie sein Namensvetter, ein frecher und verspielter kleiner Kerl. Er kuschelt aber auch viel und gern. Wenn man sich hinsetzt kommt er auf den&hellip; <a class=\"more-link\" href=\"https:\/\/www.vom-elbhochufer.de\/?page_id=1295\"><span class=\"screen-reader-text\">Gawain vom Elbhochufer<\/span> weiterlesen<\/a><\/p>\n","protected":false},"author":1,"featured_media":0,"parent":1193,"menu_order":0,"comment_status":"closed","ping_status":"closed","template":"","meta":{"footnotes":""},"class_list":["post-1295","page","type-page","status-publish","hentry","entry"],"_links":{"self":[{"href":"https:\/\/www.vom-elbhochufer.de\/index.php?rest_route=\/wp\/v2\/pages\/1295","targetHints":{"allow":["GET"]}}],"collection":[{"href":"https:\/\/www.vom-elbhochufer.de\/index.php?rest_route=\/wp\/v2\/pages"}],"about":[{"href":"https:\/\/www.vom-elbhochufer.de\/index.php?rest_route=\/wp\/v2\/types\/page"}],"author":[{"embeddable":true,"href":"https:\/\/www.vom-elbhochufer.de\/index.php?rest_route=\/wp\/v2\/users\/1"}],"replies":[{"embeddable":true,"href":"https:\/\/www.vom-elbhochufer.de\/index.php?rest_route=%2Fwp%2Fv2%2Fcomments&post=1295"}],"version-history":[{"count":4,"href":"https:\/\/www.vom-elbhochufer.de\/index.php?rest_route=\/wp\/v2\/pages\/1295\/revisions"}],"predecessor-version":[{"id":1312,"href":"https:\/\/www.vom-elbhochufer.de\/index.php?rest_route=\/wp\/v2\/pages\/1295\/revisions\/1312"}],"up":[{"embeddable":true,"href":"https:\/\/www.vom-elbhochufer.de\/index.php?rest_route=\/wp\/v2\/pages\/1193"}],"wp:attachment":[{"href":"https:\/\/www.vom-elbhochufer.de\/index.php?rest_route=%2Fwp%2Fv2%2Fmedia&parent=1295"}],"curies":[{"name":"wp","href":"https:\/\/api.w.org\/{rel}","templated":true}]}}