{"id":1311,"date":"2016-11-01T10:57:28","date_gmt":"2016-11-01T09:57:28","guid":{"rendered":"http:\/\/www.vom-elbhochufer.de\/?page_id=1311"},"modified":"2017-02-13T19:20:37","modified_gmt":"2017-02-13T18:20:37","slug":"1311-2","status":"publish","type":"page","link":"https:\/\/www.vom-elbhochufer.de\/?page_id=1311","title":{"rendered":"Garvenia vom Elbhochufer ~Fl\u00f6ckchen~"},"content":{"rendered":"<h3 style=\"text-align: left;\">Garvenia vom Elbhochufer<br \/>\n~Fl\u00f6ckchen~<a href=\"http:\/\/www.vom-elbhochufer.de\/wp-content\/uploads\/2016\/11\/DSC_0387.jpg\"><img loading=\"lazy\" decoding=\"async\" class=\"wp-image-1315 size-medium alignright\" src=\"http:\/\/www.vom-elbhochufer.de\/wp-content\/uploads\/2016\/11\/DSC_0387-300x220.jpg\" width=\"300\" height=\"220\" srcset=\"https:\/\/www.vom-elbhochufer.de\/wp-content\/uploads\/2016\/11\/DSC_0387-300x220.jpg 300w, https:\/\/www.vom-elbhochufer.de\/wp-content\/uploads\/2016\/11\/DSC_0387-768x563.jpg 768w, https:\/\/www.vom-elbhochufer.de\/wp-content\/uploads\/2016\/11\/DSC_0387.jpg 1000w\" sizes=\"auto, (max-width: 300px) 100vw, 300px\" \/><\/a><\/h3>\n<h5><strong>Britisch Kurzhaar Katze<br \/>\n<\/strong><\/h5>\n<h6>*05.08.2016<\/h6>\n<h6>Farbe: white\/orange eyes (wei\u00df mit orangefarbenen Augen)<br \/>\n(genetisch creme oder blau-creme tr\u00e4gt Langhaar)<\/h6>\n<p>Gl\u00f6ckchen ist eine sehr menschenbezogene Katze. Sie kuschelt viel und gern, auch wenn sie sich nicht gerne tragen l\u00e4sst. Wenn man sich hinsetzt kommt sie auf den Scho\u00df geklettert um mit den Fingern zu &#8222;k\u00e4mpen&#8220; oder sich kraulen zu lassen bis sie einschl\u00e4ft. Sie ist den gro\u00dfen Katzen gegen\u00fcber sehr h\u00f6flich und zur\u00fcckhaltend aber nich \u00e4ngstlich, was besonders Vicky sehr zu sch\u00e4tzen wei\u00df. Sie mag es n\u00e4mlich gar nicht, wenn die frechen kleinen Monsterchen mit ihrem Schwanz spielen.<\/p>\n<p>Gl\u00f6ckchen wird eine sehr typvolle Katze werden mit einem sch\u00f6nen runden Gesicht, gro\u00dfen augen, einem kurzen Schwanz und dichtem, griffigen Fell.<\/p>\n<p style=\"text-align: left;\">Unsere kleine &#8222;Schneeflocke&#8220; ist bereits vergeben.<\/p>\n<p>\u00a0[nggallery id=50]<\/p>\n","protected":false},"excerpt":{"rendered":"<p>Garvenia vom Elbhochufer ~Fl\u00f6ckchen~ Britisch Kurzhaar Katze *05.08.2016 Farbe: white\/orange eyes (wei\u00df mit orangefarbenen Augen) (genetisch creme oder blau-creme tr\u00e4gt Langhaar) Gl\u00f6ckchen ist eine sehr menschenbezogene Katze. Sie kuschelt viel und gern, auch wenn sie sich nicht gerne tragen l\u00e4sst. Wenn man sich hinsetzt kommt sie auf den Scho\u00df geklettert um mit den Fingern zu&hellip; <a class=\"more-link\" href=\"https:\/\/www.vom-elbhochufer.de\/?page_id=1311\"><span class=\"screen-reader-text\">Garvenia vom Elbhochufer ~Fl\u00f6ckchen~<\/span> weiterlesen<\/a><\/p>\n","protected":false},"author":1,"featured_media":0,"parent":1193,"menu_order":0,"comment_status":"closed","ping_status":"closed","template":"","meta":{"footnotes":""},"class_list":["post-1311","page","type-page","status-publish","hentry","entry"],"_links":{"self":[{"href":"https:\/\/www.vom-elbhochufer.de\/index.php?rest_route=\/wp\/v2\/pages\/1311","targetHints":{"allow":["GET"]}}],"collection":[{"href":"https:\/\/www.vom-elbhochufer.de\/index.php?rest_route=\/wp\/v2\/pages"}],"about":[{"href":"https:\/\/www.vom-elbhochufer.de\/index.php?rest_route=\/wp\/v2\/types\/page"}],"author":[{"embeddable":true,"href":"https:\/\/www.vom-elbhochufer.de\/index.php?rest_route=\/wp\/v2\/users\/1"}],"replies":[{"embeddable":true,"href":"https:\/\/www.vom-elbhochufer.de\/index.php?rest_route=%2Fwp%2Fv2%2Fcomments&post=1311"}],"version-history":[{"count":7,"href":"https:\/\/www.vom-elbhochufer.de\/index.php?rest_route=\/wp\/v2\/pages\/1311\/revisions"}],"predecessor-version":[{"id":1319,"href":"https:\/\/www.vom-elbhochufer.de\/index.php?rest_route=\/wp\/v2\/pages\/1311\/revisions\/1319"}],"up":[{"embeddable":true,"href":"https:\/\/www.vom-elbhochufer.de\/index.php?rest_route=\/wp\/v2\/pages\/1193"}],"wp:attachment":[{"href":"https:\/\/www.vom-elbhochufer.de\/index.php?rest_route=%2Fwp%2Fv2%2Fmedia&parent=1311"}],"curies":[{"name":"wp","href":"https:\/\/api.w.org\/{rel}","templated":true}]}}