{"id":1325,"date":"2016-11-04T19:25:41","date_gmt":"2016-11-04T18:25:41","guid":{"rendered":"http:\/\/www.vom-elbhochufer.de\/?page_id=1325"},"modified":"2016-11-04T20:01:14","modified_gmt":"2016-11-04T19:01:14","slug":"gismara-vom-elbhochufer","status":"publish","type":"page","link":"https:\/\/www.vom-elbhochufer.de\/?page_id=1325","title":{"rendered":"Gismara vom Elbhochufer"},"content":{"rendered":"<h3 style=\"text-align: left;\">Gismara vom Elbhochufer<a href=\"http:\/\/www.vom-elbhochufer.de\/wp-content\/uploads\/2016\/11\/gismara.jpg\"><img loading=\"lazy\" decoding=\"async\" class=\"wp-image-1326 size-medium alignright\" src=\"http:\/\/www.vom-elbhochufer.de\/wp-content\/uploads\/2016\/11\/gismara-214x300.jpg\" width=\"214\" height=\"300\" srcset=\"https:\/\/www.vom-elbhochufer.de\/wp-content\/uploads\/2016\/11\/gismara-214x300.jpg 214w, https:\/\/www.vom-elbhochufer.de\/wp-content\/uploads\/2016\/11\/gismara.jpg 644w\" sizes=\"auto, (max-width: 214px) 100vw, 214px\" \/><\/a><\/h3>\n<h5><strong>Britisch Kurzhaar Katze<br \/>\n<\/strong><\/h5>\n<h6>*05.08.2016<\/h6>\n<h6>Farbe: white\/orange eyes (wei\u00df mit orangefarbenen Augen)<br \/>\n(genetisch creme oder blau-creme tr\u00e4gt Langhaar)<\/h6>\n<p>Gismara, unsere kleine Schneeflocke, ist eine sehr soziale Katze. Sie kuschelt viel und gern mit ihren Geschwistern. Wenn man sich hinsetzt kommt sie auf den Scho\u00df geklettert um mit den Fingern zu &#8222;k\u00e4mpen&#8220; oder sich kraulen zu lassen bis sie einschl\u00e4ft. Gismara ist sehr verspielt und aktiv und tobt mit ihren Geschwistern durch die Wohnung.<\/p>\n<p>Gismara hat gro\u00dfe runde Augen, ein offenes rundes Gesicht und gut plazierte Ohren. Sie wird einmal eine sch\u00f6ne Katze mit dichtem, griffigen Fell.<\/p>\n<p style=\"text-align: left;\">Unser kleines &#8222;Eissternchen&#8220; sucht noch ein neues Zuhause.<\/p>\n<p>[nggallery id=51]<\/p>\n","protected":false},"excerpt":{"rendered":"<p>Gismara vom Elbhochufer Britisch Kurzhaar Katze *05.08.2016 Farbe: white\/orange eyes (wei\u00df mit orangefarbenen Augen) (genetisch creme oder blau-creme tr\u00e4gt Langhaar) Gismara, unsere kleine Schneeflocke, ist eine sehr soziale Katze. Sie kuschelt viel und gern mit ihren Geschwistern. Wenn man sich hinsetzt kommt sie auf den Scho\u00df geklettert um mit den Fingern zu &#8222;k\u00e4mpen&#8220; oder sich&hellip; <a class=\"more-link\" href=\"https:\/\/www.vom-elbhochufer.de\/?page_id=1325\"><span class=\"screen-reader-text\">Gismara vom Elbhochufer<\/span> weiterlesen<\/a><\/p>\n","protected":false},"author":1,"featured_media":0,"parent":1193,"menu_order":0,"comment_status":"closed","ping_status":"closed","template":"","meta":{"footnotes":""},"class_list":["post-1325","page","type-page","status-publish","hentry","entry"],"_links":{"self":[{"href":"https:\/\/www.vom-elbhochufer.de\/index.php?rest_route=\/wp\/v2\/pages\/1325","targetHints":{"allow":["GET"]}}],"collection":[{"href":"https:\/\/www.vom-elbhochufer.de\/index.php?rest_route=\/wp\/v2\/pages"}],"about":[{"href":"https:\/\/www.vom-elbhochufer.de\/index.php?rest_route=\/wp\/v2\/types\/page"}],"author":[{"embeddable":true,"href":"https:\/\/www.vom-elbhochufer.de\/index.php?rest_route=\/wp\/v2\/users\/1"}],"replies":[{"embeddable":true,"href":"https:\/\/www.vom-elbhochufer.de\/index.php?rest_route=%2Fwp%2Fv2%2Fcomments&post=1325"}],"version-history":[{"count":1,"href":"https:\/\/www.vom-elbhochufer.de\/index.php?rest_route=\/wp\/v2\/pages\/1325\/revisions"}],"predecessor-version":[{"id":1327,"href":"https:\/\/www.vom-elbhochufer.de\/index.php?rest_route=\/wp\/v2\/pages\/1325\/revisions\/1327"}],"up":[{"embeddable":true,"href":"https:\/\/www.vom-elbhochufer.de\/index.php?rest_route=\/wp\/v2\/pages\/1193"}],"wp:attachment":[{"href":"https:\/\/www.vom-elbhochufer.de\/index.php?rest_route=%2Fwp%2Fv2%2Fmedia&parent=1325"}],"curies":[{"name":"wp","href":"https:\/\/api.w.org\/{rel}","templated":true}]}}