{"id":1332,"date":"2016-11-04T21:20:41","date_gmt":"2016-11-04T20:20:41","guid":{"rendered":"http:\/\/www.vom-elbhochufer.de\/?page_id=1332"},"modified":"2017-02-12T16:00:20","modified_gmt":"2017-02-12T15:00:20","slug":"gwendolin-mini-me-vom-elbhochufer","status":"publish","type":"page","link":"https:\/\/www.vom-elbhochufer.de\/?page_id=1332","title":{"rendered":"Gwendolin Mini-Me vom Elbhochufer"},"content":{"rendered":"<h3 style=\"text-align: left;\">Gwendolin vom Elbhochufer<\/h3>\n<h3 style=\"text-align: left;\">\u223cMini-Me\u223c<a href=\"http:\/\/www.vom-elbhochufer.de\/wp-content\/uploads\/2016\/11\/mini-me.jpg\"><img loading=\"lazy\" decoding=\"async\" class=\"wp-image-1339 size-medium alignright\" src=\"http:\/\/www.vom-elbhochufer.de\/wp-content\/uploads\/2016\/11\/mini-me-300x265.jpg\" width=\"300\" height=\"265\" srcset=\"https:\/\/www.vom-elbhochufer.de\/wp-content\/uploads\/2016\/11\/mini-me-300x265.jpg 300w, https:\/\/www.vom-elbhochufer.de\/wp-content\/uploads\/2016\/11\/mini-me.jpg 680w\" sizes=\"auto, (max-width: 300px) 100vw, 300px\" \/><\/a><\/h3>\n<h5><strong>Britisch Kurzhaar Katze<br \/>\n<\/strong><\/h5>\n<h6>*05.08.2016<\/h6>\n<h6>Farbe: blau-creme \/ blue tortie,\u00a0 tr\u00e4gt Langhaar<\/h6>\n<p>Mini-Me ist einfach einziegartig! Sie ist extrem kuschelig. Entweder knuddelt sie mit einem Menschen oder mit einem ihrer Geschwister, die sie mit Hingabe putzt. Wenn man sich hinsetzt kommt sie auf den Scho\u00df geklettert, um mit den Fingern zu &#8222;k\u00e4mpen&#8220; oder sich kraulen zu lassen bis sie einschl\u00e4ft. Mini-Me kann auch eine freche kleine Diva sein, mit einem eigenen Kopf, aber man kann ihr nichts lange nachtragen, weil sie einfach nur zuckers\u00fc\u00df ist!<\/p>\n<p>Unsere kleine Maus spielt und tobt gerne mit ihren Geschwistern oder auch mit Federwedeln oder M\u00e4uschen. Mini-Me hat ein wundersch\u00f6nes Gesicht mit einer tollen Fabverteilung. Sie wird eine sehr typvolle Katze werden mit einem sch\u00f6nen runden Gesicht, s\u00fc\u00dfen Kulleraugen, einem kurzen Schwanz und dichtem, griffigen Fell.<\/p>\n<p style=\"text-align: left;\">Unsere kleine &#8222;Mini-Me&#8220; ist bereits vergeben und zu Liebevollen Katzeneltern umgezogen.<\/p>\n<p>[nggallery id=]<\/p>\n","protected":false},"excerpt":{"rendered":"<p>Gwendolin vom Elbhochufer \u223cMini-Me\u223c Britisch Kurzhaar Katze *05.08.2016 Farbe: blau-creme \/ blue tortie,\u00a0 tr\u00e4gt Langhaar Mini-Me ist einfach einziegartig! Sie ist extrem kuschelig. Entweder knuddelt sie mit einem Menschen oder mit einem ihrer Geschwister, die sie mit Hingabe putzt. Wenn man sich hinsetzt kommt sie auf den Scho\u00df geklettert, um mit den Fingern zu &#8222;k\u00e4mpen&#8220;&hellip; <a class=\"more-link\" href=\"https:\/\/www.vom-elbhochufer.de\/?page_id=1332\"><span class=\"screen-reader-text\">Gwendolin Mini-Me vom Elbhochufer<\/span> weiterlesen<\/a><\/p>\n","protected":false},"author":1,"featured_media":0,"parent":0,"menu_order":0,"comment_status":"closed","ping_status":"closed","template":"","meta":{"footnotes":""},"class_list":["post-1332","page","type-page","status-publish","hentry","entry"],"_links":{"self":[{"href":"https:\/\/www.vom-elbhochufer.de\/index.php?rest_route=\/wp\/v2\/pages\/1332","targetHints":{"allow":["GET"]}}],"collection":[{"href":"https:\/\/www.vom-elbhochufer.de\/index.php?rest_route=\/wp\/v2\/pages"}],"about":[{"href":"https:\/\/www.vom-elbhochufer.de\/index.php?rest_route=\/wp\/v2\/types\/page"}],"author":[{"embeddable":true,"href":"https:\/\/www.vom-elbhochufer.de\/index.php?rest_route=\/wp\/v2\/users\/1"}],"replies":[{"embeddable":true,"href":"https:\/\/www.vom-elbhochufer.de\/index.php?rest_route=%2Fwp%2Fv2%2Fcomments&post=1332"}],"version-history":[{"count":4,"href":"https:\/\/www.vom-elbhochufer.de\/index.php?rest_route=\/wp\/v2\/pages\/1332\/revisions"}],"predecessor-version":[{"id":1343,"href":"https:\/\/www.vom-elbhochufer.de\/index.php?rest_route=\/wp\/v2\/pages\/1332\/revisions\/1343"}],"wp:attachment":[{"href":"https:\/\/www.vom-elbhochufer.de\/index.php?rest_route=%2Fwp%2Fv2%2Fmedia&parent=1332"}],"curies":[{"name":"wp","href":"https:\/\/api.w.org\/{rel}","templated":true}]}}