{"id":1420,"date":"2018-02-25T15:13:26","date_gmt":"2018-02-25T14:13:26","guid":{"rendered":"http:\/\/www.vom-elbhochufer.de\/?page_id=1420"},"modified":"2018-02-25T15:15:11","modified_gmt":"2018-02-25T14:15:11","slug":"hermine","status":"publish","type":"page","link":"https:\/\/www.vom-elbhochufer.de\/?page_id=1420","title":{"rendered":"Hermine"},"content":{"rendered":"<h3>Hermine<a href=\"http:\/\/www.vom-elbhochufer.de\/wp-content\/uploads\/2018\/02\/DSC_0703_00002.jpg\"><img loading=\"lazy\" decoding=\"async\" class=\"wp-image-1421 alignright\" src=\"http:\/\/www.vom-elbhochufer.de\/wp-content\/uploads\/2018\/02\/DSC_0703_00002.jpg\" alt=\"\" width=\"193\" height=\"249\" srcset=\"https:\/\/www.vom-elbhochufer.de\/wp-content\/uploads\/2018\/02\/DSC_0703_00002.jpg 1880w, https:\/\/www.vom-elbhochufer.de\/wp-content\/uploads\/2018\/02\/DSC_0703_00002-233x300.jpg 233w, https:\/\/www.vom-elbhochufer.de\/wp-content\/uploads\/2018\/02\/DSC_0703_00002-768x990.jpg 768w, https:\/\/www.vom-elbhochufer.de\/wp-content\/uploads\/2018\/02\/DSC_0703_00002-794x1024.jpg 794w\" sizes=\"auto, (max-width: 193px) 100vw, 193px\" \/><\/a><\/h3>\n<h5>Britisch Kurzhaar Katze<\/h5>\n<h6>*09.12.2017<br \/>\nFarbe: black-tortie\/schwarz-rot Schildpatt<\/h6>\n<p>Hermine ist eine &#8222;tortie&#8220; wie sieim Buche steht: selbstbewusst und frech, manchmal auch ein bisschen zickig, aber einfach nur einzigartig sch\u00f6n. Sie tobt und spielt gern mit ihren Geschwistern und auch einer guten Rauferei ist sie meist nicht abgeneigt.<br \/>\nHermine ist au\u00dferdem furchtbar neugierig: sobald irgendeine T\u00fcr offen ist, muss sie ihren Kopf reinstecken und auf Erkundungstour gehen. Sie l\u00e4sst sich aber auch gerne kraulen und verw\u00f6hnen. Meistens kommt sie dazu einfach auf den Scho\u00df, aber wenn ihr de Weg zu weit ist, ruft sie auch einfach nur und wartet, dass jemand kommt und sich mit ihr besch\u00e4ftigt&#8230;.<br \/>\nHermine ist bereits vergeben, sie wird gemeinsam mit Holly ausziehen.<\/p>\n<div id='gallery-1' class='gallery galleryid-1420 gallery-columns-3 gallery-size-thumbnail'><figure class='gallery-item'>\n\t\t\t<div class='gallery-icon landscape'>\n\t\t\t\t<a href='https:\/\/www.vom-elbhochufer.de\/?attachment_id=1430'><img loading=\"lazy\" decoding=\"async\" width=\"150\" height=\"150\" src=\"https:\/\/www.vom-elbhochufer.de\/wp-content\/uploads\/2018\/02\/blacktortie4-150x150.jpg\" class=\"attachment-thumbnail size-thumbnail\" alt=\"\" style=\"width:100%;height:66.25%;max-width:3612px;\" \/><\/a>\n\t\t\t<\/div><\/figure><figure class='gallery-item'>\n\t\t\t<div class='gallery-icon landscape'>\n\t\t\t\t<a href='https:\/\/www.vom-elbhochufer.de\/?attachment_id=1429'><img loading=\"lazy\" decoding=\"async\" width=\"150\" height=\"150\" src=\"https:\/\/www.vom-elbhochufer.de\/wp-content\/uploads\/2018\/02\/blacktortie3-150x150.jpg\" class=\"attachment-thumbnail size-thumbnail\" alt=\"\" style=\"width:100%;height:66.26%;max-width:2792px;\" \/><\/a>\n\t\t\t<\/div><\/figure><figure class='gallery-item'>\n\t\t\t<div class='gallery-icon landscape'>\n\t\t\t\t<a href='https:\/\/www.vom-elbhochufer.de\/?attachment_id=1428'><img loading=\"lazy\" decoding=\"async\" width=\"150\" height=\"150\" src=\"https:\/\/www.vom-elbhochufer.de\/wp-content\/uploads\/2018\/02\/blacktortie2-150x150.jpg\" class=\"attachment-thumbnail size-thumbnail\" alt=\"\" style=\"width:100%;height:66.22%;max-width:3834px;\" \/><\/a>\n\t\t\t<\/div><\/figure><figure class='gallery-item'>\n\t\t\t<div class='gallery-icon landscape'>\n\t\t\t\t<a href='https:\/\/www.vom-elbhochufer.de\/?attachment_id=1426'><img loading=\"lazy\" decoding=\"async\" width=\"150\" height=\"150\" src=\"https:\/\/www.vom-elbhochufer.de\/wp-content\/uploads\/2018\/02\/blacktortie1-150x150.jpg\" class=\"attachment-thumbnail size-thumbnail\" alt=\"\" style=\"width:100%;height:66.23%;max-width:4928px;\" \/><\/a>\n\t\t\t<\/div><\/figure><figure class='gallery-item'>\n\t\t\t<div class='gallery-icon landscape'>\n\t\t\t\t<a href='https:\/\/www.vom-elbhochufer.de\/?attachment_id=1425'><img loading=\"lazy\" decoding=\"async\" width=\"150\" height=\"150\" src=\"https:\/\/www.vom-elbhochufer.de\/wp-content\/uploads\/2018\/02\/DSC_0660_00001-150x150.jpg\" class=\"attachment-thumbnail size-thumbnail\" alt=\"\" style=\"width:100%;height:66.23%;max-width:4928px;\" \/><\/a>\n\t\t\t<\/div><\/figure><figure class='gallery-item'>\n\t\t\t<div class='gallery-icon landscape'>\n\t\t\t\t<a href='https:\/\/www.vom-elbhochufer.de\/?attachment_id=1424'><img loading=\"lazy\" decoding=\"async\" width=\"150\" height=\"150\" src=\"https:\/\/www.vom-elbhochufer.de\/wp-content\/uploads\/2018\/02\/DSC_0654_00001-150x150.jpg\" class=\"attachment-thumbnail size-thumbnail\" alt=\"\" style=\"width:100%;height:66.23%;max-width:4928px;\" \/><\/a>\n\t\t\t<\/div><\/figure><figure class='gallery-item'>\n\t\t\t<div class='gallery-icon landscape'>\n\t\t\t\t<a href='https:\/\/www.vom-elbhochufer.de\/?attachment_id=1423'><img loading=\"lazy\" decoding=\"async\" width=\"150\" height=\"150\" src=\"https:\/\/www.vom-elbhochufer.de\/wp-content\/uploads\/2018\/02\/DSC_0711_00001-150x150.jpg\" class=\"attachment-thumbnail size-thumbnail\" alt=\"\" style=\"width:100%;height:74.19%;max-width:2580px;\" \/><\/a>\n\t\t\t<\/div><\/figure><figure class='gallery-item'>\n\t\t\t<div class='gallery-icon landscape'>\n\t\t\t\t<a href='https:\/\/www.vom-elbhochufer.de\/?attachment_id=1422'><img loading=\"lazy\" decoding=\"async\" width=\"150\" height=\"150\" src=\"https:\/\/www.vom-elbhochufer.de\/wp-content\/uploads\/2018\/02\/DSC_0708_00001-150x150.jpg\" class=\"attachment-thumbnail size-thumbnail\" alt=\"\" style=\"width:100%;height:56.68%;max-width:3906px;\" \/><\/a>\n\t\t\t<\/div><\/figure><figure class='gallery-item'>\n\t\t\t<div class='gallery-icon portrait'>\n\t\t\t\t<a href='https:\/\/www.vom-elbhochufer.de\/?attachment_id=1421'><img loading=\"lazy\" decoding=\"async\" width=\"150\" height=\"150\" src=\"https:\/\/www.vom-elbhochufer.de\/wp-content\/uploads\/2018\/02\/DSC_0703_00002-150x150.jpg\" class=\"attachment-thumbnail size-thumbnail\" alt=\"\" style=\"width:100%;height:128.94%;max-width:1880px;\" \/><\/a>\n\t\t\t<\/div><\/figure>\n\t\t<\/div>\n\n","protected":false},"excerpt":{"rendered":"<p>Hermine Britisch Kurzhaar Katze *09.12.2017 Farbe: black-tortie\/schwarz-rot Schildpatt Hermine ist eine &#8222;tortie&#8220; wie sieim Buche steht: selbstbewusst und frech, manchmal auch ein bisschen zickig, aber einfach nur einzigartig sch\u00f6n. Sie tobt und spielt gern mit ihren Geschwistern und auch einer guten Rauferei ist sie meist nicht abgeneigt. Hermine ist au\u00dferdem furchtbar neugierig: sobald irgendeine T\u00fcr&hellip; <a class=\"more-link\" href=\"https:\/\/www.vom-elbhochufer.de\/?page_id=1420\"><span class=\"screen-reader-text\">Hermine<\/span> weiterlesen<\/a><\/p>\n","protected":false},"author":1,"featured_media":0,"parent":1372,"menu_order":0,"comment_status":"closed","ping_status":"closed","template":"","meta":{"footnotes":""},"class_list":["post-1420","page","type-page","status-publish","hentry","entry"],"_links":{"self":[{"href":"https:\/\/www.vom-elbhochufer.de\/index.php?rest_route=\/wp\/v2\/pages\/1420","targetHints":{"allow":["GET"]}}],"collection":[{"href":"https:\/\/www.vom-elbhochufer.de\/index.php?rest_route=\/wp\/v2\/pages"}],"about":[{"href":"https:\/\/www.vom-elbhochufer.de\/index.php?rest_route=\/wp\/v2\/types\/page"}],"author":[{"embeddable":true,"href":"https:\/\/www.vom-elbhochufer.de\/index.php?rest_route=\/wp\/v2\/users\/1"}],"replies":[{"embeddable":true,"href":"https:\/\/www.vom-elbhochufer.de\/index.php?rest_route=%2Fwp%2Fv2%2Fcomments&post=1420"}],"version-history":[{"count":3,"href":"https:\/\/www.vom-elbhochufer.de\/index.php?rest_route=\/wp\/v2\/pages\/1420\/revisions"}],"predecessor-version":[{"id":1432,"href":"https:\/\/www.vom-elbhochufer.de\/index.php?rest_route=\/wp\/v2\/pages\/1420\/revisions\/1432"}],"up":[{"embeddable":true,"href":"https:\/\/www.vom-elbhochufer.de\/index.php?rest_route=\/wp\/v2\/pages\/1372"}],"wp:attachment":[{"href":"https:\/\/www.vom-elbhochufer.de\/index.php?rest_route=%2Fwp%2Fv2%2Fmedia&parent=1420"}],"curies":[{"name":"wp","href":"https:\/\/api.w.org\/{rel}","templated":true}]}}