{"id":1443,"date":"2018-03-11T15:33:58","date_gmt":"2018-03-11T14:33:58","guid":{"rendered":"http:\/\/www.vom-elbhochufer.de\/?page_id=1443"},"modified":"2018-04-14T15:27:42","modified_gmt":"2018-04-14T14:27:42","slug":"haerviu","status":"publish","type":"page","link":"https:\/\/www.vom-elbhochufer.de\/?page_id=1443","title":{"rendered":"Haerviu"},"content":{"rendered":"<h3>Haerviu<a href=\"http:\/\/www.vom-elbhochufer.de\/wp-content\/uploads\/2018\/03\/DSC_0140_00001.jpg\"><img loading=\"lazy\" decoding=\"async\" class=\"alignright wp-image-1444 size-medium\" src=\"http:\/\/www.vom-elbhochufer.de\/wp-content\/uploads\/2018\/03\/DSC_0140_00001-169x300.jpg\" alt=\"\" width=\"169\" height=\"300\" srcset=\"https:\/\/www.vom-elbhochufer.de\/wp-content\/uploads\/2018\/03\/DSC_0140_00001-169x300.jpg 169w, https:\/\/www.vom-elbhochufer.de\/wp-content\/uploads\/2018\/03\/DSC_0140_00001-768x1365.jpg 768w, https:\/\/www.vom-elbhochufer.de\/wp-content\/uploads\/2018\/03\/DSC_0140_00001-576x1024.jpg 576w, https:\/\/www.vom-elbhochufer.de\/wp-content\/uploads\/2018\/03\/DSC_0140_00001.jpg 1152w\" sizes=\"auto, (max-width: 169px) 100vw, 169px\" \/><\/a><\/h3>\n<h5>Britisch Kurzhaar Kater<\/h5>\n<h6>*09.12.2017<br \/>\nFarbe: wei\u00df mit orangefarbenen Augen \/white orange eyed<\/h6>\n<p>Haerviu bedeutet so viel wie &#8222;Freund im Kampf&#8220;. Der Name passt gut zu diesem kleinen Kater, weil man mit ihm mit dem Fingern K\u00e4mpfen und Raufen kann. Er ist dabei sehr sanft und oft werden die gefangenen Finger danach ausgiebig geputzt. Haerviu liebt es, andere zu putzen, ob es Haare, F\u00fc\u00dfe oder die \u00d6hrchen der Geschwister sind&#8230; Er ist sehr neugierig und ziemlich flink, durch jeden T\u00fcrspalt muss er seinen Kopf stecken. Bei Vicky und Wuschel ist er wegen seines h\u00f6flichen und respektvollen Verhaltens beliebt. Sein Fell ist sch\u00f6n dicht und griffig und her hat ein sehr harmonisches Gesicht mit weit gesetzten Ohren, Augen zum dahinschmelzen und einem sch\u00f6nen Kinn. Haerviu ist bereits vergeben.<\/p>\n<div id='gallery-1' class='gallery galleryid-1443 gallery-columns-3 gallery-size-thumbnail'><figure class='gallery-item'>\n\t\t\t<div class='gallery-icon landscape'>\n\t\t\t\t<a href='https:\/\/www.vom-elbhochufer.de\/?attachment_id=1423'><img loading=\"lazy\" decoding=\"async\" width=\"150\" height=\"150\" src=\"https:\/\/www.vom-elbhochufer.de\/wp-content\/uploads\/2018\/02\/DSC_0711_00001-150x150.jpg\" class=\"attachment-thumbnail size-thumbnail\" alt=\"\" style=\"width:100%;height:74.19%;max-width:2580px;\" \/><\/a>\n\t\t\t<\/div><\/figure><figure class='gallery-item'>\n\t\t\t<div class='gallery-icon portrait'>\n\t\t\t\t<a href='https:\/\/www.vom-elbhochufer.de\/?attachment_id=1445'><img loading=\"lazy\" decoding=\"async\" width=\"150\" height=\"150\" src=\"https:\/\/www.vom-elbhochufer.de\/wp-content\/uploads\/2018\/03\/DSC_0139_00001-150x150.jpg\" class=\"attachment-thumbnail size-thumbnail\" alt=\"\" style=\"width:100%;height:158.94%;max-width:1325px;\" \/><\/a>\n\t\t\t<\/div><\/figure><figure class='gallery-item'>\n\t\t\t<div class='gallery-icon landscape'>\n\t\t\t\t<a href='https:\/\/www.vom-elbhochufer.de\/?attachment_id=1447'><img loading=\"lazy\" decoding=\"async\" width=\"150\" height=\"150\" src=\"https:\/\/www.vom-elbhochufer.de\/wp-content\/uploads\/2018\/03\/DSC_0011_00001-150x150.jpg\" class=\"attachment-thumbnail size-thumbnail\" alt=\"\" style=\"width:100%;height:97.16%;max-width:3306px;\" \/><\/a>\n\t\t\t<\/div><\/figure><figure class='gallery-item'>\n\t\t\t<div class='gallery-icon landscape'>\n\t\t\t\t<a href='https:\/\/www.vom-elbhochufer.de\/?attachment_id=1448'><img loading=\"lazy\" decoding=\"async\" width=\"150\" height=\"150\" src=\"https:\/\/www.vom-elbhochufer.de\/wp-content\/uploads\/2018\/03\/DSC_0686_00002-150x150.jpg\" class=\"attachment-thumbnail size-thumbnail\" alt=\"\" style=\"width:100%;height:87.27%;max-width:3142px;\" \/><\/a>\n\t\t\t<\/div><\/figure><figure class='gallery-item'>\n\t\t\t<div class='gallery-icon landscape'>\n\t\t\t\t<a href='https:\/\/www.vom-elbhochufer.de\/?attachment_id=1449'><img loading=\"lazy\" decoding=\"async\" width=\"150\" height=\"150\" src=\"https:\/\/www.vom-elbhochufer.de\/wp-content\/uploads\/2018\/03\/DSC_0671_00001-150x150.jpg\" class=\"attachment-thumbnail size-thumbnail\" alt=\"\" style=\"width:100%;height:66.13%;max-width:3000px;\" \/><\/a>\n\t\t\t<\/div><\/figure><figure class='gallery-item'>\n\t\t\t<div class='gallery-icon landscape'>\n\t\t\t\t<a href='https:\/\/www.vom-elbhochufer.de\/?attachment_id=1451'><img loading=\"lazy\" decoding=\"async\" width=\"150\" height=\"150\" src=\"https:\/\/www.vom-elbhochufer.de\/wp-content\/uploads\/2018\/03\/DSC_0262-150x150.jpg\" class=\"attachment-thumbnail size-thumbnail\" alt=\"\" style=\"width:100%;height:66.23%;max-width:4928px;\" \/><\/a>\n\t\t\t<\/div><\/figure><figure class='gallery-item'>\n\t\t\t<div class='gallery-icon landscape'>\n\t\t\t\t<a href='https:\/\/www.vom-elbhochufer.de\/?attachment_id=1453'><img loading=\"lazy\" decoding=\"async\" width=\"150\" height=\"150\" src=\"https:\/\/www.vom-elbhochufer.de\/wp-content\/uploads\/2018\/03\/DSC_0297-150x150.jpg\" class=\"attachment-thumbnail size-thumbnail\" alt=\"\" style=\"width:100%;height:66.23%;max-width:4928px;\" \/><\/a>\n\t\t\t<\/div><\/figure><figure class='gallery-item'>\n\t\t\t<div class='gallery-icon landscape'>\n\t\t\t\t<a href='https:\/\/www.vom-elbhochufer.de\/?attachment_id=1454'><img loading=\"lazy\" decoding=\"async\" width=\"150\" height=\"150\" src=\"https:\/\/www.vom-elbhochufer.de\/wp-content\/uploads\/2018\/03\/DSC_0226-150x150.jpg\" class=\"attachment-thumbnail size-thumbnail\" alt=\"\" style=\"width:100%;height:66.23%;max-width:4928px;\" \/><\/a>\n\t\t\t<\/div><\/figure>\n\t\t<\/div>\n\n","protected":false},"excerpt":{"rendered":"<p>Haerviu Britisch Kurzhaar Kater *09.12.2017 Farbe: wei\u00df mit orangefarbenen Augen \/white orange eyed Haerviu bedeutet so viel wie &#8222;Freund im Kampf&#8220;. Der Name passt gut zu diesem kleinen Kater, weil man mit ihm mit dem Fingern K\u00e4mpfen und Raufen kann. Er ist dabei sehr sanft und oft werden die gefangenen Finger danach ausgiebig geputzt. Haerviu&hellip; <a class=\"more-link\" href=\"https:\/\/www.vom-elbhochufer.de\/?page_id=1443\"><span class=\"screen-reader-text\">Haerviu<\/span> weiterlesen<\/a><\/p>\n","protected":false},"author":1,"featured_media":0,"parent":1372,"menu_order":0,"comment_status":"closed","ping_status":"closed","template":"","meta":{"footnotes":""},"class_list":["post-1443","page","type-page","status-publish","hentry","entry"],"_links":{"self":[{"href":"https:\/\/www.vom-elbhochufer.de\/index.php?rest_route=\/wp\/v2\/pages\/1443","targetHints":{"allow":["GET"]}}],"collection":[{"href":"https:\/\/www.vom-elbhochufer.de\/index.php?rest_route=\/wp\/v2\/pages"}],"about":[{"href":"https:\/\/www.vom-elbhochufer.de\/index.php?rest_route=\/wp\/v2\/types\/page"}],"author":[{"embeddable":true,"href":"https:\/\/www.vom-elbhochufer.de\/index.php?rest_route=\/wp\/v2\/users\/1"}],"replies":[{"embeddable":true,"href":"https:\/\/www.vom-elbhochufer.de\/index.php?rest_route=%2Fwp%2Fv2%2Fcomments&post=1443"}],"version-history":[{"count":6,"href":"https:\/\/www.vom-elbhochufer.de\/index.php?rest_route=\/wp\/v2\/pages\/1443\/revisions"}],"predecessor-version":[{"id":1526,"href":"https:\/\/www.vom-elbhochufer.de\/index.php?rest_route=\/wp\/v2\/pages\/1443\/revisions\/1526"}],"up":[{"embeddable":true,"href":"https:\/\/www.vom-elbhochufer.de\/index.php?rest_route=\/wp\/v2\/pages\/1372"}],"wp:attachment":[{"href":"https:\/\/www.vom-elbhochufer.de\/index.php?rest_route=%2Fwp%2Fv2%2Fmedia&parent=1443"}],"curies":[{"name":"wp","href":"https:\/\/api.w.org\/{rel}","templated":true}]}}