{"id":1473,"date":"2018-03-11T16:33:32","date_gmt":"2018-03-11T15:33:32","guid":{"rendered":"http:\/\/www.vom-elbhochufer.de\/?page_id=1473"},"modified":"2018-06-17T09:14:27","modified_gmt":"2018-06-17T08:14:27","slug":"hjalmar","status":"publish","type":"page","link":"https:\/\/www.vom-elbhochufer.de\/?page_id=1473","title":{"rendered":"Hjalmar"},"content":{"rendered":"<h3>Hjalmar<a href=\"http:\/\/www.vom-elbhochufer.de\/wp-content\/uploads\/2018\/03\/DSC_0088_00001.jpg\"><img loading=\"lazy\" decoding=\"async\" class=\"alignright wp-image-1478 size-medium\" src=\"http:\/\/www.vom-elbhochufer.de\/wp-content\/uploads\/2018\/03\/DSC_0088_00001-300x287.jpg\" alt=\"\" width=\"300\" height=\"287\" srcset=\"https:\/\/www.vom-elbhochufer.de\/wp-content\/uploads\/2018\/03\/DSC_0088_00001-300x287.jpg 300w, https:\/\/www.vom-elbhochufer.de\/wp-content\/uploads\/2018\/03\/DSC_0088_00001-768x734.jpg 768w, https:\/\/www.vom-elbhochufer.de\/wp-content\/uploads\/2018\/03\/DSC_0088_00001-1024x978.jpg 1024w\" sizes=\"auto, (max-width: 300px) 100vw, 300px\" \/><\/a><\/h3>\n<h5>Britisch Kurzhaar Kater<\/h5>\n<h6>*09.12.2017<br \/>\nFarbe: wei\u00df mit orangefarbenen Augen \/white orange eyed<\/h6>\n<p>Hjalmar ist ein \u00e4u\u00dferst verspielter und kuscheliger kleiner Kater.\u00a0 Er ist sehr neugierig und ziemlich flink, durch jeden T\u00fcrspalt muss er seinen Kopf stecken. Auch Menschenf\u00fc\u00dfe werden sehr ausgiebig bespielt (ohne Krallen und ganz sanft), was es manchmal schwierig macht, durch den Flur zu gehen. Er mag \u00fcberhaupt nicht gerne allein sein. Wenn er bemerkt, dass er nach einem Nickerchen alleine im Raum ist, f\u00e4ngt er an zu &#8222;weinen&#8220;. Wenn man ihm antwortet, springt er schnell auf und gesellt sich dazu. Er liebt es mit seinen Geschwistern zu raufen oder mit meinen Fingern\u00a0 zu k\u00e4mpfen, wobei sehr sanft ist. Kuscheln und gestreichelt werden ist ebenfalls ganz oben auf seiner Priorit\u00e4ten-Liste, ganz gleich ob mit Mensch oder Katze. Das macht ihn zu einem beliebten Kuschel-Partner. Sein Fell ist sch\u00f6n dicht und griffig und er hat einen sehr harmonischen K\u00f6rperbau. Hjalmars Gesicht ist offen und freundlich mit weit gesetzten Ohren und sch\u00f6nen Kulleraugen. Hjalmar ist in eine tolle Kater-WG mit Hundekumpel gezogen.<\/p>\n<div id='gallery-1' class='gallery galleryid-1473 gallery-columns-3 gallery-size-thumbnail'><figure class='gallery-item'>\n\t\t\t<div class='gallery-icon landscape'>\n\t\t\t\t<a href='https:\/\/www.vom-elbhochufer.de\/?attachment_id=1476'><img loading=\"lazy\" decoding=\"async\" width=\"150\" height=\"150\" src=\"https:\/\/www.vom-elbhochufer.de\/wp-content\/uploads\/2018\/03\/DSC_0113_00001-150x150.jpg\" class=\"attachment-thumbnail size-thumbnail\" alt=\"\" style=\"width:100%;height:83.81%;max-width:3608px;\" \/><\/a>\n\t\t\t<\/div><\/figure><figure class='gallery-item'>\n\t\t\t<div class='gallery-icon landscape'>\n\t\t\t\t<a href='https:\/\/www.vom-elbhochufer.de\/?attachment_id=1477'><img loading=\"lazy\" decoding=\"async\" width=\"150\" height=\"150\" src=\"https:\/\/www.vom-elbhochufer.de\/wp-content\/uploads\/2018\/03\/DSC_0073_00001-150x150.jpg\" class=\"attachment-thumbnail size-thumbnail\" alt=\"\" style=\"width:100%;height:71.89%;max-width:4440px;\" \/><\/a>\n\t\t\t<\/div><\/figure><figure class='gallery-item'>\n\t\t\t<div class='gallery-icon landscape'>\n\t\t\t\t<a href='https:\/\/www.vom-elbhochufer.de\/?attachment_id=1478'><img loading=\"lazy\" decoding=\"async\" width=\"150\" height=\"150\" src=\"https:\/\/www.vom-elbhochufer.de\/wp-content\/uploads\/2018\/03\/DSC_0088_00001-150x150.jpg\" class=\"attachment-thumbnail size-thumbnail\" alt=\"\" style=\"width:100%;height:95.55%;max-width:2425px;\" \/><\/a>\n\t\t\t<\/div><\/figure><figure class='gallery-item'>\n\t\t\t<div class='gallery-icon portrait'>\n\t\t\t\t<a href='https:\/\/www.vom-elbhochufer.de\/?attachment_id=1479'><img loading=\"lazy\" decoding=\"async\" width=\"150\" height=\"150\" src=\"https:\/\/www.vom-elbhochufer.de\/wp-content\/uploads\/2018\/03\/DSC_0089_00001-150x150.jpg\" class=\"attachment-thumbnail size-thumbnail\" alt=\"\" style=\"width:100%;height:112.04%;max-width:2035px;\" \/><\/a>\n\t\t\t<\/div><\/figure><figure class='gallery-item'>\n\t\t\t<div class='gallery-icon portrait'>\n\t\t\t\t<a href='https:\/\/www.vom-elbhochufer.de\/?attachment_id=1480'><img loading=\"lazy\" decoding=\"async\" width=\"150\" height=\"150\" src=\"https:\/\/www.vom-elbhochufer.de\/wp-content\/uploads\/2018\/03\/DSC_0100_00001-150x150.jpg\" class=\"attachment-thumbnail size-thumbnail\" alt=\"\" style=\"width:100%;height:121.94%;max-width:1664px;\" \/><\/a>\n\t\t\t<\/div><\/figure><figure class='gallery-item'>\n\t\t\t<div class='gallery-icon portrait'>\n\t\t\t\t<a href='https:\/\/www.vom-elbhochufer.de\/?attachment_id=1481'><img loading=\"lazy\" decoding=\"async\" width=\"150\" height=\"150\" src=\"https:\/\/www.vom-elbhochufer.de\/wp-content\/uploads\/2018\/03\/DSC_0101_00001-150x150.jpg\" class=\"attachment-thumbnail size-thumbnail\" alt=\"\" style=\"width:100%;height:114.45%;max-width:1737px;\" \/><\/a>\n\t\t\t<\/div><\/figure><figure class='gallery-item'>\n\t\t\t<div class='gallery-icon landscape'>\n\t\t\t\t<a href='https:\/\/www.vom-elbhochufer.de\/?attachment_id=1483'><img loading=\"lazy\" decoding=\"async\" width=\"150\" height=\"150\" src=\"https:\/\/www.vom-elbhochufer.de\/wp-content\/uploads\/2018\/03\/DSC_0119_00001-150x150.jpg\" class=\"attachment-thumbnail size-thumbnail\" alt=\"\" style=\"width:100%;height:88.03%;max-width:3708px;\" \/><\/a>\n\t\t\t<\/div><\/figure><figure class='gallery-item'>\n\t\t\t<div class='gallery-icon landscape'>\n\t\t\t\t<a href='https:\/\/www.vom-elbhochufer.de\/?attachment_id=1423'><img loading=\"lazy\" decoding=\"async\" width=\"150\" height=\"150\" src=\"https:\/\/www.vom-elbhochufer.de\/wp-content\/uploads\/2018\/02\/DSC_0711_00001-150x150.jpg\" class=\"attachment-thumbnail size-thumbnail\" alt=\"\" style=\"width:100%;height:74.19%;max-width:2580px;\" \/><\/a>\n\t\t\t<\/div><\/figure><figure class='gallery-item'>\n\t\t\t<div class='gallery-icon landscape'>\n\t\t\t\t<a href='https:\/\/www.vom-elbhochufer.de\/?attachment_id=1448'><img loading=\"lazy\" decoding=\"async\" width=\"150\" height=\"150\" src=\"https:\/\/www.vom-elbhochufer.de\/wp-content\/uploads\/2018\/03\/DSC_0686_00002-150x150.jpg\" class=\"attachment-thumbnail size-thumbnail\" alt=\"\" style=\"width:100%;height:87.27%;max-width:3142px;\" \/><\/a>\n\t\t\t<\/div><\/figure><figure class='gallery-item'>\n\t\t\t<div class='gallery-icon portrait'>\n\t\t\t\t<a href='https:\/\/www.vom-elbhochufer.de\/?attachment_id=1485'><img loading=\"lazy\" decoding=\"async\" width=\"150\" height=\"150\" src=\"https:\/\/www.vom-elbhochufer.de\/wp-content\/uploads\/2018\/03\/DSC_0682_00002-150x150.jpg\" class=\"attachment-thumbnail size-thumbnail\" alt=\"\" style=\"width:100%;height:105.53%;max-width:850px;\" \/><\/a>\n\t\t\t<\/div><\/figure><figure class='gallery-item'>\n\t\t\t<div class='gallery-icon landscape'>\n\t\t\t\t<a href='https:\/\/www.vom-elbhochufer.de\/?attachment_id=1486'><img loading=\"lazy\" decoding=\"async\" width=\"150\" height=\"150\" src=\"https:\/\/www.vom-elbhochufer.de\/wp-content\/uploads\/2018\/03\/DSC_0242-150x150.jpg\" class=\"attachment-thumbnail size-thumbnail\" alt=\"\" style=\"width:100%;height:66.23%;max-width:4928px;\" \/><\/a>\n\t\t\t<\/div><\/figure><figure class='gallery-item'>\n\t\t\t<div class='gallery-icon landscape'>\n\t\t\t\t<a href='https:\/\/www.vom-elbhochufer.de\/?attachment_id=1487'><img loading=\"lazy\" decoding=\"async\" width=\"150\" height=\"150\" src=\"https:\/\/www.vom-elbhochufer.de\/wp-content\/uploads\/2018\/03\/DSC_0125-150x150.jpg\" class=\"attachment-thumbnail size-thumbnail\" alt=\"\" style=\"width:100%;height:66.23%;max-width:4928px;\" \/><\/a>\n\t\t\t<\/div><\/figure>\n\t\t<\/div>\n\n","protected":false},"excerpt":{"rendered":"<p>Hjalmar Britisch Kurzhaar Kater *09.12.2017 Farbe: wei\u00df mit orangefarbenen Augen \/white orange eyed Hjalmar ist ein \u00e4u\u00dferst verspielter und kuscheliger kleiner Kater.\u00a0 Er ist sehr neugierig und ziemlich flink, durch jeden T\u00fcrspalt muss er seinen Kopf stecken. Auch Menschenf\u00fc\u00dfe werden sehr ausgiebig bespielt (ohne Krallen und ganz sanft), was es manchmal schwierig macht, durch den&hellip; <a class=\"more-link\" href=\"https:\/\/www.vom-elbhochufer.de\/?page_id=1473\"><span class=\"screen-reader-text\">Hjalmar<\/span> weiterlesen<\/a><\/p>\n","protected":false},"author":1,"featured_media":0,"parent":1372,"menu_order":0,"comment_status":"closed","ping_status":"closed","template":"","meta":{"footnotes":""},"class_list":["post-1473","page","type-page","status-publish","hentry","entry"],"_links":{"self":[{"href":"https:\/\/www.vom-elbhochufer.de\/index.php?rest_route=\/wp\/v2\/pages\/1473","targetHints":{"allow":["GET"]}}],"collection":[{"href":"https:\/\/www.vom-elbhochufer.de\/index.php?rest_route=\/wp\/v2\/pages"}],"about":[{"href":"https:\/\/www.vom-elbhochufer.de\/index.php?rest_route=\/wp\/v2\/types\/page"}],"author":[{"embeddable":true,"href":"https:\/\/www.vom-elbhochufer.de\/index.php?rest_route=\/wp\/v2\/users\/1"}],"replies":[{"embeddable":true,"href":"https:\/\/www.vom-elbhochufer.de\/index.php?rest_route=%2Fwp%2Fv2%2Fcomments&post=1473"}],"version-history":[{"count":5,"href":"https:\/\/www.vom-elbhochufer.de\/index.php?rest_route=\/wp\/v2\/pages\/1473\/revisions"}],"predecessor-version":[{"id":1545,"href":"https:\/\/www.vom-elbhochufer.de\/index.php?rest_route=\/wp\/v2\/pages\/1473\/revisions\/1545"}],"up":[{"embeddable":true,"href":"https:\/\/www.vom-elbhochufer.de\/index.php?rest_route=\/wp\/v2\/pages\/1372"}],"wp:attachment":[{"href":"https:\/\/www.vom-elbhochufer.de\/index.php?rest_route=%2Fwp%2Fv2%2Fmedia&parent=1473"}],"curies":[{"name":"wp","href":"https:\/\/api.w.org\/{rel}","templated":true}]}}