{"id":1757,"date":"2019-11-02T12:40:11","date_gmt":"2019-11-02T11:40:11","guid":{"rendered":"http:\/\/www.vom-elbhochufer.de\/?page_id=1757"},"modified":"2020-03-08T20:07:00","modified_gmt":"2020-03-08T19:07:00","slug":"1757-2","status":"publish","type":"page","link":"https:\/\/www.vom-elbhochufer.de\/?page_id=1757","title":{"rendered":"J-Wurf"},"content":{"rendered":"<h3>unser J-Wurf ~vom Elbhochufer~!<\/h3>\n<p>*01.08.2019<\/p>\n<p>die stolzen Eltern sind:<\/p>\n<h5>Ch. Easy Rider of British Sky &amp; Gr. Eur. Ch. Alida vom Elbhochufer<\/h5>\n<p><strong>Easy Rider of British Sky<\/strong>: BKH in der Farbe: blue (blau),\u00a0 tr\u00e4gt chocolate und Langhaar, Blutgruppe A, PKD Gentest negativ.<span style=\"color: #5aa5b6;\"><br \/>\n<\/span><strong>Alida vom Elbhochufer<\/strong>: BLH in der Farbe: wei\u00df (white\/orange eyed) genetisch blue tortie, tr\u00e4gt chocolate, Blutgruppe A, PKD Gentest negativ.<br \/>\n<span style=\"color: #5aa5b6;\">. . . .<\/span><\/p>\n<p><a href=\"http:\/\/www.vom-elbhochufer.de\/wp-content\/uploads\/2019\/11\/JS-Kater-blau.jpg\"><img loading=\"lazy\" decoding=\"async\" class=\"size-medium wp-image-1765 alignleft\" src=\"http:\/\/www.vom-elbhochufer.de\/wp-content\/uploads\/2019\/11\/JS-Kater-blau-300x200.jpg\" alt=\"\" width=\"300\" height=\"200\" srcset=\"https:\/\/www.vom-elbhochufer.de\/wp-content\/uploads\/2019\/11\/JS-Kater-blau-300x200.jpg 300w, https:\/\/www.vom-elbhochufer.de\/wp-content\/uploads\/2019\/11\/JS-Kater-blau.jpg 768w\" sizes=\"auto, (max-width: 300px) 100vw, 300px\" \/><\/a>&#8222;Easy Rider&#8220; ist ein typvoller Kater im Besitz von Ramona Dreyer und Michael P\u00f6llmann. Er besticht durch seine Gr\u00f6\u00dfe und sein dichtes Teddy-Fell. Er hat einen tollen, runden Kopf mit kleinen Ohren. Er liebt es, sich kraulen zu lassen und m\u00f6chte immer im Mittelpunkt stehen.<\/p>\n<p><a href=\"http:\/\/www.vom-elbhochufer.de\/wp-content\/uploads\/2014\/09\/wuschel7gr.jpg\"><img loading=\"lazy\" decoding=\"async\" class=\"alignright size-medium wp-image-739\" src=\"http:\/\/www.vom-elbhochufer.de\/wp-content\/uploads\/2014\/09\/wuschel7gr-261x300.jpg\" alt=\"\" width=\"261\" height=\"300\" srcset=\"https:\/\/www.vom-elbhochufer.de\/wp-content\/uploads\/2014\/09\/wuschel7gr-261x300.jpg 261w, https:\/\/www.vom-elbhochufer.de\/wp-content\/uploads\/2014\/09\/wuschel7gr.jpg 697w\" sizes=\"auto, (max-width: 261px) 100vw, 261px\" \/><\/a><br \/>\nAlida macht ihrem Namen alle Ehre (Alida bedeutet so viel wie &#8222;von sch\u00f6ner Gestalt&#8220;): sie ist nicht nur sch\u00f6n, sondern auch eine sehr menschenbezogene Kuschelkatze: immer freundlich und sehr umg\u00e4nglich.<\/p>\n<p>Wuschel hat die Geburt souver\u00e4n gemeistert und ist eine liebevolle Mutter. Ich freue mich \u00fcber den wohl letzten Wurf von ihr.<\/p>\n<h5>Und das sind unsere Kitten:<\/h5>\n<p>Wuschel hat 2 Katzen zur Welt gebracht, die sich zu meiner Freude pr\u00e4chtig entwickelt haben. Allerdings gestaltete sich die Namensgebung sehr schwierig, weil wir uns partout nicht einigen konnten<\/p>\n<table id=\"kasten-hell\" style=\"border-width: 1px; border-collapse: collapse; height: 188px;\" border=\"1\" width=\"694\" cellspacing=\"0\">\n<tbody>\n<tr>\n<td align=\"center\" width=\"150\" height=\"7\">\n<p style=\"text-align: center;\"><b>Name<\/b><\/p>\n<\/td>\n<td align=\"center\" width=\"118\" height=\"7\">\n<p style=\"text-align: center;\"><strong>Geschlecht<\/strong><\/p>\n<\/td>\n<td align=\"center\" width=\"134\" height=\"7\">\n<p style=\"text-align: center;\"><strong>Farbe<\/strong><\/p>\n<\/td>\n<td align=\"center\" width=\"167\" height=\"7\">\n<p style=\"text-align: center;\"><b>Langhaar\/Kurzhaar<\/b><\/p>\n<\/td>\n<td align=\"center\" width=\"167\" height=\"7\">\n<p style=\"text-align: center;\"><b>Status<\/b><\/p>\n<\/td>\n<\/tr>\n<tr>\n<td align=\"center\" width=\"150\" height=\"18\"><a href=\"http:\/\/www.vom-elbhochufer.de\/?page_id=1868\">Jaara Johanna<\/a><\/td>\n<td style=\"text-align: center;\" align=\"center\" width=\"118\" height=\"18\">w<\/td>\n<td align=\"center\" width=\"134\" height=\"18\">white\/orange eyed<\/td>\n<td align=\"center\" width=\"167\" height=\"18\">Langhaar<\/td>\n<td align=\"center\" width=\"167\" height=\"7\">\n<p style=\"text-align: center;\"><b>zu vermitteln<\/b><\/p>\n<\/td>\n<\/tr>\n<tr>\n<td align=\"center\" width=\"150\" height=\"18\"><a href=\"http:\/\/www.vom-elbhochufer.de\/?page_id=1895\">Jonna Jacqueline<\/a><\/td>\n<td style=\"text-align: center;\" align=\"center\" width=\"118\" height=\"18\">w<\/td>\n<td align=\"center\" width=\"134\" height=\"18\">white\/orange eyed<\/td>\n<td align=\"center\" width=\"167\" height=\"18\">Langhaar<\/td>\n<td align=\"center\" width=\"167\" height=\"7\">\n<p style=\"text-align: center;\">vergeben<\/p>\n<\/td>\n<\/tr>\n<\/tbody>\n<\/table>\n<h5>der Stammbaum unseres J-Wurfes:<\/h5>\n<table style=\"height: 462px;\" width=\"780\">\n<tbody>\n<tr>\n<td rowspan=\"8\" width=\"124\">Ch. Easy Rider of British Sky<br \/>\nBKH blue<\/td>\n<td rowspan=\"4\" width=\"155\">World Silver Ch. Oscar de la Renta of the Pepper King<br \/>\nBLH blue<\/td>\n<td rowspan=\"2\" width=\"221\">Hurricane of the Lion King<\/td>\n<td rowspan=\"1\" width=\"305\">Pampurred the Lion King<\/td>\n<\/tr>\n<tr>\n<td rowspan=\"1\" width=\"305\">Hightime van de Kraayenberg<\/td>\n<\/tr>\n<tr>\n<td rowspan=\"2\" width=\"221\">Mademoiselle Ninette of the Pepper King<\/td>\n<td rowspan=\"1\" width=\"305\">Ch. Hell Fire of the Lion King<\/td>\n<\/tr>\n<tr>\n<td rowspan=\"1\" width=\"305\">Oz&#8217;s Indira vom M\u00fchleneck<\/td>\n<\/tr>\n<tr>\n<td rowspan=\"4\" width=\"155\">Polarstern von Rimberg<br \/>\nBKH lilac<\/td>\n<td rowspan=\"2\" width=\"221\">Ch. Whiskey Blue Diamond de la Horsky park<\/td>\n<td rowspan=\"1\" width=\"305\">Int. Ch. Urbino Tuo Tenero Tummy<\/td>\n<\/tr>\n<tr>\n<td rowspan=\"1\" width=\"305\">Gr. Int. Ch. Uemmi Bugaboo<\/td>\n<\/tr>\n<tr>\n<td rowspan=\"2\" width=\"221\">Leonie von Rimberg<\/td>\n<td rowspan=\"1\" width=\"305\">Ch. Jary von der Ederau<\/td>\n<\/tr>\n<tr>\n<td rowspan=\"1\" width=\"305\">Ch. Uldwyna&#8217;s Caitir Caitlin<\/td>\n<\/tr>\n<tr>\n<td rowspan=\"8\" width=\"124\">Gr. Int. Ch.<br \/>\nAlida vom Elbhochufer<br \/>\nwhite\/orange eyed<\/td>\n<td rowspan=\"4\" width=\"155\">Gr. Euro. Ch.<br \/>\nWillibald<br \/>\nvon der bunten Stadt<br \/>\nBKH\u00a0 cream<\/td>\n<td rowspan=\"2\" width=\"221\">World Ch. King von der bunten Stadt<\/td>\n<td rowspan=\"1\" width=\"305\">Gr. Int. Ch. Wotan vom Urbanhafen<\/td>\n<\/tr>\n<tr>\n<td rowspan=\"1\" width=\"305\">Gr. Euro. Ch. Tulipe Noir van Locust Valley<\/td>\n<\/tr>\n<tr>\n<td rowspan=\"2\" width=\"221\">Ch. Leonie von der bunten Stadt<\/td>\n<td rowspan=\"1\" width=\"305\">Gr. Int. Ch. El Carrier van the Appleblossom<\/td>\n<\/tr>\n<tr>\n<td rowspan=\"1\" width=\"305\">Int. Ch. Enza vom Julianenbrunnen<\/td>\n<\/tr>\n<tr>\n<td rowspan=\"4\" width=\"155\">Gr. Int. Ch.<br \/>\nXandra vom Audeichhof\u00a0 BKH<br \/>\nwhite\/orange eyed<\/td>\n<td rowspan=\"2\" width=\"221\"><span style=\"font-size: xx-small;\">Tr\u00e4ger des RVDE G\u00fctesiegels<\/span><br \/>\nGr. Euro. Ch. Don Camillo vom Audeichhof<\/td>\n<td rowspan=\"1\" width=\"305\">Wraithy of Lebaeg<\/td>\n<\/tr>\n<tr>\n<td rowspan=\"1\" width=\"305\">Charmalott vom Audeichhof<\/td>\n<\/tr>\n<tr>\n<td rowspan=\"2\" width=\"221\">Ch. Samti von Minzow<\/td>\n<td rowspan=\"1\" width=\"305\">Int. Ch. Galleksy&#8217;s Atilla<\/td>\n<\/tr>\n<tr>\n<td rowspan=\"1\" width=\"305\">Mona-Lisa von Minzow<\/td>\n<\/tr>\n<\/tbody>\n<\/table>\n<div id='gallery-1' class='gallery galleryid-1757 gallery-columns-3 gallery-size-thumbnail'><figure class='gallery-item'>\n\t\t\t<div class='gallery-icon landscape'>\n\t\t\t\t<a href='https:\/\/www.vom-elbhochufer.de\/?attachment_id=1775'><img loading=\"lazy\" decoding=\"async\" width=\"150\" height=\"150\" src=\"https:\/\/www.vom-elbhochufer.de\/wp-content\/uploads\/2019\/11\/20190805_084124-150x150.jpg\" class=\"attachment-thumbnail size-thumbnail\" alt=\"\" style=\"width:100%;height:75%;max-width:4128px;\" \/><\/a>\n\t\t\t<\/div><\/figure><figure class='gallery-item'>\n\t\t\t<div class='gallery-icon landscape'>\n\t\t\t\t<a href='https:\/\/www.vom-elbhochufer.de\/?attachment_id=1773'><img loading=\"lazy\" decoding=\"async\" width=\"150\" height=\"150\" src=\"https:\/\/www.vom-elbhochufer.de\/wp-content\/uploads\/2019\/11\/20190809_070339-150x150.jpg\" class=\"attachment-thumbnail size-thumbnail\" alt=\"\" style=\"width:100%;height:75%;max-width:4128px;\" \/><\/a>\n\t\t\t<\/div><\/figure><figure class='gallery-item'>\n\t\t\t<div class='gallery-icon landscape'>\n\t\t\t\t<a href='https:\/\/www.vom-elbhochufer.de\/?attachment_id=1772'><img loading=\"lazy\" decoding=\"async\" width=\"150\" height=\"150\" src=\"https:\/\/www.vom-elbhochufer.de\/wp-content\/uploads\/2019\/11\/20190809_070402-150x150.jpg\" class=\"attachment-thumbnail size-thumbnail\" alt=\"\" style=\"width:100%;height:75%;max-width:4128px;\" \/><\/a>\n\t\t\t<\/div><\/figure><figure class='gallery-item'>\n\t\t\t<div class='gallery-icon portrait'>\n\t\t\t\t<a href='https:\/\/www.vom-elbhochufer.de\/?attachment_id=1787'><img loading=\"lazy\" decoding=\"async\" width=\"150\" height=\"150\" src=\"https:\/\/www.vom-elbhochufer.de\/wp-content\/uploads\/2019\/11\/20190829_120140-e1572696836820-150x150.jpg\" class=\"attachment-thumbnail size-thumbnail\" alt=\"\" style=\"width:100%;height:133.33%;max-width:1932px;\" \/><\/a>\n\t\t\t<\/div><\/figure><figure class='gallery-item'>\n\t\t\t<div class='gallery-icon portrait'>\n\t\t\t\t<a href='https:\/\/www.vom-elbhochufer.de\/?attachment_id=1788'><img loading=\"lazy\" decoding=\"async\" width=\"150\" height=\"150\" src=\"https:\/\/www.vom-elbhochufer.de\/wp-content\/uploads\/2019\/11\/20190903_160401-e1572696872964-150x150.jpg\" class=\"attachment-thumbnail size-thumbnail\" alt=\"\" style=\"width:100%;height:133.33%;max-width:3096px;\" \/><\/a>\n\t\t\t<\/div><\/figure><figure class='gallery-item'>\n\t\t\t<div class='gallery-icon portrait'>\n\t\t\t\t<a href='https:\/\/www.vom-elbhochufer.de\/?attachment_id=1789'><img loading=\"lazy\" decoding=\"async\" width=\"150\" height=\"150\" src=\"https:\/\/www.vom-elbhochufer.de\/wp-content\/uploads\/2019\/11\/20190903_160427-e1572696904266-150x150.jpg\" class=\"attachment-thumbnail size-thumbnail\" alt=\"\" style=\"width:100%;height:102.46%;max-width:2518px;\" \/><\/a>\n\t\t\t<\/div><\/figure><figure class='gallery-item'>\n\t\t\t<div class='gallery-icon landscape'>\n\t\t\t\t<a href='https:\/\/www.vom-elbhochufer.de\/?attachment_id=1792'><img loading=\"lazy\" decoding=\"async\" width=\"150\" height=\"150\" src=\"https:\/\/www.vom-elbhochufer.de\/wp-content\/uploads\/2019\/11\/20190919_200926-e1572697063791-150x150.jpg\" class=\"attachment-thumbnail size-thumbnail\" alt=\"\" style=\"width:100%;height:95.34%;max-width:2208px;\" \/><\/a>\n\t\t\t<\/div><\/figure><figure class='gallery-item'>\n\t\t\t<div class='gallery-icon landscape'>\n\t\t\t\t<a href='https:\/\/www.vom-elbhochufer.de\/?attachment_id=1865'><img loading=\"lazy\" decoding=\"async\" width=\"150\" height=\"150\" src=\"https:\/\/www.vom-elbhochufer.de\/wp-content\/uploads\/2020\/03\/hanniundnanni1-150x150.jpg\" class=\"attachment-thumbnail size-thumbnail\" alt=\"\" style=\"width:100%;height:71.29%;max-width:425px;\" \/><\/a>\n\t\t\t<\/div><\/figure><figure class='gallery-item'>\n\t\t\t<div class='gallery-icon landscape'>\n\t\t\t\t<a href='https:\/\/www.vom-elbhochufer.de\/?attachment_id=1858'><img loading=\"lazy\" decoding=\"async\" width=\"150\" height=\"150\" src=\"https:\/\/www.vom-elbhochufer.de\/wp-content\/uploads\/2020\/03\/Jaara-und-Jackie-150x150.jpg\" class=\"attachment-thumbnail size-thumbnail\" alt=\"\" style=\"width:100%;height:55.73%;max-width:3316px;\" \/><\/a>\n\t\t\t<\/div><\/figure>\n\t\t<\/div>\n\n<!--[if lt IE 9]><script>document.createElement('video');<\/script><![endif]-->\n\t<div class=\"wp-playlist wp-video-playlist wp-playlist-light\">\n\t\t<video controls=\"controls\" preload=\"none\" width=\"728\"\n\t\t height=\"410\"\t><\/video>\n\t<div class=\"wp-playlist-next\"><\/div>\n\t<div class=\"wp-playlist-prev\"><\/div>\n\t<noscript>\n\t<ol>\n\t\t<li><a href='https:\/\/www.vom-elbhochufer.de\/wp-content\/uploads\/2019\/11\/20190809_070342.mp4'>Wuschel mit ihren 4 Tage alten Kitten<\/a><\/li>\t<\/ol>\n\t<\/noscript>\n\t<script type=\"application\/json\" class=\"wp-playlist-script\">{\"type\":\"video\",\"tracklist\":true,\"tracknumbers\":true,\"images\":true,\"artists\":true,\"tracks\":[{\"src\":\"https:\\\/\\\/www.vom-elbhochufer.de\\\/wp-content\\\/uploads\\\/2019\\\/11\\\/20190809_070342.mp4\",\"type\":\"video\\\/mp4\",\"title\":\"Wuschel mit ihren 4 Tage alten Kitten\",\"caption\":\"\",\"description\":\"\",\"meta\":{\"length_formatted\":\"0:15\"},\"dimensions\":{\"original\":{\"width\":1920,\"height\":1080},\"resized\":{\"width\":728,\"height\":410}},\"image\":{\"src\":\"https:\\\/\\\/www.vom-elbhochufer.de\\\/wp-includes\\\/images\\\/media\\\/video.svg\",\"width\":48,\"height\":64},\"thumb\":{\"src\":\"https:\\\/\\\/www.vom-elbhochufer.de\\\/wp-includes\\\/images\\\/media\\\/video.svg\",\"width\":48,\"height\":64}}]}<\/script>\n<\/div>\n\t\n","protected":false},"excerpt":{"rendered":"<p>unser J-Wurf ~vom Elbhochufer~! *01.08.2019 die stolzen Eltern sind: Ch. Easy Rider of British Sky &amp; Gr. Eur. Ch. Alida vom Elbhochufer Easy Rider of British Sky: BKH in der Farbe: blue (blau),\u00a0 tr\u00e4gt chocolate und Langhaar, Blutgruppe A, PKD Gentest negativ. Alida vom Elbhochufer: BLH in der Farbe: wei\u00df (white\/orange eyed) genetisch blue tortie,&hellip; <a class=\"more-link\" href=\"https:\/\/www.vom-elbhochufer.de\/?page_id=1757\"><span class=\"screen-reader-text\">J-Wurf<\/span> weiterlesen<\/a><\/p>\n","protected":false},"author":1,"featured_media":0,"parent":387,"menu_order":0,"comment_status":"closed","ping_status":"closed","template":"","meta":{"footnotes":""},"class_list":["post-1757","page","type-page","status-publish","hentry","entry"],"_links":{"self":[{"href":"https:\/\/www.vom-elbhochufer.de\/index.php?rest_route=\/wp\/v2\/pages\/1757","targetHints":{"allow":["GET"]}}],"collection":[{"href":"https:\/\/www.vom-elbhochufer.de\/index.php?rest_route=\/wp\/v2\/pages"}],"about":[{"href":"https:\/\/www.vom-elbhochufer.de\/index.php?rest_route=\/wp\/v2\/types\/page"}],"author":[{"embeddable":true,"href":"https:\/\/www.vom-elbhochufer.de\/index.php?rest_route=\/wp\/v2\/users\/1"}],"replies":[{"embeddable":true,"href":"https:\/\/www.vom-elbhochufer.de\/index.php?rest_route=%2Fwp%2Fv2%2Fcomments&post=1757"}],"version-history":[{"count":29,"href":"https:\/\/www.vom-elbhochufer.de\/index.php?rest_route=\/wp\/v2\/pages\/1757\/revisions"}],"predecessor-version":[{"id":2087,"href":"https:\/\/www.vom-elbhochufer.de\/index.php?rest_route=\/wp\/v2\/pages\/1757\/revisions\/2087"}],"up":[{"embeddable":true,"href":"https:\/\/www.vom-elbhochufer.de\/index.php?rest_route=\/wp\/v2\/pages\/387"}],"wp:attachment":[{"href":"https:\/\/www.vom-elbhochufer.de\/index.php?rest_route=%2Fwp%2Fv2%2Fmedia&parent=1757"}],"curies":[{"name":"wp","href":"https:\/\/api.w.org\/{rel}","templated":true}]}}