{"id":1868,"date":"2020-03-08T17:15:31","date_gmt":"2020-03-08T16:15:31","guid":{"rendered":"http:\/\/www.vom-elbhochufer.de\/?page_id=1868"},"modified":"2020-03-08T20:04:59","modified_gmt":"2020-03-08T19:04:59","slug":"jaara-johanna-streifi","status":"publish","type":"page","link":"https:\/\/www.vom-elbhochufer.de\/?page_id=1868","title":{"rendered":"Jaara Johanna &#8222;Streifi&#8220;"},"content":{"rendered":"\n<h2 class=\"wp-block-heading\">Jaara Johanna aka &#8222;Streifi&#8220;<\/h2>\n\n\n\n<div class=\"wp-block-image\"><figure class=\"aligncenter\"><img loading=\"lazy\" decoding=\"async\" width=\"1024\" height=\"632\" src=\"http:\/\/www.vom-elbhochufer.de\/wp-content\/uploads\/2020\/03\/Jaara1-2-1024x632.jpg\" alt=\"\" class=\"wp-image-1870\" srcset=\"https:\/\/www.vom-elbhochufer.de\/wp-content\/uploads\/2020\/03\/Jaara1-2-1024x632.jpg 1024w, https:\/\/www.vom-elbhochufer.de\/wp-content\/uploads\/2020\/03\/Jaara1-2-300x185.jpg 300w, https:\/\/www.vom-elbhochufer.de\/wp-content\/uploads\/2020\/03\/Jaara1-2-768x474.jpg 768w\" sizes=\"auto, (max-width: 1024px) 100vw, 1024px\" \/><\/figure><\/div>\n\n\n\n<h5 class=\"wp-block-heading\">Britisch Langhaar Katze<\/h5>\n\n\n\n<h6 class=\"wp-block-heading\">*01.08.2019<br>Farbe: wei\u00df mit orangefarbenen Augen \/white orange eyed<\/h6>\n\n\n\n<p>Streifi ist eine absolute Kuschelkatze. Sie liebt es, gekrault und gestreichelt zu werden. Dabei revanchiert sie sich, indem sie ihren Menschen ausgiebig putzt, wenn man es zul\u00e4sst. <br>Sie spielt sehr ausgelassen mit ihrer Schwester -oder besser: mit allen, die mitspielen.  Wenn sie mit einem Menschen spielt, ist sie sehr sanft und spielt auch ohne Krallen.\u00a0 Sie spielt zwar auch gerne mit Federwedeln, aber am meisten steht sie auf Licht- und Schatten-Spiele.<\/p>\n\n\n\n<p>Sie ist sehr neugierig. Sie hat keine Angst vor&#8217;m Staubsauger und es gibt auch sonst nicht viel, das sie aus der Ruhe bringt. Au\u00dfer vielleicht, wenn Jemand ihre F\u00fc\u00dfchen oder den Bauch b\u00fcrsten m\u00f6chte&#8230;.. aber da arbeiten wir dran. <\/p>\n\n\n\n<p>Streifi&#8217;s Spitzname kommt von ihrem hellgrauen Genfleck auf dem Kopf. Leider wird er bald g\u00e4nzlich verschwunden sein. Ihr Fell ist sch\u00f6n dicht und griffig, ihr\u00a0 Kopf ist rund mit weit gesetzten Ohren. Sie hat ganz dunkel-orangefarbene Augen -zum dahinschmelzen und ein sch\u00f6nes Kinn. <\/p>\n\n\n\n<p>Jaara ist auf der Suche nach dem &#8222;perfekten Zuhause&#8220; mit Katzenerfahrenen Menschen und spielfreudiger Katzengesellschaft. Sie wird nur in Liebhaberh\u00e4nde und nicht in ungesicherten Freigang abgegeben. Wenn Sie Fragen haben oder sich f\u00fcr diese s\u00fc\u00dfe Maus interessieren, rufen Sie mich an oder schreiben Sie mir eine Email.<\/p>\n\n\n\n<ul class=\"wp-block-gallery columns-3 is-cropped wp-block-gallery-1 is-layout-flex wp-block-gallery-is-layout-flex\"><li class=\"blocks-gallery-item\"><figure><img loading=\"lazy\" decoding=\"async\" width=\"1024\" height=\"768\" src=\"http:\/\/www.vom-elbhochufer.de\/wp-content\/uploads\/2019\/11\/20190809_070339-1024x768.jpg\" alt=\"\" data-id=\"1773\" data-link=\"http:\/\/www.vom-elbhochufer.de\/?attachment_id=1773\" class=\"wp-image-1773\" srcset=\"https:\/\/www.vom-elbhochufer.de\/wp-content\/uploads\/2019\/11\/20190809_070339-1024x768.jpg 1024w, https:\/\/www.vom-elbhochufer.de\/wp-content\/uploads\/2019\/11\/20190809_070339-300x225.jpg 300w, https:\/\/www.vom-elbhochufer.de\/wp-content\/uploads\/2019\/11\/20190809_070339-768x576.jpg 768w\" sizes=\"auto, (max-width: 1024px) 100vw, 1024px\" \/><\/figure><\/li><li class=\"blocks-gallery-item\"><figure><img loading=\"lazy\" decoding=\"async\" width=\"999\" height=\"1024\" src=\"http:\/\/www.vom-elbhochufer.de\/wp-content\/uploads\/2019\/11\/20190903_160427-e1572696904266-999x1024.jpg\" alt=\"\" data-id=\"1789\" data-link=\"http:\/\/www.vom-elbhochufer.de\/?attachment_id=1789\" class=\"wp-image-1789\" srcset=\"https:\/\/www.vom-elbhochufer.de\/wp-content\/uploads\/2019\/11\/20190903_160427-e1572696904266-999x1024.jpg 999w, https:\/\/www.vom-elbhochufer.de\/wp-content\/uploads\/2019\/11\/20190903_160427-e1572696904266-293x300.jpg 293w, https:\/\/www.vom-elbhochufer.de\/wp-content\/uploads\/2019\/11\/20190903_160427-e1572696904266-768x787.jpg 768w\" sizes=\"auto, (max-width: 999px) 100vw, 999px\" \/><\/figure><\/li><li class=\"blocks-gallery-item\"><figure><img loading=\"lazy\" decoding=\"async\" width=\"576\" height=\"774\" src=\"http:\/\/www.vom-elbhochufer.de\/wp-content\/uploads\/2020\/03\/2.jpg\" alt=\"\" data-id=\"1886\" data-link=\"http:\/\/www.vom-elbhochufer.de\/?attachment_id=1886\" class=\"wp-image-1886\" srcset=\"https:\/\/www.vom-elbhochufer.de\/wp-content\/uploads\/2020\/03\/2.jpg 576w, https:\/\/www.vom-elbhochufer.de\/wp-content\/uploads\/2020\/03\/2-223x300.jpg 223w\" sizes=\"auto, (max-width: 576px) 100vw, 576px\" \/><\/figure><\/li><li class=\"blocks-gallery-item\"><figure><img loading=\"lazy\" decoding=\"async\" width=\"774\" height=\"581\" src=\"http:\/\/www.vom-elbhochufer.de\/wp-content\/uploads\/2020\/03\/3.jpg\" alt=\"\" data-id=\"1887\" data-link=\"http:\/\/www.vom-elbhochufer.de\/?attachment_id=1887\" class=\"wp-image-1887\" srcset=\"https:\/\/www.vom-elbhochufer.de\/wp-content\/uploads\/2020\/03\/3.jpg 774w, https:\/\/www.vom-elbhochufer.de\/wp-content\/uploads\/2020\/03\/3-300x225.jpg 300w, https:\/\/www.vom-elbhochufer.de\/wp-content\/uploads\/2020\/03\/3-768x576.jpg 768w\" sizes=\"auto, (max-width: 774px) 100vw, 774px\" \/><\/figure><\/li><li class=\"blocks-gallery-item\"><figure><img loading=\"lazy\" decoding=\"async\" width=\"774\" height=\"581\" src=\"http:\/\/www.vom-elbhochufer.de\/wp-content\/uploads\/2020\/03\/hun2.jpg\" alt=\"\" data-id=\"1888\" data-link=\"http:\/\/www.vom-elbhochufer.de\/?attachment_id=1888\" class=\"wp-image-1888\" srcset=\"https:\/\/www.vom-elbhochufer.de\/wp-content\/uploads\/2020\/03\/hun2.jpg 774w, https:\/\/www.vom-elbhochufer.de\/wp-content\/uploads\/2020\/03\/hun2-300x225.jpg 300w, https:\/\/www.vom-elbhochufer.de\/wp-content\/uploads\/2020\/03\/hun2-768x576.jpg 768w\" sizes=\"auto, (max-width: 774px) 100vw, 774px\" \/><\/figure><\/li><li class=\"blocks-gallery-item\"><figure><img loading=\"lazy\" decoding=\"async\" width=\"774\" height=\"581\" src=\"http:\/\/www.vom-elbhochufer.de\/wp-content\/uploads\/2020\/03\/hun3.jpg\" alt=\"\" data-id=\"1889\" data-link=\"http:\/\/www.vom-elbhochufer.de\/?attachment_id=1889\" class=\"wp-image-1889\" srcset=\"https:\/\/www.vom-elbhochufer.de\/wp-content\/uploads\/2020\/03\/hun3.jpg 774w, https:\/\/www.vom-elbhochufer.de\/wp-content\/uploads\/2020\/03\/hun3-300x225.jpg 300w, https:\/\/www.vom-elbhochufer.de\/wp-content\/uploads\/2020\/03\/hun3-768x576.jpg 768w\" sizes=\"auto, (max-width: 774px) 100vw, 774px\" \/><\/figure><\/li><li class=\"blocks-gallery-item\"><figure><img loading=\"lazy\" decoding=\"async\" width=\"576\" height=\"774\" src=\"http:\/\/www.vom-elbhochufer.de\/wp-content\/uploads\/2020\/03\/5.jpg\" alt=\"\" data-id=\"1890\" data-link=\"http:\/\/www.vom-elbhochufer.de\/?attachment_id=1890\" class=\"wp-image-1890\" srcset=\"https:\/\/www.vom-elbhochufer.de\/wp-content\/uploads\/2020\/03\/5.jpg 576w, https:\/\/www.vom-elbhochufer.de\/wp-content\/uploads\/2020\/03\/5-223x300.jpg 223w\" sizes=\"auto, (max-width: 576px) 100vw, 576px\" \/><\/figure><\/li><li class=\"blocks-gallery-item\"><figure><img loading=\"lazy\" decoding=\"async\" width=\"774\" height=\"581\" src=\"http:\/\/www.vom-elbhochufer.de\/wp-content\/uploads\/2020\/03\/6.jpg\" alt=\"\" data-id=\"1891\" data-link=\"http:\/\/www.vom-elbhochufer.de\/?attachment_id=1891\" class=\"wp-image-1891\" srcset=\"https:\/\/www.vom-elbhochufer.de\/wp-content\/uploads\/2020\/03\/6.jpg 774w, https:\/\/www.vom-elbhochufer.de\/wp-content\/uploads\/2020\/03\/6-300x225.jpg 300w, https:\/\/www.vom-elbhochufer.de\/wp-content\/uploads\/2020\/03\/6-768x576.jpg 768w\" sizes=\"auto, (max-width: 774px) 100vw, 774px\" \/><\/figure><\/li><li class=\"blocks-gallery-item\"><figure><img loading=\"lazy\" decoding=\"async\" width=\"774\" height=\"581\" src=\"http:\/\/www.vom-elbhochufer.de\/wp-content\/uploads\/2020\/03\/7.jpg\" alt=\"\" data-id=\"1892\" data-link=\"http:\/\/www.vom-elbhochufer.de\/?attachment_id=1892\" class=\"wp-image-1892\" srcset=\"https:\/\/www.vom-elbhochufer.de\/wp-content\/uploads\/2020\/03\/7.jpg 774w, https:\/\/www.vom-elbhochufer.de\/wp-content\/uploads\/2020\/03\/7-300x225.jpg 300w, https:\/\/www.vom-elbhochufer.de\/wp-content\/uploads\/2020\/03\/7-768x576.jpg 768w\" sizes=\"auto, (max-width: 774px) 100vw, 774px\" \/><\/figure><\/li><li class=\"blocks-gallery-item\"><figure><img loading=\"lazy\" decoding=\"async\" width=\"774\" height=\"581\" src=\"http:\/\/www.vom-elbhochufer.de\/wp-content\/uploads\/2020\/03\/hun1.jpg\" alt=\"\" data-id=\"1893\" data-link=\"http:\/\/www.vom-elbhochufer.de\/?attachment_id=1893\" class=\"wp-image-1893\" srcset=\"https:\/\/www.vom-elbhochufer.de\/wp-content\/uploads\/2020\/03\/hun1.jpg 774w, https:\/\/www.vom-elbhochufer.de\/wp-content\/uploads\/2020\/03\/hun1-300x225.jpg 300w, https:\/\/www.vom-elbhochufer.de\/wp-content\/uploads\/2020\/03\/hun1-768x576.jpg 768w\" sizes=\"auto, (max-width: 774px) 100vw, 774px\" \/><\/figure><\/li><\/ul>\n","protected":false},"excerpt":{"rendered":"<p>Jaara Johanna aka &#8222;Streifi&#8220; Britisch Langhaar Katze *01.08.2019Farbe: wei\u00df mit orangefarbenen Augen \/white orange eyed Streifi ist eine absolute Kuschelkatze. Sie liebt es, gekrault und gestreichelt zu werden. Dabei revanchiert sie sich, indem sie ihren Menschen ausgiebig putzt, wenn man es zul\u00e4sst. Sie spielt sehr ausgelassen mit ihrer Schwester -oder besser: mit allen, die mitspielen.&hellip; <a class=\"more-link\" href=\"https:\/\/www.vom-elbhochufer.de\/?page_id=1868\"><span class=\"screen-reader-text\">Jaara Johanna &#8222;Streifi&#8220;<\/span> weiterlesen<\/a><\/p>\n","protected":false},"author":1,"featured_media":0,"parent":1757,"menu_order":0,"comment_status":"closed","ping_status":"closed","template":"","meta":{"footnotes":""},"class_list":["post-1868","page","type-page","status-publish","hentry","entry"],"_links":{"self":[{"href":"https:\/\/www.vom-elbhochufer.de\/index.php?rest_route=\/wp\/v2\/pages\/1868","targetHints":{"allow":["GET"]}}],"collection":[{"href":"https:\/\/www.vom-elbhochufer.de\/index.php?rest_route=\/wp\/v2\/pages"}],"about":[{"href":"https:\/\/www.vom-elbhochufer.de\/index.php?rest_route=\/wp\/v2\/types\/page"}],"author":[{"embeddable":true,"href":"https:\/\/www.vom-elbhochufer.de\/index.php?rest_route=\/wp\/v2\/users\/1"}],"replies":[{"embeddable":true,"href":"https:\/\/www.vom-elbhochufer.de\/index.php?rest_route=%2Fwp%2Fv2%2Fcomments&post=1868"}],"version-history":[{"count":7,"href":"https:\/\/www.vom-elbhochufer.de\/index.php?rest_route=\/wp\/v2\/pages\/1868\/revisions"}],"predecessor-version":[{"id":1899,"href":"https:\/\/www.vom-elbhochufer.de\/index.php?rest_route=\/wp\/v2\/pages\/1868\/revisions\/1899"}],"up":[{"embeddable":true,"href":"https:\/\/www.vom-elbhochufer.de\/index.php?rest_route=\/wp\/v2\/pages\/1757"}],"wp:attachment":[{"href":"https:\/\/www.vom-elbhochufer.de\/index.php?rest_route=%2Fwp%2Fv2%2Fmedia&parent=1868"}],"curies":[{"name":"wp","href":"https:\/\/api.w.org\/{rel}","templated":true}]}}