{"id":1895,"date":"2020-03-08T20:03:12","date_gmt":"2020-03-08T19:03:12","guid":{"rendered":"http:\/\/www.vom-elbhochufer.de\/?page_id=1895"},"modified":"2022-04-15T17:15:55","modified_gmt":"2022-04-15T16:15:55","slug":"jonna-jacqueline-jackie","status":"publish","type":"page","link":"https:\/\/www.vom-elbhochufer.de\/?page_id=1895","title":{"rendered":"Jonna Jacqueline: &#8222;Jackie&#8220;"},"content":{"rendered":"<h3>Jackie: Jonna Jacqueline vom Elbhochufer<a href=\"http:\/\/www.vom-elbhochufer.de\/wp-content\/uploads\/2020\/09\/DSC_0002-scaled-e1600026425435.jpg\"><img loading=\"lazy\" decoding=\"async\" class=\"alignright wp-image-2030 size-medium\" src=\"http:\/\/www.vom-elbhochufer.de\/wp-content\/uploads\/2020\/09\/DSC_0002-scaled-e1600026425435-300x215.jpg\" alt=\"\" width=\"300\" height=\"215\" srcset=\"https:\/\/www.vom-elbhochufer.de\/wp-content\/uploads\/2020\/09\/DSC_0002-scaled-e1600026425435-300x215.jpg 300w, https:\/\/www.vom-elbhochufer.de\/wp-content\/uploads\/2020\/09\/DSC_0002-scaled-e1600026425435-1024x735.jpg 1024w, https:\/\/www.vom-elbhochufer.de\/wp-content\/uploads\/2020\/09\/DSC_0002-scaled-e1600026425435-768x551.jpg 768w, https:\/\/www.vom-elbhochufer.de\/wp-content\/uploads\/2020\/09\/DSC_0002-scaled-e1600026425435.jpg 1248w\" sizes=\"auto, (max-width: 300px) 100vw, 300px\" \/><\/a><\/h3>\n<h5>Britisch Langhaar Katze<\/h5>\n<h6>*01.08.2019<br \/>Farbe: white\/orange eyed<br \/>tr\u00e4gt Verd\u00fcnnung, chocolate, ist evtl eine tortie Katze<\/h6>\n<address><strong>PKD Gentest negativ<\/strong><br \/><strong> HCM negativ<\/strong><br \/><strong> Blutgruppe A\/?<\/strong><\/address>\n<p>Jacqueline, genannt Jackie, w\u00e4chst zu einer kleinenn Diva heran. <br data-rich-text-line-break=\"true\" \/>Sie ist ein kleiner Wirbelwind und spielt sehr ausgelassen mit ihrer Schwester -oder besser: mit allen, die mit ihr spielen m\u00f6gen. Dabei ist sie ganz sanft und achtet darauf, beim Spielen mit Menschen die Krallen einzuziehen.<img loading=\"lazy\" decoding=\"async\" width=\"291\" height=\"300\" class=\"alignleft hspace=10 wp-image-1896 size-medium\" src=\"http:\/\/www.vom-elbhochufer.de\/wp-content\/uploads\/2020\/03\/Jackie1-291x300.jpg\" alt=\"\" srcset=\"https:\/\/www.vom-elbhochufer.de\/wp-content\/uploads\/2020\/03\/Jackie1-291x300.jpg 291w, https:\/\/www.vom-elbhochufer.de\/wp-content\/uploads\/2020\/03\/Jackie1-768x793.jpg 768w, https:\/\/www.vom-elbhochufer.de\/wp-content\/uploads\/2020\/03\/Jackie1-992x1024.jpg 992w\" sizes=\"auto, (max-width: 291px) 100vw, 291px\" \/><\/p>\n<p>Jacky ist sehr neugierig und muss durch jede -absolut jede- T\u00fcr durch. Sie hat schon Ausstellungsluft geschnuppert und pr\u00e4sentierte sich absolut cool. Es gibt auch sonst nicht viel, das sie aus der Ruhe bringt.<\/p>\n<p>Sie ist unsere &#8222;Superkatze&#8220;, wird manchmal aber auch &#8222;Chaoskatze&#8220; oder &#8222;Kleine Kali&#8220; genannt. Sie <strong>muss<\/strong> n\u00e4mlich \u00fcberall rauf klettern, egal ob dabei etwas runter f\u00e4llt oder sie alleine nicht wieder herunter kommt. Mit ihr wird es auf jeden Fall nie langweilig&#8230;<\/p>\n<p>Jackie ist eine kleine Sch\u00f6nheit. Ihr Fell ist sch\u00f6n dicht und griffig, sein Kopf ist rund mit weit gesetzten Ohren, Augen zum dahinschmelzen und einem sch\u00f6nen Kinn.<\/p>\n<p>Jackie ist eine kleine Sch\u00f6nheit. Ihr Fell ist sch\u00f6n dicht und griffig, sein Kopf ist rund mit weit gesetzten Ohren, Augen zum dahinschmelzen und einem sch\u00f6nen Kinn.<\/p>\n\n\n<h5 class=\"wp-block-heading\">Jackie wird bei uns bleiben und unsere Zucht erg\u00e4nzen.<\/h5>\n\n\n\n<p>Ich bin schon ganz gespannt auf ihren ersten Nachwuchs. 2021 wird es endlisch so weit sein\u2026<\/p>\n\n\n\n<p>Jackies erster Wurf war einfach zauberhaft. Jackie hat die Aufgabe ganz souver\u00e4n gemeistert: ich bin stolz auf sie!<\/p>\n\n\n<h6>Stammbaum<\/h6>\n<table style=\"height: 296px;\" width=\"770\">\n<tbody>\n<tr>\n<td rowspan=\"4\" width=\"195\">Ch. Easy Rider of British Sky<br>BKH blue<\/td>\n<td rowspan=\"2\" width=\"189\">Silver World Ch Oscar de la Renta of the Pepper King BLH blue<\/td>\n<td width=\"308\">Eur Ch Hurricane of the Lion King BKH blue<\/td>\n<\/tr>\n<tr>\n<td width=\"308\">Mademoiselle Ninette of the Pepper King BKH blue<\/td>\n<\/tr>\n<tr>\n<td rowspan=\"2\" width=\"189\">Polarstern von Rimberg<br>BKH lilac<\/td>\n<td width=\"308\">Ch. Whiskey Blue Diamond de la Horsky Park BKH blue<\/td>\n<\/tr>\n<tr>\n<td width=\"308\">Leonie von Rimberg BKH blue<\/td>\n<\/tr>\n<tr>\n<td rowspan=\"4\" width=\"195\">Gr Eur Ch Alida vom Elbhochufer<br>BLH white\/orange eyed<\/td>\n<td rowspan=\"2\" width=\"189\">Gr Eur Ch Willibald von der bunten Stadt BKH cream<\/td>\n<td width=\"308\">World Ch King von der bunten Stadt BKH<br>lilac<\/td>\n<\/tr>\n<tr>\n<td width=\"308\">Ch Leonie von der bunten Stadt BKH lilac-tortie<\/td>\n<\/tr>\n<tr>\n<td rowspan=\"2\" width=\"189\">Ch Xandra vom Audeichhof BKH white\/orange eyed<\/td>\n<td width=\"308\">RVDE-G\u00fc\/Gr Euro Ch Don Camillo vom Audeichhof&nbsp; BKH blue<\/td>\n<\/tr>\n<tr>\n<td width=\"308\">Ch Samti von Minzow BKH white\/orange eyes<\/td>\n<\/tr>\n<\/tbody>\n<\/table>\n\n\n<figure class=\"wp-block-gallery has-nested-images columns-default is-cropped wp-block-gallery-1 is-layout-flex wp-block-gallery-is-layout-flex\">\n<figure class=\"wp-block-image size-large is-style-default\"><img loading=\"lazy\" decoding=\"async\" width=\"774\" height=\"581\" data-id=\"1891\" src=\"http:\/\/www.vom-elbhochufer.de\/wp-content\/uploads\/2020\/03\/6.jpg\" alt=\"\" class=\"wp-image-1891\" srcset=\"https:\/\/www.vom-elbhochufer.de\/wp-content\/uploads\/2020\/03\/6.jpg 774w, https:\/\/www.vom-elbhochufer.de\/wp-content\/uploads\/2020\/03\/6-300x225.jpg 300w, https:\/\/www.vom-elbhochufer.de\/wp-content\/uploads\/2020\/03\/6-768x576.jpg 768w\" sizes=\"auto, (max-width: 774px) 100vw, 774px\" \/><\/figure>\n\n\n\n<figure class=\"wp-block-image size-large is-style-default\"><img loading=\"lazy\" decoding=\"async\" width=\"425\" height=\"303\" data-id=\"1865\" src=\"http:\/\/www.vom-elbhochufer.de\/wp-content\/uploads\/2020\/03\/hanniundnanni1.jpg\" alt=\"\" class=\"wp-image-1865\" srcset=\"https:\/\/www.vom-elbhochufer.de\/wp-content\/uploads\/2020\/03\/hanniundnanni1.jpg 425w, https:\/\/www.vom-elbhochufer.de\/wp-content\/uploads\/2020\/03\/hanniundnanni1-300x214.jpg 300w\" sizes=\"auto, (max-width: 425px) 100vw, 425px\" \/><\/figure>\n\n\n\n<figure class=\"wp-block-image size-large is-style-default\"><img loading=\"lazy\" decoding=\"async\" width=\"774\" height=\"581\" data-id=\"1893\" src=\"http:\/\/www.vom-elbhochufer.de\/wp-content\/uploads\/2020\/03\/hun1.jpg\" alt=\"\" class=\"wp-image-1893\" srcset=\"https:\/\/www.vom-elbhochufer.de\/wp-content\/uploads\/2020\/03\/hun1.jpg 774w, https:\/\/www.vom-elbhochufer.de\/wp-content\/uploads\/2020\/03\/hun1-300x225.jpg 300w, https:\/\/www.vom-elbhochufer.de\/wp-content\/uploads\/2020\/03\/hun1-768x576.jpg 768w\" sizes=\"auto, (max-width: 774px) 100vw, 774px\" \/><\/figure>\n\n\n\n<figure class=\"wp-block-image size-large is-style-default\"><img loading=\"lazy\" decoding=\"async\" width=\"1024\" height=\"976\" data-id=\"1792\" src=\"http:\/\/www.vom-elbhochufer.de\/wp-content\/uploads\/2019\/11\/20190919_200926-e1572697063791-1024x976.jpg\" alt=\"\" class=\"wp-image-1792\" srcset=\"https:\/\/www.vom-elbhochufer.de\/wp-content\/uploads\/2019\/11\/20190919_200926-e1572697063791-1024x976.jpg 1024w, https:\/\/www.vom-elbhochufer.de\/wp-content\/uploads\/2019\/11\/20190919_200926-e1572697063791-300x286.jpg 300w, https:\/\/www.vom-elbhochufer.de\/wp-content\/uploads\/2019\/11\/20190919_200926-e1572697063791-768x732.jpg 768w\" sizes=\"auto, (max-width: 1024px) 100vw, 1024px\" \/><\/figure>\n\n\n\n<figure class=\"wp-block-image size-large is-style-default\"><img loading=\"lazy\" decoding=\"async\" width=\"768\" height=\"1024\" data-id=\"1787\" src=\"http:\/\/www.vom-elbhochufer.de\/wp-content\/uploads\/2019\/11\/20190829_120140-e1572696836820-768x1024.jpg\" alt=\"\" class=\"wp-image-1787\" srcset=\"https:\/\/www.vom-elbhochufer.de\/wp-content\/uploads\/2019\/11\/20190829_120140-e1572696836820-768x1024.jpg 768w, https:\/\/www.vom-elbhochufer.de\/wp-content\/uploads\/2019\/11\/20190829_120140-e1572696836820-225x300.jpg 225w, https:\/\/www.vom-elbhochufer.de\/wp-content\/uploads\/2019\/11\/20190829_120140-e1572696836820.jpg 1932w\" sizes=\"auto, (max-width: 768px) 100vw, 768px\" \/><\/figure>\n\n\n\n<figure class=\"wp-block-image size-large is-style-default\"><img loading=\"lazy\" decoding=\"async\" width=\"1024\" height=\"768\" data-id=\"1772\" src=\"http:\/\/www.vom-elbhochufer.de\/wp-content\/uploads\/2019\/11\/20190809_070402-1024x768.jpg\" alt=\"\" class=\"wp-image-1772\" srcset=\"https:\/\/www.vom-elbhochufer.de\/wp-content\/uploads\/2019\/11\/20190809_070402-1024x768.jpg 1024w, https:\/\/www.vom-elbhochufer.de\/wp-content\/uploads\/2019\/11\/20190809_070402-300x225.jpg 300w, https:\/\/www.vom-elbhochufer.de\/wp-content\/uploads\/2019\/11\/20190809_070402-768x576.jpg 768w\" sizes=\"auto, (max-width: 1024px) 100vw, 1024px\" \/><\/figure>\n<\/figure>\n\n\n<p><!--EndFragment--><\/p>\n\n\n<figure class=\"wp-block-gallery has-nested-images columns-default is-cropped wp-block-gallery-2 is-layout-flex wp-block-gallery-is-layout-flex\">\n<figure class=\"wp-block-image size-large is-style-default\"><a href=\"http:\/\/www.vom-elbhochufer.de\/wp-content\/uploads\/2022\/02\/Jackie_110222_11-scaled.jpg\"><img loading=\"lazy\" decoding=\"async\" width=\"1024\" height=\"795\" data-id=\"2308\" src=\"http:\/\/www.vom-elbhochufer.de\/wp-content\/uploads\/2022\/02\/Jackie_110222_11-1024x795.jpg\" alt=\"\" class=\"wp-image-2308\" srcset=\"https:\/\/www.vom-elbhochufer.de\/wp-content\/uploads\/2022\/02\/Jackie_110222_11-1024x795.jpg 1024w, https:\/\/www.vom-elbhochufer.de\/wp-content\/uploads\/2022\/02\/Jackie_110222_11-300x233.jpg 300w, https:\/\/www.vom-elbhochufer.de\/wp-content\/uploads\/2022\/02\/Jackie_110222_11-768x596.jpg 768w, https:\/\/www.vom-elbhochufer.de\/wp-content\/uploads\/2022\/02\/Jackie_110222_11-1536x1193.jpg 1536w, https:\/\/www.vom-elbhochufer.de\/wp-content\/uploads\/2022\/02\/Jackie_110222_11-2048x1591.jpg 2048w\" sizes=\"auto, (max-width: 1024px) 100vw, 1024px\" \/><\/a><\/figure>\n\n\n\n<figure class=\"wp-block-image size-large is-style-default\"><a href=\"http:\/\/www.vom-elbhochufer.de\/wp-content\/uploads\/2022\/02\/Jackie_110222_10.jpg\"><img loading=\"lazy\" decoding=\"async\" width=\"1024\" height=\"696\" data-id=\"2307\" src=\"http:\/\/www.vom-elbhochufer.de\/wp-content\/uploads\/2022\/02\/Jackie_110222_10-1024x696.jpg\" alt=\"\" class=\"wp-image-2307\" srcset=\"https:\/\/www.vom-elbhochufer.de\/wp-content\/uploads\/2022\/02\/Jackie_110222_10-1024x696.jpg 1024w, https:\/\/www.vom-elbhochufer.de\/wp-content\/uploads\/2022\/02\/Jackie_110222_10-300x204.jpg 300w, https:\/\/www.vom-elbhochufer.de\/wp-content\/uploads\/2022\/02\/Jackie_110222_10-768x522.jpg 768w, https:\/\/www.vom-elbhochufer.de\/wp-content\/uploads\/2022\/02\/Jackie_110222_10-1536x1044.jpg 1536w, https:\/\/www.vom-elbhochufer.de\/wp-content\/uploads\/2022\/02\/Jackie_110222_10-2048x1392.jpg 2048w\" sizes=\"auto, (max-width: 1024px) 100vw, 1024px\" \/><\/a><\/figure>\n\n\n\n<figure class=\"wp-block-image size-large is-style-default\"><a href=\"http:\/\/www.vom-elbhochufer.de\/wp-content\/uploads\/2022\/02\/Jackie_110222_9.jpg\"><img loading=\"lazy\" decoding=\"async\" width=\"1024\" height=\"658\" data-id=\"2306\" src=\"http:\/\/www.vom-elbhochufer.de\/wp-content\/uploads\/2022\/02\/Jackie_110222_9-1024x658.jpg\" alt=\"\" class=\"wp-image-2306\" srcset=\"https:\/\/www.vom-elbhochufer.de\/wp-content\/uploads\/2022\/02\/Jackie_110222_9-1024x658.jpg 1024w, https:\/\/www.vom-elbhochufer.de\/wp-content\/uploads\/2022\/02\/Jackie_110222_9-300x193.jpg 300w, https:\/\/www.vom-elbhochufer.de\/wp-content\/uploads\/2022\/02\/Jackie_110222_9-768x493.jpg 768w, https:\/\/www.vom-elbhochufer.de\/wp-content\/uploads\/2022\/02\/Jackie_110222_9-1536x987.jpg 1536w, https:\/\/www.vom-elbhochufer.de\/wp-content\/uploads\/2022\/02\/Jackie_110222_9-2048x1316.jpg 2048w\" sizes=\"auto, (max-width: 1024px) 100vw, 1024px\" \/><\/a><\/figure>\n\n\n\n<figure class=\"wp-block-image size-large is-style-default\"><a href=\"http:\/\/www.vom-elbhochufer.de\/wp-content\/uploads\/2022\/02\/Jackie_110222_14.jpg\"><img loading=\"lazy\" decoding=\"async\" width=\"951\" height=\"1024\" data-id=\"2311\" src=\"http:\/\/www.vom-elbhochufer.de\/wp-content\/uploads\/2022\/02\/Jackie_110222_14-951x1024.jpg\" alt=\"\" class=\"wp-image-2311\" srcset=\"https:\/\/www.vom-elbhochufer.de\/wp-content\/uploads\/2022\/02\/Jackie_110222_14-951x1024.jpg 951w, https:\/\/www.vom-elbhochufer.de\/wp-content\/uploads\/2022\/02\/Jackie_110222_14-278x300.jpg 278w, https:\/\/www.vom-elbhochufer.de\/wp-content\/uploads\/2022\/02\/Jackie_110222_14-768x827.jpg 768w, https:\/\/www.vom-elbhochufer.de\/wp-content\/uploads\/2022\/02\/Jackie_110222_14-1426x1536.jpg 1426w, https:\/\/www.vom-elbhochufer.de\/wp-content\/uploads\/2022\/02\/Jackie_110222_14.jpg 1552w\" sizes=\"auto, (max-width: 951px) 100vw, 951px\" \/><\/a><\/figure>\n\n\n\n<figure class=\"wp-block-image size-large is-style-default\"><a href=\"http:\/\/www.vom-elbhochufer.de\/wp-content\/uploads\/2022\/02\/Jackie_110222_13-scaled.jpg\"><img loading=\"lazy\" decoding=\"async\" width=\"678\" height=\"1024\" data-id=\"2310\" src=\"http:\/\/www.vom-elbhochufer.de\/wp-content\/uploads\/2022\/02\/Jackie_110222_13-678x1024.jpg\" alt=\"\" class=\"wp-image-2310\" srcset=\"https:\/\/www.vom-elbhochufer.de\/wp-content\/uploads\/2022\/02\/Jackie_110222_13-678x1024.jpg 678w, https:\/\/www.vom-elbhochufer.de\/wp-content\/uploads\/2022\/02\/Jackie_110222_13-199x300.jpg 199w, https:\/\/www.vom-elbhochufer.de\/wp-content\/uploads\/2022\/02\/Jackie_110222_13-768x1160.jpg 768w, https:\/\/www.vom-elbhochufer.de\/wp-content\/uploads\/2022\/02\/Jackie_110222_13-1017x1536.jpg 1017w, https:\/\/www.vom-elbhochufer.de\/wp-content\/uploads\/2022\/02\/Jackie_110222_13-1356x2048.jpg 1356w, https:\/\/www.vom-elbhochufer.de\/wp-content\/uploads\/2022\/02\/Jackie_110222_13-scaled.jpg 1696w\" sizes=\"auto, (max-width: 678px) 100vw, 678px\" \/><\/a><\/figure>\n\n\n\n<figure class=\"wp-block-image size-large is-style-default\"><a href=\"http:\/\/www.vom-elbhochufer.de\/wp-content\/uploads\/2022\/02\/Jackie_110222_12-scaled.jpg\"><img loading=\"lazy\" decoding=\"async\" width=\"541\" height=\"1024\" data-id=\"2309\" src=\"http:\/\/www.vom-elbhochufer.de\/wp-content\/uploads\/2022\/02\/Jackie_110222_12-541x1024.jpg\" alt=\"\" class=\"wp-image-2309\" srcset=\"https:\/\/www.vom-elbhochufer.de\/wp-content\/uploads\/2022\/02\/Jackie_110222_12-541x1024.jpg 541w, https:\/\/www.vom-elbhochufer.de\/wp-content\/uploads\/2022\/02\/Jackie_110222_12-158x300.jpg 158w, https:\/\/www.vom-elbhochufer.de\/wp-content\/uploads\/2022\/02\/Jackie_110222_12-768x1454.jpg 768w, https:\/\/www.vom-elbhochufer.de\/wp-content\/uploads\/2022\/02\/Jackie_110222_12-811x1536.jpg 811w, https:\/\/www.vom-elbhochufer.de\/wp-content\/uploads\/2022\/02\/Jackie_110222_12-1081x2048.jpg 1081w, https:\/\/www.vom-elbhochufer.de\/wp-content\/uploads\/2022\/02\/Jackie_110222_12-scaled.jpg 1352w\" sizes=\"auto, (max-width: 541px) 100vw, 541px\" \/><\/a><\/figure>\n\n\n\n<figure class=\"wp-block-image size-large is-style-default\"><a href=\"http:\/\/www.vom-elbhochufer.de\/wp-content\/uploads\/2022\/02\/Jackie_110222_7-scaled.jpg\"><img loading=\"lazy\" decoding=\"async\" width=\"1024\" height=\"621\" data-id=\"2304\" src=\"http:\/\/www.vom-elbhochufer.de\/wp-content\/uploads\/2022\/02\/Jackie_110222_7-1024x621.jpg\" alt=\"\" class=\"wp-image-2304\" srcset=\"https:\/\/www.vom-elbhochufer.de\/wp-content\/uploads\/2022\/02\/Jackie_110222_7-1024x621.jpg 1024w, https:\/\/www.vom-elbhochufer.de\/wp-content\/uploads\/2022\/02\/Jackie_110222_7-300x182.jpg 300w, https:\/\/www.vom-elbhochufer.de\/wp-content\/uploads\/2022\/02\/Jackie_110222_7-768x466.jpg 768w, https:\/\/www.vom-elbhochufer.de\/wp-content\/uploads\/2022\/02\/Jackie_110222_7-1536x932.jpg 1536w, https:\/\/www.vom-elbhochufer.de\/wp-content\/uploads\/2022\/02\/Jackie_110222_7-2048x1243.jpg 2048w\" sizes=\"auto, (max-width: 1024px) 100vw, 1024px\" \/><\/a><\/figure>\n\n\n\n<figure class=\"wp-block-image size-large is-style-default\"><a href=\"http:\/\/www.vom-elbhochufer.de\/wp-content\/uploads\/2022\/02\/Jackie_110222_5-scaled.jpg\"><img loading=\"lazy\" decoding=\"async\" width=\"1024\" height=\"558\" data-id=\"2302\" src=\"http:\/\/www.vom-elbhochufer.de\/wp-content\/uploads\/2022\/02\/Jackie_110222_5-1024x558.jpg\" alt=\"\" class=\"wp-image-2302\" srcset=\"https:\/\/www.vom-elbhochufer.de\/wp-content\/uploads\/2022\/02\/Jackie_110222_5-1024x558.jpg 1024w, https:\/\/www.vom-elbhochufer.de\/wp-content\/uploads\/2022\/02\/Jackie_110222_5-300x164.jpg 300w, https:\/\/www.vom-elbhochufer.de\/wp-content\/uploads\/2022\/02\/Jackie_110222_5-768x419.jpg 768w, https:\/\/www.vom-elbhochufer.de\/wp-content\/uploads\/2022\/02\/Jackie_110222_5-1536x837.jpg 1536w, https:\/\/www.vom-elbhochufer.de\/wp-content\/uploads\/2022\/02\/Jackie_110222_5-2048x1117.jpg 2048w\" sizes=\"auto, (max-width: 1024px) 100vw, 1024px\" \/><\/a><\/figure>\n\n\n\n<figure class=\"wp-block-image size-large is-style-default\"><a href=\"http:\/\/www.vom-elbhochufer.de\/wp-content\/uploads\/2022\/02\/Jackie_110222_6-scaled.jpg\"><img loading=\"lazy\" decoding=\"async\" width=\"1024\" height=\"581\" data-id=\"2303\" src=\"http:\/\/www.vom-elbhochufer.de\/wp-content\/uploads\/2022\/02\/Jackie_110222_6-1024x581.jpg\" alt=\"\" class=\"wp-image-2303\" srcset=\"https:\/\/www.vom-elbhochufer.de\/wp-content\/uploads\/2022\/02\/Jackie_110222_6-1024x581.jpg 1024w, https:\/\/www.vom-elbhochufer.de\/wp-content\/uploads\/2022\/02\/Jackie_110222_6-300x170.jpg 300w, https:\/\/www.vom-elbhochufer.de\/wp-content\/uploads\/2022\/02\/Jackie_110222_6-768x436.jpg 768w, https:\/\/www.vom-elbhochufer.de\/wp-content\/uploads\/2022\/02\/Jackie_110222_6-1536x871.jpg 1536w, https:\/\/www.vom-elbhochufer.de\/wp-content\/uploads\/2022\/02\/Jackie_110222_6-2048x1162.jpg 2048w\" sizes=\"auto, (max-width: 1024px) 100vw, 1024px\" \/><\/a><\/figure>\n\n\n\n<figure class=\"wp-block-image size-large is-style-default\"><a href=\"http:\/\/www.vom-elbhochufer.de\/wp-content\/uploads\/2022\/02\/Jackie_110222_4.jpg\"><img loading=\"lazy\" decoding=\"async\" width=\"1024\" height=\"741\" data-id=\"2301\" src=\"http:\/\/www.vom-elbhochufer.de\/wp-content\/uploads\/2022\/02\/Jackie_110222_4-1024x741.jpg\" alt=\"\" class=\"wp-image-2301\" srcset=\"https:\/\/www.vom-elbhochufer.de\/wp-content\/uploads\/2022\/02\/Jackie_110222_4-1024x741.jpg 1024w, https:\/\/www.vom-elbhochufer.de\/wp-content\/uploads\/2022\/02\/Jackie_110222_4-300x217.jpg 300w, https:\/\/www.vom-elbhochufer.de\/wp-content\/uploads\/2022\/02\/Jackie_110222_4-768x555.jpg 768w, https:\/\/www.vom-elbhochufer.de\/wp-content\/uploads\/2022\/02\/Jackie_110222_4-1536x1111.jpg 1536w, https:\/\/www.vom-elbhochufer.de\/wp-content\/uploads\/2022\/02\/Jackie_110222_4-2048x1481.jpg 2048w\" sizes=\"auto, (max-width: 1024px) 100vw, 1024px\" \/><\/a><\/figure>\n\n\n\n<figure class=\"wp-block-image size-large is-style-default\"><a href=\"http:\/\/www.vom-elbhochufer.de\/wp-content\/uploads\/2022\/02\/Jackie_110222_3.jpg\"><img loading=\"lazy\" decoding=\"async\" width=\"1024\" height=\"789\" data-id=\"2300\" src=\"http:\/\/www.vom-elbhochufer.de\/wp-content\/uploads\/2022\/02\/Jackie_110222_3-1024x789.jpg\" alt=\"\" class=\"wp-image-2300\" srcset=\"https:\/\/www.vom-elbhochufer.de\/wp-content\/uploads\/2022\/02\/Jackie_110222_3-1024x789.jpg 1024w, https:\/\/www.vom-elbhochufer.de\/wp-content\/uploads\/2022\/02\/Jackie_110222_3-300x231.jpg 300w, https:\/\/www.vom-elbhochufer.de\/wp-content\/uploads\/2022\/02\/Jackie_110222_3-768x591.jpg 768w, https:\/\/www.vom-elbhochufer.de\/wp-content\/uploads\/2022\/02\/Jackie_110222_3-1536x1183.jpg 1536w, https:\/\/www.vom-elbhochufer.de\/wp-content\/uploads\/2022\/02\/Jackie_110222_3-2048x1577.jpg 2048w\" sizes=\"auto, (max-width: 1024px) 100vw, 1024px\" \/><\/a><\/figure>\n\n\n\n<figure class=\"wp-block-image size-large is-style-default\"><a href=\"http:\/\/www.vom-elbhochufer.de\/wp-content\/uploads\/2022\/02\/Jackie_110222_2-scaled.jpg\"><img loading=\"lazy\" decoding=\"async\" width=\"1024\" height=\"612\" data-id=\"2299\" src=\"http:\/\/www.vom-elbhochufer.de\/wp-content\/uploads\/2022\/02\/Jackie_110222_2-1024x612.jpg\" alt=\"\" class=\"wp-image-2299\" srcset=\"https:\/\/www.vom-elbhochufer.de\/wp-content\/uploads\/2022\/02\/Jackie_110222_2-1024x612.jpg 1024w, https:\/\/www.vom-elbhochufer.de\/wp-content\/uploads\/2022\/02\/Jackie_110222_2-300x179.jpg 300w, https:\/\/www.vom-elbhochufer.de\/wp-content\/uploads\/2022\/02\/Jackie_110222_2-768x459.jpg 768w, https:\/\/www.vom-elbhochufer.de\/wp-content\/uploads\/2022\/02\/Jackie_110222_2-1536x918.jpg 1536w, https:\/\/www.vom-elbhochufer.de\/wp-content\/uploads\/2022\/02\/Jackie_110222_2-2048x1224.jpg 2048w\" sizes=\"auto, (max-width: 1024px) 100vw, 1024px\" \/><\/a><\/figure>\n\n\n\n<figure class=\"wp-block-image size-large is-style-default\"><a href=\"http:\/\/www.vom-elbhochufer.de\/wp-content\/uploads\/2022\/02\/Jackie_110222_8-scaled.jpg\"><img loading=\"lazy\" decoding=\"async\" width=\"1024\" height=\"668\" data-id=\"2305\" src=\"http:\/\/www.vom-elbhochufer.de\/wp-content\/uploads\/2022\/02\/Jackie_110222_8-1024x668.jpg\" alt=\"\" class=\"wp-image-2305\" srcset=\"https:\/\/www.vom-elbhochufer.de\/wp-content\/uploads\/2022\/02\/Jackie_110222_8-1024x668.jpg 1024w, https:\/\/www.vom-elbhochufer.de\/wp-content\/uploads\/2022\/02\/Jackie_110222_8-300x196.jpg 300w, https:\/\/www.vom-elbhochufer.de\/wp-content\/uploads\/2022\/02\/Jackie_110222_8-768x501.jpg 768w, https:\/\/www.vom-elbhochufer.de\/wp-content\/uploads\/2022\/02\/Jackie_110222_8-1536x1003.jpg 1536w, https:\/\/www.vom-elbhochufer.de\/wp-content\/uploads\/2022\/02\/Jackie_110222_8-2048x1337.jpg 2048w\" sizes=\"auto, (max-width: 1024px) 100vw, 1024px\" \/><\/a><\/figure>\n<\/figure>\n\n\n","protected":false},"excerpt":{"rendered":"<p>Jackie: Jonna Jacqueline vom Elbhochufer Britisch Langhaar Katze *01.08.2019Farbe: white\/orange eyedtr\u00e4gt Verd\u00fcnnung, chocolate, ist evtl eine tortie Katze PKD Gentest negativ HCM negativ Blutgruppe A\/? Jacqueline, genannt Jackie, w\u00e4chst zu einer kleinenn Diva heran. Sie ist ein kleiner Wirbelwind und spielt sehr ausgelassen mit ihrer Schwester -oder besser: mit allen, die mit ihr spielen m\u00f6gen.&hellip; <a class=\"more-link\" href=\"https:\/\/www.vom-elbhochufer.de\/?page_id=1895\"><span class=\"screen-reader-text\">Jonna Jacqueline: &#8222;Jackie&#8220;<\/span> weiterlesen<\/a><\/p>\n","protected":false},"author":1,"featured_media":0,"parent":1757,"menu_order":0,"comment_status":"closed","ping_status":"closed","template":"","meta":{"footnotes":""},"class_list":["post-1895","page","type-page","status-publish","hentry","entry"],"_links":{"self":[{"href":"https:\/\/www.vom-elbhochufer.de\/index.php?rest_route=\/wp\/v2\/pages\/1895","targetHints":{"allow":["GET"]}}],"collection":[{"href":"https:\/\/www.vom-elbhochufer.de\/index.php?rest_route=\/wp\/v2\/pages"}],"about":[{"href":"https:\/\/www.vom-elbhochufer.de\/index.php?rest_route=\/wp\/v2\/types\/page"}],"author":[{"embeddable":true,"href":"https:\/\/www.vom-elbhochufer.de\/index.php?rest_route=\/wp\/v2\/users\/1"}],"replies":[{"embeddable":true,"href":"https:\/\/www.vom-elbhochufer.de\/index.php?rest_route=%2Fwp%2Fv2%2Fcomments&post=1895"}],"version-history":[{"count":12,"href":"https:\/\/www.vom-elbhochufer.de\/index.php?rest_route=\/wp\/v2\/pages\/1895\/revisions"}],"predecessor-version":[{"id":2372,"href":"https:\/\/www.vom-elbhochufer.de\/index.php?rest_route=\/wp\/v2\/pages\/1895\/revisions\/2372"}],"up":[{"embeddable":true,"href":"https:\/\/www.vom-elbhochufer.de\/index.php?rest_route=\/wp\/v2\/pages\/1757"}],"wp:attachment":[{"href":"https:\/\/www.vom-elbhochufer.de\/index.php?rest_route=%2Fwp%2Fv2%2Fmedia&parent=1895"}],"curies":[{"name":"wp","href":"https:\/\/api.w.org\/{rel}","templated":true}]}}