{"id":1907,"date":"2020-03-08T21:06:24","date_gmt":"2020-03-08T20:06:24","guid":{"rendered":"http:\/\/www.vom-elbhochufer.de\/?page_id=1907"},"modified":"2020-07-20T22:09:19","modified_gmt":"2020-07-20T21:09:19","slug":"p-wurf-von-der-heidekrone","status":"publish","type":"page","link":"https:\/\/www.vom-elbhochufer.de\/?page_id=1907","title":{"rendered":"P-Wurf von der Heidekrone"},"content":{"rendered":"\n<h3 class=\"wp-block-heading\">dies ist der P-Wurf von der Heidekrone<\/h3>\n\n\n\n<p>*29.12.2019<\/p>\n\n\n\n<p>die stolzen Eltern sind:<\/p>\n\n\n\n<h5 class=\"wp-block-heading\">Haerviu vom Elbhochufer&nbsp; &amp;&nbsp; Bella vom Silber Engelland<\/h5>\n\n\n\n<p><b>Haerviu vom Elbhochufer<\/b>: BKH in der Farbe: white\/orange eyed, genetisch rot, tr\u00e4gt Verd\u00fcnnung, PKD Gentest negativ, HCM negativ, Blutgruppe A\/b\n<br>\n<b> Bella vom Silber Engelland<\/b> BKH in der Farbe: blau, PKD Gentest negativ, HCM negativ, Blutgruppe A\/b<\/p>\n\n\n\n<div class=\"wp-block-image\"><figure class=\"alignleft is-resized\"><a href=\"http:\/\/www.vom-elbhochufer.de\/wp-content\/uploads\/2014\/11\/finn-2.jpg\"><img loading=\"lazy\" decoding=\"async\" src=\"http:\/\/www.vom-elbhochufer.de\/wp-content\/uploads\/2020\/03\/haerviu1-150x150.jpg\" alt=\"\" class=\"wp-image-1908\" width=\"188\" height=\"188\"\/><\/a><figcaption>Vater Haerviu vom Elbhochufer<\/figcaption><\/figure><\/div>\n\n\n\n<div class=\"wp-block-image\"><figure class=\"alignright is-resized\"><a href=\"http:\/\/www.vom-elbhochufer.de\/wp-content\/uploads\/2014\/11\/Alida_vom-Elbhochufer.jpg\"><img loading=\"lazy\" decoding=\"async\" src=\"http:\/\/www.vom-elbhochufer.de\/wp-content\/uploads\/2020\/03\/bella2-150x150.jpg\" alt=\"\" class=\"wp-image-1910\" width=\"171\" height=\"171\"\/><\/a><figcaption>Mutter Bella vom Silber Engelland<\/figcaption><\/figure><\/div>\n\n\n\n<p>Bella ist ein Traum in blau! Eine sehr harmonische Katze mit wundersch\u00f6nen bernsteinfarbenen Augen. Sie eine liebevolle und aufmerksame Mama. Haerviu wird standesgem\u00e4\u00df Sir Henry genannt. Er hat sich zu einem stattlichen Kater entwickelt, dem man die Verwandschaft mit Schoki und Valentino auf den ersten Blick ansieht. Er ist verspielt, verschmust und einfach nur zum Knutschen!<\/p>\n\n\n\n<h5 class=\"wp-block-heading\">Und das sind die Kitten des letzten Wurfes von der Heidekrone:<\/h5>\n\n\n\n<p>Bella hat 3 Babys zur Welt gebracht.<br><\/p>\n\n\n<table class=\"wp-block-table\" style=\"height: 141px;\" width=\"636\">\n<tbody>\n<tr>\n<td><strong>Name<\/strong><\/td>\n<td><strong>Geschlecht<\/strong><\/td>\n<td><strong>Farbe<\/strong><\/td>\n<td><strong>BKH\/BLH<\/strong><\/td>\n<td><strong>Status<\/strong><\/td>\n<\/tr>\n<tr>\n<td>Pan Tao<\/td>\n<td>m<\/td>\n<td>wei\u00df \/ orangene Augen<\/td>\n<td>Kurzhaar<\/td>\n<td>vergeben<\/td>\n<\/tr>\n<tr>\n<td>Paulina<\/td>\n<td>w<\/td>\n<td>wei\u00df \/ orangene Augen<\/td>\n<td>Kurzhaar<\/td>\n<td>vergeben<\/td>\n<\/tr>\n<tr>\n<td>Philine<\/td>\n<td>w<\/td>\n<td>black tortie<\/td>\n<td>Kurzhaar<\/td>\n<td>vergeben<\/td>\n<\/tr>\n<\/tbody>\n<\/table>\n\n\n<div class=\"wp-block-image\"><figure class=\"aligncenter is-resized\"><img loading=\"lazy\" decoding=\"async\" src=\"http:\/\/www.vom-elbhochufer.de\/wp-content\/uploads\/2018\/02\/DSC_0660_00001-1024x678.jpg\" alt=\"\" class=\"wp-image-1425\" width=\"488\" height=\"323\" srcset=\"https:\/\/www.vom-elbhochufer.de\/wp-content\/uploads\/2018\/02\/DSC_0660_00001-1024x678.jpg 1024w, https:\/\/www.vom-elbhochufer.de\/wp-content\/uploads\/2018\/02\/DSC_0660_00001-300x199.jpg 300w, https:\/\/www.vom-elbhochufer.de\/wp-content\/uploads\/2018\/02\/DSC_0660_00001-768x509.jpg 768w\" sizes=\"auto, (max-width: 488px) 100vw, 488px\" \/><figcaption>Philine von der Heidekrone<\/figcaption><\/figure><\/div>\n\n\n\n<h5 class=\"wp-block-heading\">und hier folgt nun der Stammbaum unseres D-Wurfes:<\/h5>\n\n\n\n<p><table style=\"height: 261px;\" width=\"694\"> <tbody> <tr> <td rowspan=\"4\" width=\"195\">Haerviu vom Elbhochufer  Farbe: white\/orange eyed<\/td> <td rowspan=\"2\" width=\"189\">World Ch. Bryan vom Elbhochufer<\/td> <td width=\"308\">World Ch. Shabaloe&#8217;s Valentino <\/td> <\/tr> <tr> <td width=\"308\">Gr Eur Ch. Alida vom Elbhochufer<\/td> <\/tr> <tr> <td rowspan=\"2\" width=\"189\">Gr Int Ch. White Snow von der Veste<\/td> <td width=\"308\">Ch. Cai von der Veste<\/td> <\/tr> <tr> <td width=\"308\">Talia von der Veste<\/td> <\/tr> <tr> <td rowspan=\"4\" width=\"195\">Bella vom Silber Engelland Farbe: blue<\/td> <td rowspan=\"2\" width=\"189\">Indigo von der bunten Stadt<\/td> <td width=\"308\">World Ch Vitus von der bunten Stadt<\/td> <\/tr> <tr> <td width=\"308\">Yanni von der bunten Stadt<\/td> <\/tr> <tr> <td rowspan=\"2\" width=\"189\">Zafira von Azure Star<\/td> <td width=\"308\">Int Ch. Zimtsternchen&#8217;s Tomaso<\/td> <\/tr> <tr> <td width=\"308\">Int Ch. La Dolce Vita de Emminence<\/td> <\/tr> <\/tbody> <\/table><\/p>\n\n\n\n<figure class=\"wp-block-gallery columns-3 is-cropped wp-block-gallery-1 is-layout-flex wp-block-gallery-is-layout-flex\"><ul class=\"blocks-gallery-grid\"><li class=\"blocks-gallery-item\"><figure><img loading=\"lazy\" decoding=\"async\" width=\"917\" height=\"410\" src=\"http:\/\/www.vom-elbhochufer.de\/wp-content\/uploads\/2020\/03\/bella-1.jpg\" alt=\"\" data-id=\"1939\" data-link=\"http:\/\/www.vom-elbhochufer.de\/?attachment_id=1939\" class=\"wp-image-1939\" srcset=\"https:\/\/www.vom-elbhochufer.de\/wp-content\/uploads\/2020\/03\/bella-1.jpg 917w, https:\/\/www.vom-elbhochufer.de\/wp-content\/uploads\/2020\/03\/bella-1-300x134.jpg 300w, https:\/\/www.vom-elbhochufer.de\/wp-content\/uploads\/2020\/03\/bella-1-768x343.jpg 768w\" sizes=\"auto, (max-width: 917px) 100vw, 917px\" \/><\/figure><\/li><li class=\"blocks-gallery-item\"><figure><img loading=\"lazy\" decoding=\"async\" width=\"432\" height=\"350\" src=\"http:\/\/www.vom-elbhochufer.de\/wp-content\/uploads\/2020\/03\/haerviu1-1.jpg\" alt=\"\" data-id=\"1940\" data-link=\"http:\/\/www.vom-elbhochufer.de\/?attachment_id=1940\" class=\"wp-image-1940\" srcset=\"https:\/\/www.vom-elbhochufer.de\/wp-content\/uploads\/2020\/03\/haerviu1-1.jpg 432w, https:\/\/www.vom-elbhochufer.de\/wp-content\/uploads\/2020\/03\/haerviu1-1-300x243.jpg 300w\" sizes=\"auto, (max-width: 432px) 100vw, 432px\" \/><\/figure><\/li><li class=\"blocks-gallery-item\"><figure><img loading=\"lazy\" decoding=\"async\" width=\"1024\" height=\"562\" src=\"http:\/\/www.vom-elbhochufer.de\/wp-content\/uploads\/2020\/03\/paulina-und-pantao1-3-1024x562.jpg\" alt=\"\" data-id=\"1819\" data-link=\"http:\/\/www.vom-elbhochufer.de\/?attachment_id=1819\" class=\"wp-image-1819\" srcset=\"https:\/\/www.vom-elbhochufer.de\/wp-content\/uploads\/2020\/03\/paulina-und-pantao1-3-1024x562.jpg 1024w, https:\/\/www.vom-elbhochufer.de\/wp-content\/uploads\/2020\/03\/paulina-und-pantao1-3-300x165.jpg 300w, https:\/\/www.vom-elbhochufer.de\/wp-content\/uploads\/2020\/03\/paulina-und-pantao1-3-768x421.jpg 768w, https:\/\/www.vom-elbhochufer.de\/wp-content\/uploads\/2020\/03\/paulina-und-pantao1-3.jpg 1500w\" sizes=\"auto, (max-width: 1024px) 100vw, 1024px\" \/><\/figure><\/li><li class=\"blocks-gallery-item\"><figure><img loading=\"lazy\" decoding=\"async\" width=\"1024\" height=\"792\" src=\"http:\/\/www.vom-elbhochufer.de\/wp-content\/uploads\/2020\/03\/Pan-Tao1-1-1024x792.jpg\" alt=\"\" data-id=\"1957\" data-link=\"http:\/\/www.vom-elbhochufer.de\/?attachment_id=1957\" class=\"wp-image-1957\" srcset=\"https:\/\/www.vom-elbhochufer.de\/wp-content\/uploads\/2020\/03\/Pan-Tao1-1-1024x792.jpg 1024w, https:\/\/www.vom-elbhochufer.de\/wp-content\/uploads\/2020\/03\/Pan-Tao1-1-300x232.jpg 300w, https:\/\/www.vom-elbhochufer.de\/wp-content\/uploads\/2020\/03\/Pan-Tao1-1-768x594.jpg 768w\" sizes=\"auto, (max-width: 1024px) 100vw, 1024px\" \/><\/figure><\/li><li class=\"blocks-gallery-item\"><figure><img loading=\"lazy\" decoding=\"async\" width=\"1024\" height=\"821\" src=\"http:\/\/www.vom-elbhochufer.de\/wp-content\/uploads\/2020\/03\/Pan-Tao2-1-1024x821.jpg\" alt=\"\" data-id=\"1958\" data-link=\"http:\/\/www.vom-elbhochufer.de\/?attachment_id=1958\" class=\"wp-image-1958\" srcset=\"https:\/\/www.vom-elbhochufer.de\/wp-content\/uploads\/2020\/03\/Pan-Tao2-1-1024x821.jpg 1024w, https:\/\/www.vom-elbhochufer.de\/wp-content\/uploads\/2020\/03\/Pan-Tao2-1-300x241.jpg 300w, https:\/\/www.vom-elbhochufer.de\/wp-content\/uploads\/2020\/03\/Pan-Tao2-1-768x616.jpg 768w\" sizes=\"auto, (max-width: 1024px) 100vw, 1024px\" \/><\/figure><\/li><li class=\"blocks-gallery-item\"><figure><img loading=\"lazy\" decoding=\"async\" width=\"1024\" height=\"562\" src=\"http:\/\/www.vom-elbhochufer.de\/wp-content\/uploads\/2020\/03\/paulina-und-pantao1-8-1024x562.jpg\" alt=\"\" data-id=\"1959\" data-link=\"http:\/\/www.vom-elbhochufer.de\/?attachment_id=1959\" class=\"wp-image-1959\" srcset=\"https:\/\/www.vom-elbhochufer.de\/wp-content\/uploads\/2020\/03\/paulina-und-pantao1-8-1024x562.jpg 1024w, https:\/\/www.vom-elbhochufer.de\/wp-content\/uploads\/2020\/03\/paulina-und-pantao1-8-300x165.jpg 300w, https:\/\/www.vom-elbhochufer.de\/wp-content\/uploads\/2020\/03\/paulina-und-pantao1-8-768x421.jpg 768w, https:\/\/www.vom-elbhochufer.de\/wp-content\/uploads\/2020\/03\/paulina-und-pantao1-8.jpg 1500w\" sizes=\"auto, (max-width: 1024px) 100vw, 1024px\" \/><\/figure><\/li><li class=\"blocks-gallery-item\"><figure><img loading=\"lazy\" decoding=\"async\" width=\"1024\" height=\"797\" src=\"http:\/\/www.vom-elbhochufer.de\/wp-content\/uploads\/2020\/03\/Paulina1-1-1024x797.jpg\" alt=\"\" data-id=\"1960\" data-link=\"http:\/\/www.vom-elbhochufer.de\/?attachment_id=1960\" class=\"wp-image-1960\" srcset=\"https:\/\/www.vom-elbhochufer.de\/wp-content\/uploads\/2020\/03\/Paulina1-1-1024x797.jpg 1024w, https:\/\/www.vom-elbhochufer.de\/wp-content\/uploads\/2020\/03\/Paulina1-1-300x234.jpg 300w, https:\/\/www.vom-elbhochufer.de\/wp-content\/uploads\/2020\/03\/Paulina1-1-768x598.jpg 768w\" sizes=\"auto, (max-width: 1024px) 100vw, 1024px\" \/><\/figure><\/li><li class=\"blocks-gallery-item\"><figure><img loading=\"lazy\" decoding=\"async\" width=\"1024\" height=\"603\" src=\"http:\/\/www.vom-elbhochufer.de\/wp-content\/uploads\/2020\/03\/Paulina2-1-1024x603.jpg\" alt=\"\" data-id=\"1961\" data-link=\"http:\/\/www.vom-elbhochufer.de\/?attachment_id=1961\" class=\"wp-image-1961\" srcset=\"https:\/\/www.vom-elbhochufer.de\/wp-content\/uploads\/2020\/03\/Paulina2-1-1024x603.jpg 1024w, https:\/\/www.vom-elbhochufer.de\/wp-content\/uploads\/2020\/03\/Paulina2-1-300x177.jpg 300w, https:\/\/www.vom-elbhochufer.de\/wp-content\/uploads\/2020\/03\/Paulina2-1-768x452.jpg 768w\" sizes=\"auto, (max-width: 1024px) 100vw, 1024px\" \/><\/figure><\/li><\/ul><\/figure>\n\n\n\n<p><strong>Pan Tao<\/strong> ist ein aufgeweckter und sehr verschmuster kleiner Kater. Erspielt gerne mit Federn und Papierkugeln. Pan Tao ist bereits ausgezogen zu seinem neuen Kumpel Ollie. <br><strong>Philine <\/strong>ist ein kleiner Wirbelwind mit Eulen-Augen. Sie hat einen ganz tollen Charakter: kuschelig und sehr selbstbewusst. Da sie meinen Mann um die kleine Kralle gewickelt hat, wird sie bei und bleiben undunserre Zucht verst\u00e4rken. <br><strong>Paulina <\/strong>ist eine ganz zauberhafte Schneeflocke. Nie hat sie Streit, eher geht sie Auseinandersetzungen aus dem Weg. Dabei ist sie nicht \u00e4ngstlich, sondern ganz ruhig und besonnen. Sie liebt es gekrault zu werden und schl\u00e4ft auch mal auf dem Scho\u00df ein. Wenn es aber um&#8217;s Spielen geht, ist sie wieder vorne mit dabei.<br><strong>Bella<\/strong> ist eine zur\u00fcckhaltende und ein wenig \u00e4ngstliche Katze. Sie liebt es, sich kraulen zu lassen, aber wenn es ihr zu viel wird, dann zieht sie sich zur\u00fcck. Bella wurde bereits kastriert und ist zu ihrer neuen Familie ausgezogen.<\/p>\n\n\n\n<p><\/p>\n","protected":false},"excerpt":{"rendered":"<p>dies ist der P-Wurf von der Heidekrone *29.12.2019 die stolzen Eltern sind: Haerviu vom Elbhochufer&nbsp; &amp;&nbsp; Bella vom Silber Engelland Haerviu vom Elbhochufer: BKH in der Farbe: white\/orange eyed, genetisch rot, tr\u00e4gt Verd\u00fcnnung, PKD Gentest negativ, HCM negativ, Blutgruppe A\/b Bella vom Silber Engelland BKH in der Farbe: blau, PKD Gentest negativ, HCM negativ, Blutgruppe&hellip; <a class=\"more-link\" href=\"https:\/\/www.vom-elbhochufer.de\/?page_id=1907\"><span class=\"screen-reader-text\">P-Wurf von der Heidekrone<\/span> weiterlesen<\/a><\/p>\n","protected":false},"author":1,"featured_media":0,"parent":0,"menu_order":0,"comment_status":"closed","ping_status":"closed","template":"","meta":{"footnotes":""},"class_list":["post-1907","page","type-page","status-publish","hentry","entry"],"_links":{"self":[{"href":"https:\/\/www.vom-elbhochufer.de\/index.php?rest_route=\/wp\/v2\/pages\/1907","targetHints":{"allow":["GET"]}}],"collection":[{"href":"https:\/\/www.vom-elbhochufer.de\/index.php?rest_route=\/wp\/v2\/pages"}],"about":[{"href":"https:\/\/www.vom-elbhochufer.de\/index.php?rest_route=\/wp\/v2\/types\/page"}],"author":[{"embeddable":true,"href":"https:\/\/www.vom-elbhochufer.de\/index.php?rest_route=\/wp\/v2\/users\/1"}],"replies":[{"embeddable":true,"href":"https:\/\/www.vom-elbhochufer.de\/index.php?rest_route=%2Fwp%2Fv2%2Fcomments&post=1907"}],"version-history":[{"count":35,"href":"https:\/\/www.vom-elbhochufer.de\/index.php?rest_route=\/wp\/v2\/pages\/1907\/revisions"}],"predecessor-version":[{"id":2064,"href":"https:\/\/www.vom-elbhochufer.de\/index.php?rest_route=\/wp\/v2\/pages\/1907\/revisions\/2064"}],"wp:attachment":[{"href":"https:\/\/www.vom-elbhochufer.de\/index.php?rest_route=%2Fwp%2Fv2%2Fmedia&parent=1907"}],"curies":[{"name":"wp","href":"https:\/\/api.w.org\/{rel}","templated":true}]}}