{"id":2075,"date":"2022-02-10T10:29:30","date_gmt":"2022-02-10T09:29:30","guid":{"rendered":"http:\/\/www.vom-elbhochufer.de\/?page_id=2075"},"modified":"2022-02-10T10:29:31","modified_gmt":"2022-02-10T09:29:31","slug":"kelija","status":"publish","type":"page","link":"https:\/\/www.vom-elbhochufer.de\/?page_id=2075","title":{"rendered":"Kelija"},"content":{"rendered":"<h3>Kelija vom Elbhochufer aka P\u00fcppi<\/h3>\n<h5>Britisch Kurzhaar<a href=\"http:\/\/www.vom-elbhochufer.de\/wp-content\/uploads\/2022\/02\/DSC_0138-scaled.jpg\"><img loading=\"lazy\" decoding=\"async\" class=\"alignleft size-medium wp-image-2259\" src=\"http:\/\/www.vom-elbhochufer.de\/wp-content\/uploads\/2022\/02\/DSC_0138-211x300.jpg\" alt=\"\" width=\"211\" height=\"300\" srcset=\"https:\/\/www.vom-elbhochufer.de\/wp-content\/uploads\/2022\/02\/DSC_0138-211x300.jpg 211w, https:\/\/www.vom-elbhochufer.de\/wp-content\/uploads\/2022\/02\/DSC_0138-719x1024.jpg 719w, https:\/\/www.vom-elbhochufer.de\/wp-content\/uploads\/2022\/02\/DSC_0138-768x1094.jpg 768w, https:\/\/www.vom-elbhochufer.de\/wp-content\/uploads\/2022\/02\/DSC_0138-1079x1536.jpg 1079w, https:\/\/www.vom-elbhochufer.de\/wp-content\/uploads\/2022\/02\/DSC_0138-1438x2048.jpg 1438w, https:\/\/www.vom-elbhochufer.de\/wp-content\/uploads\/2022\/02\/DSC_0138-scaled.jpg 1798w\" sizes=\"auto, (max-width: 211px) 100vw, 211px\" \/><\/a><\/h5>\n<h6>*17.12.2019<br \/>Farbe: black tortie<br \/>tr\u00e4gt Verd\u00fcnnung, Langhaar-Gen, chocolate<\/h6>\n<address><strong>PKD Gentest negativ<\/strong><br \/><strong> HCM Schall unauff\u00e4llig<\/strong><br \/><strong> Blutgruppe A\/?<\/strong><\/address>\n<p>*17.02.2020<\/p>\n<p>die stolzen Eltern sind:<\/p>\n<h5>World Ch. John Snow Laureen Cherie &amp; Gr. Int. Ch. White Snow von der Veste<\/h5>\n<p><br \/><span style=\"color: #5aa5b6;\">. <\/span><a href=\"http:\/\/www.vom-elbhochufer.de\/wp-content\/uploads\/2022\/02\/DSC_0004-scaled.jpg\"><img loading=\"lazy\" decoding=\"async\" class=\"alignleft wp-image-2262 size-medium\" src=\"http:\/\/www.vom-elbhochufer.de\/wp-content\/uploads\/2022\/02\/DSC_0004-300x199.jpg\" alt=\"\" width=\"300\" height=\"199\" srcset=\"https:\/\/www.vom-elbhochufer.de\/wp-content\/uploads\/2022\/02\/DSC_0004-300x199.jpg 300w, https:\/\/www.vom-elbhochufer.de\/wp-content\/uploads\/2022\/02\/DSC_0004-1024x678.jpg 1024w, https:\/\/www.vom-elbhochufer.de\/wp-content\/uploads\/2022\/02\/DSC_0004-768x509.jpg 768w, https:\/\/www.vom-elbhochufer.de\/wp-content\/uploads\/2022\/02\/DSC_0004-1536x1017.jpg 1536w, https:\/\/www.vom-elbhochufer.de\/wp-content\/uploads\/2022\/02\/DSC_0004-2048x1356.jpg 2048w\" sizes=\"auto, (max-width: 300px) 100vw, 300px\" \/><\/a>&#8222;P\u00fcppi&#8220; ist eine eher zur\u00fcckhaltende Katze. Sie ist oft unsicher und interpretiert das Verhalten der anderen Katzen nicht richtig. Deswegen kommt es immer wieder zu Streitigkeiten mit Philine und Jackie. Wir haben uns dazu entschlossen ein ruhigeres Zuhause f\u00fcr sie zu suchen. Ein Mehrkatzenhaushalt ist nicht das richtige f\u00fcr unsere kleine Kuschelmaus.<br \/>-P\u00fcppi ist bereits ausgezogen-<\/p>\n<p>P\u00fcppi hat sich zu einer h\u00fcbschen kleinen Katze entwickelt. Sie hat eine \u00e4hnlich sch\u00f6ne Augenfarbe wie ihr Bruder Kian und ein richtiges Puppengesicht. P\u00fcppi hat tolles, dichtes Fell, das nicht zu weich ist aber trotzdem kuschelig&#8230;.<br \/>In ihre \u00d6hrchen wird sie wohl nicht mehr reinwachsen. Daf\u00fcr ist sie sonst eine sch\u00f6n harmonische Katze.<\/p>\n<table style=\"height: 462px;\" width=\"780\">\n<tbody>\n<tr>\n<td rowspan=\"8\" width=\"124\">World Ch. John Snow Laureen Cherie<br \/>BKH blue<\/td>\n<td rowspan=\"4\" width=\"155\">Natsumi Blue Angel Luludi (pl) BKH blue<\/td>\n<td rowspan=\"2\" width=\"221\">Inky Imagine Roxera<\/td>\n<td rowspan=\"1\" width=\"305\">Finch&#8217;s Cooper<\/td>\n<\/tr>\n<tr>\n<td rowspan=\"1\" width=\"305\">Desdemona Roxera<\/td>\n<\/tr>\n<tr>\n<td rowspan=\"2\" width=\"221\">Merilin Monroe Roxera<\/td>\n<td rowspan=\"1\" width=\"305\">Kolinga Claude Monet<\/td>\n<\/tr>\n<tr>\n<td rowspan=\"1\" width=\"305\">Jolly Luludi<\/td>\n<\/tr>\n<tr>\n<td rowspan=\"4\" width=\"155\">P<span class=\"_5yl5\">hiladelphia Diamond Regnum (ru) BKH l<\/span>ilac<\/td>\n<td rowspan=\"2\" width=\"221\">Cesar Caro Mio de la Horsky Park<\/td>\n<td rowspan=\"1\" width=\"305\">Eye Catcher of Daisy&#8217;s Home<\/td>\n<\/tr>\n<tr>\n<td rowspan=\"1\" width=\"305\">Uemmi Bugaboo<\/td>\n<\/tr>\n<tr>\n<td rowspan=\"2\" width=\"221\">Renesmee Laureen Cherie<\/td>\n<td rowspan=\"1\" width=\"305\">Pokerface of Tommy&#8217;s Town House<\/td>\n<\/tr>\n<tr>\n<td rowspan=\"1\" width=\"305\">Mandarine British Velvet<\/td>\n<\/tr>\n<tr>\n<td rowspan=\"8\" width=\"124\">Gr. Int. Ch.<br \/>White Snow von der Veste<br \/>BLH<br \/>white\/orange eyed<\/td>\n<td rowspan=\"4\" width=\"155\">Ch. Cai von der Veste<br \/>BKH white\/orange eyed<\/td>\n<td rowspan=\"2\" width=\"221\">Rauswurf vom Bavarian Roy von der Veste<br \/>white\/orange eyed<\/td>\n<td rowspan=\"1\" width=\"305\">Hokus Pokus of the Lilac Star<\/td>\n<\/tr>\n<tr>\n<td rowspan=\"1\" width=\"305\">Indora von der Veste<\/td>\n<\/tr>\n<tr>\n<td rowspan=\"2\" width=\"221\">Pamila von der Veste<br \/>blue tortie<\/td>\n<td rowspan=\"1\" width=\"305\">Lord Lovely Panther of von der Veste<\/td>\n<\/tr>\n<tr>\n<td rowspan=\"1\" width=\"305\">Cinderella of Sparkling Diamant<\/td>\n<\/tr>\n<tr>\n<td rowspan=\"4\" width=\"155\">Talia von der Veste<br \/>blue tortie<\/td>\n<td rowspan=\"2\" width=\"221\">Gismo von der Veste<br \/>creme<\/td>\n<td rowspan=\"1\" width=\"305\">Marvin vom W\u00fcrmtal<\/td>\n<\/tr>\n<tr>\n<td rowspan=\"1\" width=\"305\">Daisy von den Palmen<\/td>\n<\/tr>\n<tr>\n<td rowspan=\"2\" width=\"221\">Gwendoline von Wolfstein<br \/>blue<\/td>\n<td rowspan=\"1\" width=\"305\">Dominik von Fucikberg<\/td>\n<\/tr>\n<tr>\n<td rowspan=\"1\" width=\"305\">Angelique von den Aurachwiesen<\/td>\n<\/tr>\n<\/tbody>\n<\/table>\n\n\n<figure class=\"wp-block-gallery columns-4 is-cropped wp-block-gallery-1 is-layout-flex wp-block-gallery-is-layout-flex\"><ul class=\"blocks-gallery-grid\"><li class=\"blocks-gallery-item\"><figure><img loading=\"lazy\" decoding=\"async\" width=\"900\" height=\"1024\" src=\"http:\/\/www.vom-elbhochufer.de\/wp-content\/uploads\/2020\/03\/k2-3-900x1024.jpg\" alt=\"\" data-id=\"1976\" data-link=\"http:\/\/www.vom-elbhochufer.de\/?attachment_id=1976\" class=\"wp-image-1976\" srcset=\"https:\/\/www.vom-elbhochufer.de\/wp-content\/uploads\/2020\/03\/k2-3-900x1024.jpg 900w, https:\/\/www.vom-elbhochufer.de\/wp-content\/uploads\/2020\/03\/k2-3-264x300.jpg 264w, https:\/\/www.vom-elbhochufer.de\/wp-content\/uploads\/2020\/03\/k2-3-768x874.jpg 768w\" sizes=\"auto, (max-width: 900px) 100vw, 900px\" \/><\/figure><\/li><li class=\"blocks-gallery-item\"><figure><img loading=\"lazy\" decoding=\"async\" width=\"1024\" height=\"831\" src=\"http:\/\/www.vom-elbhochufer.de\/wp-content\/uploads\/2020\/03\/k3-1-1024x831.jpg\" alt=\"\" data-id=\"1977\" data-link=\"http:\/\/www.vom-elbhochufer.de\/?attachment_id=1977\" class=\"wp-image-1977\" srcset=\"https:\/\/www.vom-elbhochufer.de\/wp-content\/uploads\/2020\/03\/k3-1-1024x831.jpg 1024w, https:\/\/www.vom-elbhochufer.de\/wp-content\/uploads\/2020\/03\/k3-1-300x244.jpg 300w, https:\/\/www.vom-elbhochufer.de\/wp-content\/uploads\/2020\/03\/k3-1-768x623.jpg 768w\" sizes=\"auto, (max-width: 1024px) 100vw, 1024px\" \/><\/figure><\/li><li class=\"blocks-gallery-item\"><figure><img loading=\"lazy\" decoding=\"async\" width=\"951\" height=\"1024\" src=\"http:\/\/www.vom-elbhochufer.de\/wp-content\/uploads\/2020\/03\/k4-1-951x1024.jpg\" alt=\"\" data-id=\"1978\" data-link=\"http:\/\/www.vom-elbhochufer.de\/?attachment_id=1978\" class=\"wp-image-1978\" srcset=\"https:\/\/www.vom-elbhochufer.de\/wp-content\/uploads\/2020\/03\/k4-1-951x1024.jpg 951w, https:\/\/www.vom-elbhochufer.de\/wp-content\/uploads\/2020\/03\/k4-1-279x300.jpg 279w, https:\/\/www.vom-elbhochufer.de\/wp-content\/uploads\/2020\/03\/k4-1-768x827.jpg 768w\" sizes=\"auto, (max-width: 951px) 100vw, 951px\" \/><\/figure><\/li><li class=\"blocks-gallery-item\"><figure><img loading=\"lazy\" decoding=\"async\" width=\"1024\" height=\"892\" src=\"http:\/\/www.vom-elbhochufer.de\/wp-content\/uploads\/2020\/03\/K5-1024x892.jpg\" alt=\"\" data-id=\"1981\" data-link=\"http:\/\/www.vom-elbhochufer.de\/?attachment_id=1981\" class=\"wp-image-1981\" srcset=\"https:\/\/www.vom-elbhochufer.de\/wp-content\/uploads\/2020\/03\/K5-1024x892.jpg 1024w, https:\/\/www.vom-elbhochufer.de\/wp-content\/uploads\/2020\/03\/K5-300x261.jpg 300w, https:\/\/www.vom-elbhochufer.de\/wp-content\/uploads\/2020\/03\/K5-768x669.jpg 768w\" sizes=\"auto, (max-width: 1024px) 100vw, 1024px\" \/><\/figure><\/li><li class=\"blocks-gallery-item\"><figure><img loading=\"lazy\" decoding=\"async\" width=\"1024\" height=\"678\" src=\"http:\/\/www.vom-elbhochufer.de\/wp-content\/uploads\/2020\/03\/k7-1024x678.jpg\" alt=\"\" data-id=\"1984\" data-link=\"http:\/\/www.vom-elbhochufer.de\/?attachment_id=1984\" class=\"wp-image-1984\" srcset=\"https:\/\/www.vom-elbhochufer.de\/wp-content\/uploads\/2020\/03\/k7-1024x678.jpg 1024w, https:\/\/www.vom-elbhochufer.de\/wp-content\/uploads\/2020\/03\/k7-300x199.jpg 300w, https:\/\/www.vom-elbhochufer.de\/wp-content\/uploads\/2020\/03\/k7-768x509.jpg 768w\" sizes=\"auto, (max-width: 1024px) 100vw, 1024px\" \/><\/figure><\/li><\/ul><\/figure>\n\n\n\n<figure class=\"wp-block-gallery columns-3 is-cropped wp-block-gallery-2 is-layout-flex wp-block-gallery-is-layout-flex\"><ul class=\"blocks-gallery-grid\"><li class=\"blocks-gallery-item\"><figure><img loading=\"lazy\" decoding=\"async\" width=\"1024\" height=\"678\" src=\"http:\/\/www.vom-elbhochufer.de\/wp-content\/uploads\/2022\/02\/DSC_0002-1024x678.jpg\" alt=\"\" data-id=\"2263\" data-full-url=\"http:\/\/www.vom-elbhochufer.de\/wp-content\/uploads\/2022\/02\/DSC_0002-scaled.jpg\" data-link=\"http:\/\/www.vom-elbhochufer.de\/?attachment_id=2263\" class=\"wp-image-2263\" srcset=\"https:\/\/www.vom-elbhochufer.de\/wp-content\/uploads\/2022\/02\/DSC_0002-1024x678.jpg 1024w, https:\/\/www.vom-elbhochufer.de\/wp-content\/uploads\/2022\/02\/DSC_0002-300x199.jpg 300w, https:\/\/www.vom-elbhochufer.de\/wp-content\/uploads\/2022\/02\/DSC_0002-768x509.jpg 768w, https:\/\/www.vom-elbhochufer.de\/wp-content\/uploads\/2022\/02\/DSC_0002-1536x1017.jpg 1536w, https:\/\/www.vom-elbhochufer.de\/wp-content\/uploads\/2022\/02\/DSC_0002-2048x1356.jpg 2048w\" sizes=\"auto, (max-width: 1024px) 100vw, 1024px\" \/><\/figure><\/li><li class=\"blocks-gallery-item\"><figure><img loading=\"lazy\" decoding=\"async\" width=\"1024\" height=\"678\" src=\"http:\/\/www.vom-elbhochufer.de\/wp-content\/uploads\/2022\/02\/DSC_0001-1024x678.jpg\" alt=\"\" data-id=\"2264\" data-full-url=\"http:\/\/www.vom-elbhochufer.de\/wp-content\/uploads\/2022\/02\/DSC_0001-scaled.jpg\" data-link=\"http:\/\/www.vom-elbhochufer.de\/?attachment_id=2264\" class=\"wp-image-2264\" srcset=\"https:\/\/www.vom-elbhochufer.de\/wp-content\/uploads\/2022\/02\/DSC_0001-1024x678.jpg 1024w, https:\/\/www.vom-elbhochufer.de\/wp-content\/uploads\/2022\/02\/DSC_0001-300x199.jpg 300w, https:\/\/www.vom-elbhochufer.de\/wp-content\/uploads\/2022\/02\/DSC_0001-768x509.jpg 768w, https:\/\/www.vom-elbhochufer.de\/wp-content\/uploads\/2022\/02\/DSC_0001-1536x1017.jpg 1536w, https:\/\/www.vom-elbhochufer.de\/wp-content\/uploads\/2022\/02\/DSC_0001-2048x1356.jpg 2048w\" sizes=\"auto, (max-width: 1024px) 100vw, 1024px\" \/><\/figure><\/li><li class=\"blocks-gallery-item\"><figure><img loading=\"lazy\" decoding=\"async\" width=\"1024\" height=\"678\" src=\"http:\/\/www.vom-elbhochufer.de\/wp-content\/uploads\/2022\/02\/DSC_0003-1024x678.jpg\" alt=\"\" data-id=\"2265\" data-full-url=\"http:\/\/www.vom-elbhochufer.de\/wp-content\/uploads\/2022\/02\/DSC_0003-scaled.jpg\" data-link=\"http:\/\/www.vom-elbhochufer.de\/?attachment_id=2265\" class=\"wp-image-2265\" srcset=\"https:\/\/www.vom-elbhochufer.de\/wp-content\/uploads\/2022\/02\/DSC_0003-1024x678.jpg 1024w, https:\/\/www.vom-elbhochufer.de\/wp-content\/uploads\/2022\/02\/DSC_0003-300x199.jpg 300w, https:\/\/www.vom-elbhochufer.de\/wp-content\/uploads\/2022\/02\/DSC_0003-768x509.jpg 768w, https:\/\/www.vom-elbhochufer.de\/wp-content\/uploads\/2022\/02\/DSC_0003-1536x1017.jpg 1536w, https:\/\/www.vom-elbhochufer.de\/wp-content\/uploads\/2022\/02\/DSC_0003-2048x1356.jpg 2048w\" sizes=\"auto, (max-width: 1024px) 100vw, 1024px\" \/><\/figure><\/li><\/ul><figcaption class=\"blocks-gallery-caption\">Kian vom Elbhochufer<\/figcaption><\/figure>\n\n\n\n<figure class=\"wp-block-gallery columns-3 is-cropped wp-block-gallery-3 is-layout-flex wp-block-gallery-is-layout-flex\"><ul class=\"blocks-gallery-grid\"><li class=\"blocks-gallery-item\"><figure><img loading=\"lazy\" decoding=\"async\" width=\"719\" height=\"1024\" src=\"http:\/\/www.vom-elbhochufer.de\/wp-content\/uploads\/2022\/02\/DSC_0138-719x1024.jpg\" alt=\"\" data-id=\"2259\" data-full-url=\"http:\/\/www.vom-elbhochufer.de\/wp-content\/uploads\/2022\/02\/DSC_0138-scaled.jpg\" data-link=\"http:\/\/www.vom-elbhochufer.de\/?attachment_id=2259\" class=\"wp-image-2259\" srcset=\"https:\/\/www.vom-elbhochufer.de\/wp-content\/uploads\/2022\/02\/DSC_0138-719x1024.jpg 719w, https:\/\/www.vom-elbhochufer.de\/wp-content\/uploads\/2022\/02\/DSC_0138-211x300.jpg 211w, https:\/\/www.vom-elbhochufer.de\/wp-content\/uploads\/2022\/02\/DSC_0138-768x1094.jpg 768w, https:\/\/www.vom-elbhochufer.de\/wp-content\/uploads\/2022\/02\/DSC_0138-1079x1536.jpg 1079w, https:\/\/www.vom-elbhochufer.de\/wp-content\/uploads\/2022\/02\/DSC_0138-1438x2048.jpg 1438w, https:\/\/www.vom-elbhochufer.de\/wp-content\/uploads\/2022\/02\/DSC_0138-scaled.jpg 1798w\" sizes=\"auto, (max-width: 719px) 100vw, 719px\" \/><\/figure><\/li><li class=\"blocks-gallery-item\"><figure><img loading=\"lazy\" decoding=\"async\" width=\"1024\" height=\"707\" src=\"http:\/\/www.vom-elbhochufer.de\/wp-content\/uploads\/2022\/02\/DSC_0134-1024x707.jpg\" alt=\"\" data-id=\"2261\" data-full-url=\"http:\/\/www.vom-elbhochufer.de\/wp-content\/uploads\/2022\/02\/DSC_0134-scaled.jpg\" data-link=\"http:\/\/www.vom-elbhochufer.de\/?attachment_id=2261\" class=\"wp-image-2261\" srcset=\"https:\/\/www.vom-elbhochufer.de\/wp-content\/uploads\/2022\/02\/DSC_0134-1024x707.jpg 1024w, https:\/\/www.vom-elbhochufer.de\/wp-content\/uploads\/2022\/02\/DSC_0134-300x207.jpg 300w, https:\/\/www.vom-elbhochufer.de\/wp-content\/uploads\/2022\/02\/DSC_0134-768x530.jpg 768w, https:\/\/www.vom-elbhochufer.de\/wp-content\/uploads\/2022\/02\/DSC_0134-1536x1061.jpg 1536w, https:\/\/www.vom-elbhochufer.de\/wp-content\/uploads\/2022\/02\/DSC_0134-2048x1414.jpg 2048w\" sizes=\"auto, (max-width: 1024px) 100vw, 1024px\" \/><\/figure><\/li><li class=\"blocks-gallery-item\"><figure><img loading=\"lazy\" decoding=\"async\" width=\"1024\" height=\"800\" src=\"http:\/\/www.vom-elbhochufer.de\/wp-content\/uploads\/2022\/02\/DSC_0132-1024x800.jpg\" alt=\"\" data-id=\"2260\" data-full-url=\"http:\/\/www.vom-elbhochufer.de\/wp-content\/uploads\/2022\/02\/DSC_0132-scaled.jpg\" data-link=\"http:\/\/www.vom-elbhochufer.de\/?attachment_id=2260\" class=\"wp-image-2260\" srcset=\"https:\/\/www.vom-elbhochufer.de\/wp-content\/uploads\/2022\/02\/DSC_0132-1024x800.jpg 1024w, https:\/\/www.vom-elbhochufer.de\/wp-content\/uploads\/2022\/02\/DSC_0132-300x234.jpg 300w, https:\/\/www.vom-elbhochufer.de\/wp-content\/uploads\/2022\/02\/DSC_0132-768x600.jpg 768w, https:\/\/www.vom-elbhochufer.de\/wp-content\/uploads\/2022\/02\/DSC_0132-1536x1200.jpg 1536w, https:\/\/www.vom-elbhochufer.de\/wp-content\/uploads\/2022\/02\/DSC_0132-2048x1600.jpg 2048w\" sizes=\"auto, (max-width: 1024px) 100vw, 1024px\" \/><\/figure><\/li><li class=\"blocks-gallery-item\"><figure><img loading=\"lazy\" decoding=\"async\" width=\"1024\" height=\"681\" src=\"http:\/\/www.vom-elbhochufer.de\/wp-content\/uploads\/2020\/09\/Kian4-1024x681.jpg\" alt=\"\" data-id=\"2023\" data-full-url=\"http:\/\/www.vom-elbhochufer.de\/wp-content\/uploads\/2020\/09\/Kian4.jpg\" data-link=\"http:\/\/www.vom-elbhochufer.de\/?attachment_id=2023\" class=\"wp-image-2023\" srcset=\"https:\/\/www.vom-elbhochufer.de\/wp-content\/uploads\/2020\/09\/Kian4-1024x681.jpg 1024w, https:\/\/www.vom-elbhochufer.de\/wp-content\/uploads\/2020\/09\/Kian4-300x199.jpg 300w, https:\/\/www.vom-elbhochufer.de\/wp-content\/uploads\/2020\/09\/Kian4-768x510.jpg 768w, https:\/\/www.vom-elbhochufer.de\/wp-content\/uploads\/2020\/09\/Kian4.jpg 1500w\" sizes=\"auto, (max-width: 1024px) 100vw, 1024px\" \/><\/figure><\/li><\/ul><\/figure>\n","protected":false},"excerpt":{"rendered":"<p>Kelija vom Elbhochufer aka P\u00fcppi Britisch Kurzhaar *17.12.2019Farbe: black tortietr\u00e4gt Verd\u00fcnnung, Langhaar-Gen, chocolate PKD Gentest negativ HCM Schall unauff\u00e4llig Blutgruppe A\/? *17.02.2020 die stolzen Eltern sind: World Ch. John Snow Laureen Cherie &amp; Gr. Int. Ch. White Snow von der Veste . &#8222;P\u00fcppi&#8220; ist eine eher zur\u00fcckhaltende Katze. Sie ist oft unsicher und interpretiert das&hellip; <a class=\"more-link\" href=\"https:\/\/www.vom-elbhochufer.de\/?page_id=2075\"><span class=\"screen-reader-text\">Kelija<\/span> weiterlesen<\/a><\/p>\n","protected":false},"author":1,"featured_media":0,"parent":38,"menu_order":0,"comment_status":"closed","ping_status":"closed","template":"","meta":{"footnotes":""},"class_list":["post-2075","page","type-page","status-publish","hentry","entry"],"_links":{"self":[{"href":"https:\/\/www.vom-elbhochufer.de\/index.php?rest_route=\/wp\/v2\/pages\/2075","targetHints":{"allow":["GET"]}}],"collection":[{"href":"https:\/\/www.vom-elbhochufer.de\/index.php?rest_route=\/wp\/v2\/pages"}],"about":[{"href":"https:\/\/www.vom-elbhochufer.de\/index.php?rest_route=\/wp\/v2\/types\/page"}],"author":[{"embeddable":true,"href":"https:\/\/www.vom-elbhochufer.de\/index.php?rest_route=\/wp\/v2\/users\/1"}],"replies":[{"embeddable":true,"href":"https:\/\/www.vom-elbhochufer.de\/index.php?rest_route=%2Fwp%2Fv2%2Fcomments&post=2075"}],"version-history":[{"count":1,"href":"https:\/\/www.vom-elbhochufer.de\/index.php?rest_route=\/wp\/v2\/pages\/2075\/revisions"}],"predecessor-version":[{"id":2266,"href":"https:\/\/www.vom-elbhochufer.de\/index.php?rest_route=\/wp\/v2\/pages\/2075\/revisions\/2266"}],"up":[{"embeddable":true,"href":"https:\/\/www.vom-elbhochufer.de\/index.php?rest_route=\/wp\/v2\/pages\/38"}],"wp:attachment":[{"href":"https:\/\/www.vom-elbhochufer.de\/index.php?rest_route=%2Fwp%2Fv2%2Fmedia&parent=2075"}],"curies":[{"name":"wp","href":"https:\/\/api.w.org\/{rel}","templated":true}]}}