{"id":2183,"date":"2021-07-16T12:18:45","date_gmt":"2021-07-16T11:18:45","guid":{"rendered":"http:\/\/www.vom-elbhochufer.de\/?page_id=2183"},"modified":"2022-01-30T18:26:43","modified_gmt":"2022-01-30T17:26:43","slug":"m-wurf-vom-elbhochufer","status":"publish","type":"page","link":"https:\/\/www.vom-elbhochufer.de\/?page_id=2183","title":{"rendered":"M- Wurf vom Elbhochufer"},"content":{"rendered":"\n<h3 class=\"wp-block-heading\">unser M-Wurf ~vom Elbhochufer~!<\/h3>\n\n\n\n<div class=\"wp-block-image is-style-default\"><figure class=\"alignright size-large is-resized\"><a href=\"http:\/\/www.vom-elbhochufer.de\/wp-content\/uploads\/2021\/07\/DSC_0010.jpg\"><img loading=\"lazy\" decoding=\"async\" src=\"http:\/\/www.vom-elbhochufer.de\/wp-content\/uploads\/2021\/07\/DSC_0010-1024x630.jpg\" alt=\"\" class=\"wp-image-2184\" width=\"512\" height=\"315\" srcset=\"https:\/\/www.vom-elbhochufer.de\/wp-content\/uploads\/2021\/07\/DSC_0010-1024x630.jpg 1024w, https:\/\/www.vom-elbhochufer.de\/wp-content\/uploads\/2021\/07\/DSC_0010-300x184.jpg 300w, https:\/\/www.vom-elbhochufer.de\/wp-content\/uploads\/2021\/07\/DSC_0010-768x472.jpg 768w, https:\/\/www.vom-elbhochufer.de\/wp-content\/uploads\/2021\/07\/DSC_0010.jpg 1301w\" sizes=\"auto, (max-width: 512px) 100vw, 512px\" \/><\/a><figcaption>Jackie mit ihren Kitten im Alter von 5 Tagen<\/figcaption><\/figure><\/div>\n\n\n\n<p>*01.07.2021<\/p>\n\n\n\n<p>die stolzen Eltern sind:<\/p>\n\n\n\n<h5 class=\"wp-block-heading\">John Snow Laureen Cherie  &amp;  Jonna Jacqueline vom Elbhochufer<\/h5>\n\n\n\n<p><strong>John Snow<\/strong>: BkH in der Farbe: blau \/blue, Blutgruppe b, HCM negativ, PKD Gentest negativ.<br><strong>Jackie<\/strong>: BlH in der Farbe: white \/ orange eyed (wei\u00df mit orangefarbenen Augen) tr\u00e4gt chocolate, Blutgruppe A\/b, PKD Gentest negativ, HCM negativ.<br><\/p>\n\n\n\n<p>\u201e<strong>John Snow<\/strong>\u201c ist ein bildsch\u00f6ner Britisch Kurzhaar Kater. Er hat dichtes, crispes Fell, ein sch\u00f6nes, helles Blau und einen sch\u00f6nen, runden Kopf. John Snow ist ein sozialer und freundlicher Kater, der sich sehr um seine M\u00e4dels bem\u00fcht.<\/p>\n\n\n\n<div class=\"wp-block-image\"><figure class=\"alignleft size-medium\"><img loading=\"lazy\" decoding=\"async\" width=\"300\" height=\"215\" src=\"http:\/\/www.vom-elbhochufer.de\/wp-content\/uploads\/2020\/09\/DSC_0002-scaled-e1600026425435-300x215.jpg\" alt=\"\" class=\"wp-image-2030\" srcset=\"https:\/\/www.vom-elbhochufer.de\/wp-content\/uploads\/2020\/09\/DSC_0002-scaled-e1600026425435-300x215.jpg 300w, https:\/\/www.vom-elbhochufer.de\/wp-content\/uploads\/2020\/09\/DSC_0002-scaled-e1600026425435-1024x735.jpg 1024w, https:\/\/www.vom-elbhochufer.de\/wp-content\/uploads\/2020\/09\/DSC_0002-scaled-e1600026425435-768x551.jpg 768w, https:\/\/www.vom-elbhochufer.de\/wp-content\/uploads\/2020\/09\/DSC_0002-scaled-e1600026425435.jpg 1248w\" sizes=\"auto, (max-width: 300px) 100vw, 300px\" \/><figcaption>Jackie<\/figcaption><\/figure><\/div>\n\n\n\n<p>&#8222;<strong>Jackie<\/strong>&#8220; ist eine &#8222;echte Katze&#8220;. Sie &#8222;muss&#8220; einfach \u00fcberall rauf- oder reinklettern. Kein &#8222;Stell-mich-hin&#8220; ist vor ihr sicher: wenn ihr danach ist, wird es vom Regal geschubst und  hinterher geschaut, ob es kaputt gegangen ist. Jackie ist willensstark und furchtlos. Sie spielt viel und gerne und sie unterh\u00e4lt sich gerne mit ihren Menschen. Sie hat schneewei\u00dfes, dichtes Fell. Jackie hat ganz viel Liebe zu geben, sie kuschelt stundenlang mit ihren Menschen und w\u00fcrde uns dabei auch ebenso lange ablecken, wenn sie d\u00fcrfte.<\/p>\n\n\n\n<p>Dies ist Jackie&#8217;s erster Wurf. Sie Geburt hat sich ganz souver\u00e4n gemeistert. Sie ist eine sehr aufmerksame und liebevolle Mutterkatze. Die Kleinen nehmen gut zu und es ist eine friedliche und harmonische Stimmung in der Wurfkiste. <\/p>\n\n\n\n<div class=\"wp-block-image\"><figure class=\"aligncenter size-large is-resized\"><img loading=\"lazy\" decoding=\"async\" src=\"http:\/\/www.vom-elbhochufer.de\/wp-content\/uploads\/2021\/07\/DSC_0007-1024x678.jpg\" alt=\"\" class=\"wp-image-2185\" width=\"768\" height=\"509\" srcset=\"https:\/\/www.vom-elbhochufer.de\/wp-content\/uploads\/2021\/07\/DSC_0007-1024x678.jpg 1024w, https:\/\/www.vom-elbhochufer.de\/wp-content\/uploads\/2021\/07\/DSC_0007-300x199.jpg 300w, https:\/\/www.vom-elbhochufer.de\/wp-content\/uploads\/2021\/07\/DSC_0007-768x509.jpg 768w, https:\/\/www.vom-elbhochufer.de\/wp-content\/uploads\/2021\/07\/DSC_0007.jpg 1510w\" sizes=\"auto, (max-width: 768px) 100vw, 768px\" \/><figcaption>M-Wurf vom Elbhochufer im Alter von 5 Tagen<\/figcaption><\/figure><\/div>\n\n\n\n<h5 class=\"wp-block-heading\">Und das sind unsere Kitten:<\/h5>\n\n\n\n<p>Unser M-Wurf besteht aus 6 zauberhaften Kitten:<\/p>\n\n\n<p>\u00a0<\/p>\n<table id=\"kasten-hell\" style=\"border-width: 1px; border-collapse: collapse; height: 566px;\" border=\"1\" width=\"697\" cellspacing=\"0\">\n<tbody>\n<tr>\n<td align=\"center\" width=\"150\" height=\"7\">\n<p style=\"text-align: center;\"><b>Name<\/b><\/p>\n<\/td>\n<td align=\"center\" width=\"118\" height=\"7\">\n<p style=\"text-align: center;\"><strong>Geschlecht<\/strong><\/p>\n<\/td>\n<td align=\"center\" width=\"134\" height=\"7\">\n<p style=\"text-align: center;\"><strong>Farbe<\/strong><\/p>\n<\/td>\n<td align=\"center\" width=\"167\" height=\"7\">\n<p style=\"text-align: center;\"><b>Langhaar\/Kurzhaar<\/b><\/p>\n<\/td>\n<td align=\"center\" width=\"167\" height=\"7\">\n<p style=\"text-align: center;\"><b>Status<\/b><\/p>\n<\/td>\n<\/tr>\n<tr>\n<td align=\"center\" width=\"150\" height=\"18\">Merlin<\/td>\n<td align=\"center\" width=\"118\" height=\"18\">m<\/td>\n<td align=\"center\" width=\"134\" height=\"18\">lilac<\/td>\n<td align=\"center\" width=\"167\" height=\"18\">Langhaar<\/td>\n<td align=\"center\" width=\"167\" height=\"7\">\n<p style=\"text-align: center;\"><b>vergeben<\/b><\/p>\n<\/td>\n<\/tr>\n<tr>\n<td align=\"center\" width=\"150\" height=\"18\">Maraja<\/td>\n<td align=\"center\" width=\"118\" height=\"18\">w<\/td>\n<td align=\"center\" width=\"134\" height=\"18\">white \/ orange eyed<\/td>\n<td align=\"center\" width=\"167\" height=\"18\">Langhaar<\/td>\n<td align=\"center\" width=\"167\" height=\"7\">\n<p style=\"text-align: center;\"><b>vergeben<br \/><\/b><\/p>\n<\/td>\n<\/tr>\n<tr>\n<td align=\"center\" width=\"150\" height=\"18\">Minna<\/td>\n<td align=\"center\" width=\"118\" height=\"18\">w<\/td>\n<td align=\"center\" width=\"134\" height=\"18\">lilac<\/td>\n<td align=\"center\" width=\"167\" height=\"18\">Kurzhaar<\/td>\n<td align=\"center\" width=\"167\" height=\"7\">\n<p style=\"text-align: center;\"><b>vergeben<\/b><\/p>\n<\/td>\n<\/tr>\n<tr>\n<td align=\"center\" width=\"150\" height=\"18\">Mylo<\/td>\n<td align=\"center\" width=\"118\" height=\"18\">m<\/td>\n<td align=\"center\" width=\"134\" height=\"18\">white \/ orange eyed<\/td>\n<td align=\"center\" width=\"167\" height=\"18\">Kurzhaar<\/td>\n<td align=\"center\" width=\"167\" height=\"7\">\n<p style=\"text-align: center;\"><b>vergeben<\/b><\/p>\n<\/td>\n<\/tr>\n<tr>\n<td align=\"center\" width=\"150\" height=\"18\">Minou<\/td>\n<td align=\"center\" width=\"118\" height=\"18\">w<\/td>\n<td align=\"center\" width=\"134\" height=\"18\">lilac<\/td>\n<td align=\"center\" width=\"167\" height=\"18\">Langhaar<\/td>\n<td align=\"center\" width=\"167\" height=\"7\">\n<p style=\"text-align: center;\"><b>vergeben<\/b><\/p>\n<\/td>\n<\/tr>\n<tr>\n<td align=\"center\" width=\"150\" height=\"18\">Malea<\/td>\n<td align=\"center\" width=\"118\" height=\"18\">w<\/td>\n<td align=\"center\" width=\"134\" height=\"18\">white \/ orange eyed<\/td>\n<td align=\"center\" width=\"167\" height=\"18\">Kurzhaar<\/td>\n<td align=\"center\" width=\"167\" height=\"7\">\n<p style=\"text-align: center;\"><b>vergeben<\/b><\/p>\n<\/td>\n<\/tr>\n<\/tbody>\n<\/table>\n<h5>der Stammbaum unseres L-Wurfes:<\/h5>\n<table style=\"height: 462px;\" width=\"780\">\n<tbody>\n<tr>\n<td rowspan=\"8\" width=\"124\">Kitten Ch. Jonna Jacqueline vom Elbhochufer<br \/>BLH white orange eyed<\/td>\n<td rowspan=\"4\" width=\"155\">Int. Ch Easy Rider of British Sky<br \/>BKH blue<\/td>\n<td rowspan=\"2\" width=\"221\">Silver World Ch Oscar de la Renta of the Pepper King BLH blue<\/td>\n<td rowspan=\"1\" width=\"305\">Eur Ch Hurricane of the Lion King BKH blue<\/td>\n<\/tr>\n<tr>\n<td rowspan=\"1\" width=\"305\">Mademoiselle Ninette of the Pepper King BKH blue<\/td>\n<\/tr>\n<tr>\n<td rowspan=\"2\" width=\"221\">Polarstern von Rimberg<br \/>BKH lilac<\/td>\n<td rowspan=\"1\" width=\"305\">Ch. Whiskey Blue Diamond de la Horsky Park BKH blue<\/td>\n<\/tr>\n<tr>\n<td rowspan=\"1\" width=\"305\">Leonie von Rimberg BKH blue<\/td>\n<\/tr>\n<tr>\n<td rowspan=\"4\" width=\"155\">Gr Eur Ch Alida vom Elbhochufer BLH white\/ orange eyed<\/td>\n<td rowspan=\"2\" width=\"221\">Gr Eur Ch Willibald von der bunten Stadt BKH cream<\/td>\n<td rowspan=\"1\" width=\"305\">World Ch King von der bunten Stadt BKH lilac<\/td>\n<\/tr>\n<tr>\n<td rowspan=\"1\" width=\"305\">Ch Leonie von der bunten Stadt BKH lilac-tortie<\/td>\n<\/tr>\n<tr>\n<td rowspan=\"2\" width=\"221\">Gr Int Ch Xandra vom Audeichhof BKH white \/orange eyed<\/td>\n<td rowspan=\"1\" width=\"305\">RVDE-G\u00fc\/Gr Euro Ch Don Camillo vom Audeichhof BKH blue<\/td>\n<\/tr>\n<tr>\n<td rowspan=\"1\" width=\"305\">Ch Samti von Minzow BKH white\/orange eyes<\/td>\n<\/tr>\n<tr>\n<td rowspan=\"8\" width=\"124\">World Ch. John Snow Laureen Cherie<br \/>BKH blue<\/td>\n<td rowspan=\"4\" width=\"155\">Natsumi Blue Angel Luludi (pl) BKH blue<\/td>\n<td rowspan=\"2\" width=\"221\">Inky Imagine Roxera<\/td>\n<td rowspan=\"1\" width=\"305\">Finch\u2019s Cooper<\/td>\n<\/tr>\n<tr>\n<td rowspan=\"1\" width=\"305\">Desdemona Roxera<\/td>\n<\/tr>\n<tr>\n<td rowspan=\"2\" width=\"221\">Merilin Monroe Roxera<\/td>\n<td rowspan=\"1\" width=\"305\">Kolinga Claude Monet<\/td>\n<\/tr>\n<tr>\n<td rowspan=\"1\" width=\"305\">Jolly Luludi<\/td>\n<\/tr>\n<tr>\n<td rowspan=\"4\" width=\"155\">P<span class=\"_5yl5\">hiladelphia Diamond Regnum (ru) BKH l<\/span>ilac<\/td>\n<td rowspan=\"2\" width=\"221\">Cesar Caro Mio de la Horsky Park<\/td>\n<td rowspan=\"1\" width=\"305\">Eye Catcher of Daisy\u2019s Home<\/td>\n<\/tr>\n<tr>\n<td rowspan=\"1\" width=\"305\">Uemmi Bugaboo<\/td>\n<\/tr>\n<tr>\n<td rowspan=\"2\" width=\"221\">Renesmee Laureen Cherie<\/td>\n<td rowspan=\"1\" width=\"305\">Pokerface of Tommy\u2019s Town House<\/td>\n<\/tr>\n<tr>\n<td rowspan=\"1\" width=\"305\">Mandarine British Velvet<\/td>\n<\/tr>\n<\/tbody>\n<\/table>\n<div id='gallery-1' class='gallery galleryid-2183 gallery-columns-4 gallery-size-thumbnail'><figure class='gallery-item'>\n\t\t\t<div class='gallery-icon landscape'>\n\t\t\t\t<a href='https:\/\/www.vom-elbhochufer.de\/?attachment_id=2189'><img loading=\"lazy\" decoding=\"async\" width=\"150\" height=\"150\" src=\"https:\/\/www.vom-elbhochufer.de\/wp-content\/uploads\/2021\/07\/DSC_0010-1-150x150.jpg\" class=\"attachment-thumbnail size-thumbnail\" alt=\"\" style=\"width:100%;height:61.49%;max-width:1301px;\" \/><\/a>\n\t\t\t<\/div><\/figure><figure class='gallery-item'>\n\t\t\t<div class='gallery-icon landscape'>\n\t\t\t\t<a href='https:\/\/www.vom-elbhochufer.de\/?attachment_id=2185'><img loading=\"lazy\" decoding=\"async\" width=\"150\" height=\"150\" src=\"https:\/\/www.vom-elbhochufer.de\/wp-content\/uploads\/2021\/07\/DSC_0007-150x150.jpg\" class=\"attachment-thumbnail size-thumbnail\" alt=\"\" style=\"width:100%;height:66.23%;max-width:1510px;\" \/><\/a>\n\t\t\t<\/div><\/figure><figure class='gallery-item'>\n\t\t\t<div class='gallery-icon landscape'>\n\t\t\t\t<a href='https:\/\/www.vom-elbhochufer.de\/?attachment_id=2190'><img loading=\"lazy\" decoding=\"async\" width=\"150\" height=\"150\" src=\"https:\/\/www.vom-elbhochufer.de\/wp-content\/uploads\/2021\/07\/DSC_0003-150x150.jpg\" class=\"attachment-thumbnail size-thumbnail\" alt=\"\" style=\"width:100%;height:66.23%;max-width:1510px;\" \/><\/a>\n\t\t\t<\/div><\/figure><figure class='gallery-item'>\n\t\t\t<div class='gallery-icon landscape'>\n\t\t\t\t<a href='https:\/\/www.vom-elbhochufer.de\/?attachment_id=2194'><img loading=\"lazy\" decoding=\"async\" width=\"150\" height=\"150\" src=\"https:\/\/www.vom-elbhochufer.de\/wp-content\/uploads\/2021\/07\/DSC_0007-3-150x150.jpg\" class=\"attachment-thumbnail size-thumbnail\" alt=\"\" style=\"width:100%;height:66.23%;max-width:1510px;\" \/><\/a>\n\t\t\t<\/div><\/figure><figure class='gallery-item'>\n\t\t\t<div class='gallery-icon landscape'>\n\t\t\t\t<a href='https:\/\/www.vom-elbhochufer.de\/?attachment_id=2208'><img loading=\"lazy\" decoding=\"async\" width=\"150\" height=\"150\" src=\"https:\/\/www.vom-elbhochufer.de\/wp-content\/uploads\/2021\/08\/DSC_0020-150x150.jpg\" class=\"attachment-thumbnail size-thumbnail\" alt=\"\" style=\"width:100%;height:75.08%;max-width:1332px;\" \/><\/a>\n\t\t\t<\/div><\/figure><figure class='gallery-item'>\n\t\t\t<div class='gallery-icon landscape'>\n\t\t\t\t<a href='https:\/\/www.vom-elbhochufer.de\/?attachment_id=2209'><img loading=\"lazy\" decoding=\"async\" width=\"150\" height=\"150\" src=\"https:\/\/www.vom-elbhochufer.de\/wp-content\/uploads\/2021\/08\/DSC_0024-150x150.jpg\" class=\"attachment-thumbnail size-thumbnail\" alt=\"\" style=\"width:100%;height:71.29%;max-width:2104px;\" \/><\/a>\n\t\t\t<\/div><\/figure><figure class='gallery-item'>\n\t\t\t<div class='gallery-icon landscape'>\n\t\t\t\t<a href='https:\/\/www.vom-elbhochufer.de\/?attachment_id=2210'><img loading=\"lazy\" decoding=\"async\" width=\"150\" height=\"150\" src=\"https:\/\/www.vom-elbhochufer.de\/wp-content\/uploads\/2021\/08\/DSC_0025-150x150.jpg\" class=\"attachment-thumbnail size-thumbnail\" alt=\"\" style=\"width:100%;height:69.79%;max-width:2006px;\" \/><\/a>\n\t\t\t<\/div><\/figure><figure class='gallery-item'>\n\t\t\t<div class='gallery-icon landscape'>\n\t\t\t\t<a href='https:\/\/www.vom-elbhochufer.de\/?attachment_id=2211'><img loading=\"lazy\" decoding=\"async\" width=\"150\" height=\"150\" src=\"https:\/\/www.vom-elbhochufer.de\/wp-content\/uploads\/2021\/08\/DSC_0030-150x150.jpg\" class=\"attachment-thumbnail size-thumbnail\" alt=\"\" style=\"width:100%;height:67.08%;max-width:2236px;\" \/><\/a>\n\t\t\t<\/div><\/figure><figure class='gallery-item'>\n\t\t\t<div class='gallery-icon landscape'>\n\t\t\t\t<a href='https:\/\/www.vom-elbhochufer.de\/?attachment_id=2212'><img loading=\"lazy\" decoding=\"async\" width=\"150\" height=\"150\" src=\"https:\/\/www.vom-elbhochufer.de\/wp-content\/uploads\/2021\/08\/DSC_0031-150x150.jpg\" class=\"attachment-thumbnail size-thumbnail\" alt=\"\" style=\"width:100%;height:58.17%;max-width:2063px;\" \/><\/a>\n\t\t\t<\/div><\/figure>\n\t\t<\/div>\n","protected":false},"excerpt":{"rendered":"<p>unser M-Wurf ~vom Elbhochufer~! *01.07.2021 die stolzen Eltern sind: John Snow Laureen Cherie &amp; Jonna Jacqueline vom Elbhochufer John Snow: BkH in der Farbe: blau \/blue, Blutgruppe b, HCM negativ, PKD Gentest negativ.Jackie: BlH in der Farbe: white \/ orange eyed (wei\u00df mit orangefarbenen Augen) tr\u00e4gt chocolate, Blutgruppe A\/b, PKD Gentest negativ, HCM negativ. \u201eJohn&hellip; <a class=\"more-link\" href=\"https:\/\/www.vom-elbhochufer.de\/?page_id=2183\"><span class=\"screen-reader-text\">M- Wurf vom Elbhochufer<\/span> weiterlesen<\/a><\/p>\n","protected":false},"author":1,"featured_media":0,"parent":387,"menu_order":0,"comment_status":"closed","ping_status":"closed","template":"","meta":{"footnotes":""},"class_list":["post-2183","page","type-page","status-publish","hentry","entry"],"_links":{"self":[{"href":"https:\/\/www.vom-elbhochufer.de\/index.php?rest_route=\/wp\/v2\/pages\/2183","targetHints":{"allow":["GET"]}}],"collection":[{"href":"https:\/\/www.vom-elbhochufer.de\/index.php?rest_route=\/wp\/v2\/pages"}],"about":[{"href":"https:\/\/www.vom-elbhochufer.de\/index.php?rest_route=\/wp\/v2\/types\/page"}],"author":[{"embeddable":true,"href":"https:\/\/www.vom-elbhochufer.de\/index.php?rest_route=\/wp\/v2\/users\/1"}],"replies":[{"embeddable":true,"href":"https:\/\/www.vom-elbhochufer.de\/index.php?rest_route=%2Fwp%2Fv2%2Fcomments&post=2183"}],"version-history":[{"count":17,"href":"https:\/\/www.vom-elbhochufer.de\/index.php?rest_route=\/wp\/v2\/pages\/2183\/revisions"}],"predecessor-version":[{"id":2257,"href":"https:\/\/www.vom-elbhochufer.de\/index.php?rest_route=\/wp\/v2\/pages\/2183\/revisions\/2257"}],"up":[{"embeddable":true,"href":"https:\/\/www.vom-elbhochufer.de\/index.php?rest_route=\/wp\/v2\/pages\/387"}],"wp:attachment":[{"href":"https:\/\/www.vom-elbhochufer.de\/index.php?rest_route=%2Fwp%2Fv2%2Fmedia&parent=2183"}],"curies":[{"name":"wp","href":"https:\/\/api.w.org\/{rel}","templated":true}]}}