{"id":2270,"date":"2022-02-10T10:56:28","date_gmt":"2022-02-10T09:56:28","guid":{"rendered":"http:\/\/www.vom-elbhochufer.de\/?page_id=2270"},"modified":"2022-02-11T20:55:34","modified_gmt":"2022-02-11T19:55:34","slug":"kian","status":"publish","type":"page","link":"https:\/\/www.vom-elbhochufer.de\/?page_id=2270","title":{"rendered":"Kian"},"content":{"rendered":"<h3>Kian vom Elbhochufer <\/h3>\n<h5>Britisch Kurzhaar<a href=\"http:\/\/www.vom-elbhochufer.de\/wp-content\/uploads\/2022\/02\/Kian_240122_7.jpg\"><img loading=\"lazy\" decoding=\"async\" class=\"alignleft size-medium wp-image-2271\" src=\"http:\/\/www.vom-elbhochufer.de\/wp-content\/uploads\/2022\/02\/Kian_240122_7-300x277.jpg\" alt=\"\" width=\"300\" height=\"277\" srcset=\"https:\/\/www.vom-elbhochufer.de\/wp-content\/uploads\/2022\/02\/Kian_240122_7-300x277.jpg 300w, https:\/\/www.vom-elbhochufer.de\/wp-content\/uploads\/2022\/02\/Kian_240122_7-1024x944.jpg 1024w, https:\/\/www.vom-elbhochufer.de\/wp-content\/uploads\/2022\/02\/Kian_240122_7-768x708.jpg 768w, https:\/\/www.vom-elbhochufer.de\/wp-content\/uploads\/2022\/02\/Kian_240122_7-1536x1416.jpg 1536w, https:\/\/www.vom-elbhochufer.de\/wp-content\/uploads\/2022\/02\/Kian_240122_7.jpg 2000w\" sizes=\"auto, (max-width: 300px) 100vw, 300px\" \/><\/a><\/h5>\n<h6>*17.12.2019<br>Farbe: white orange eyes, genetisch lilac<br>reinerbig Kurzhaar<p><\/p>\n<\/h6>\n<address><strong>PKD Gentest negativ<\/strong><br><strong> HCM Schall unauff\u00e4llig<\/strong><br><strong> Blutgruppe A\/b<\/strong><\/address>\n<p>*17.02.2020<\/p>\n<h5>World Ch. John Snow Laureen Cherie &amp; Gr. Int. Ch. White Snow von der Veste<\/h5>\n<p><span style=\"color: #5aa5b6;\">. <\/span><\/p>\n<p>&#8222;Kian&#8220; ist ein echter Kuschelb\u00e4r. Er liebt F\u00fc\u00dfe und liegt auch gerne auf dem Scho\u00df und l\u00e4sst sich verw\u00f6hnen.<\/p>\n<p>Kian hat sich zu einem tollen Kater entwickelt. Er hat eine sehr dunkle Augenfarbe und gro\u00dfe runde Augen. Jetzt wo er erwachsen wird bekommt er ein rundes Katergesicht. Kian hat tolles, dichtes, nicht zu weiches Fell. Der Schwanz ist nicht zu lang und sch\u00f6n dick und an der Spritze abgerundet. Ich freue mich, dass wir diesen tollen Kater behalten haben!<\/p>\n<h5>Kian&#8217;s Stammbaum:<\/h5>\n<table style=\"height: 462px;\" width=\"780\">\n<tbody>\n<tr>\n<td rowspan=\"8\" width=\"124\">World Ch. John Snow Laureen Cherie<br>BKH blue<\/td>\n<td rowspan=\"4\" width=\"155\">Natsumi Blue Angel Luludi (pl) BKH blue<\/td>\n<td rowspan=\"2\" width=\"221\">Inky Imagine Roxera<\/td>\n<td rowspan=\"1\" width=\"305\">Finch&#8217;s Cooper<\/td>\n<\/tr>\n<tr>\n<td rowspan=\"1\" width=\"305\">Desdemona Roxera<\/td>\n<\/tr>\n<tr>\n<td rowspan=\"2\" width=\"221\">Merilin Monroe Roxera<\/td>\n<td rowspan=\"1\" width=\"305\">Kolinga Claude Monet<\/td>\n<\/tr>\n<tr>\n<td rowspan=\"1\" width=\"305\">Jolly Luludi<\/td>\n<\/tr>\n<tr>\n<td rowspan=\"4\" width=\"155\">P<span class=\"_5yl5\">hiladelphia Diamond Regnum (ru) BKH l<\/span>ilac<\/td>\n<td rowspan=\"2\" width=\"221\">Cesar Caro Mio de la Horsky Park<\/td>\n<td rowspan=\"1\" width=\"305\">Eye Catcher of Daisy&#8217;s Home<\/td>\n<\/tr>\n<tr>\n<td rowspan=\"1\" width=\"305\">Uemmi Bugaboo<\/td>\n<\/tr>\n<tr>\n<td rowspan=\"2\" width=\"221\">Renesmee Laureen Cherie<\/td>\n<td rowspan=\"1\" width=\"305\">Pokerface of Tommy&#8217;s Town House<\/td>\n<\/tr>\n<tr>\n<td rowspan=\"1\" width=\"305\">Mandarine British Velvet<\/td>\n<\/tr>\n<tr>\n<td rowspan=\"8\" width=\"124\">Gr. Int. Ch.<br>White Snow von der Veste<br>BLH<br>white\/orange eyed<\/td>\n<td rowspan=\"4\" width=\"155\">Ch. Cai von der Veste<br>BKH white\/orange eyed<\/td>\n<td rowspan=\"2\" width=\"221\">Rauswurf vom Bavarian Roy von der Veste<br>white\/orange eyed<\/td>\n<td rowspan=\"1\" width=\"305\">Hokus Pokus of the Lilac Star<\/td>\n<\/tr>\n<tr>\n<td rowspan=\"1\" width=\"305\">Indora von der Veste<\/td>\n<\/tr>\n<tr>\n<td rowspan=\"2\" width=\"221\">Pamila von der Veste<br>blue tortie<\/td>\n<td rowspan=\"1\" width=\"305\">Lord Lovely Panther of von der Veste<\/td>\n<\/tr>\n<tr>\n<td rowspan=\"1\" width=\"305\">Cinderella of Sparkling Diamant<\/td>\n<\/tr>\n<tr>\n<td rowspan=\"4\" width=\"155\">Talia von der Veste<br>blue tortie<\/td>\n<td rowspan=\"2\" width=\"221\">Gismo von der Veste<br>creme<\/td>\n<td rowspan=\"1\" width=\"305\">Marvin vom W\u00fcrmtal<\/td>\n<\/tr>\n<tr>\n<td rowspan=\"1\" width=\"305\">Daisy von den Palmen<\/td>\n<\/tr>\n<tr>\n<td rowspan=\"2\" width=\"221\">Gwendoline von Wolfstein<br>blue<\/td>\n<td rowspan=\"1\" width=\"305\">Dominik von Fucikberg<\/td>\n<\/tr>\n<tr>\n<td rowspan=\"1\" width=\"305\">Angelique von den Aurachwiesen<\/td>\n<\/tr>\n<\/tbody>\n<\/table>\n\n\n<figure class=\"wp-block-gallery columns-3 is-cropped wp-block-gallery-1 is-layout-flex wp-block-gallery-is-layout-flex\"><ul class=\"blocks-gallery-grid\"><li class=\"blocks-gallery-item\"><figure><img loading=\"lazy\" decoding=\"async\" width=\"1024\" height=\"944\" src=\"http:\/\/www.vom-elbhochufer.de\/wp-content\/uploads\/2022\/02\/Kian_240122_7-1024x944.jpg\" alt=\"\" data-id=\"2271\" data-full-url=\"http:\/\/www.vom-elbhochufer.de\/wp-content\/uploads\/2022\/02\/Kian_240122_7.jpg\" data-link=\"http:\/\/www.vom-elbhochufer.de\/?attachment_id=2271\" class=\"wp-image-2271\" srcset=\"https:\/\/www.vom-elbhochufer.de\/wp-content\/uploads\/2022\/02\/Kian_240122_7-1024x944.jpg 1024w, https:\/\/www.vom-elbhochufer.de\/wp-content\/uploads\/2022\/02\/Kian_240122_7-300x277.jpg 300w, https:\/\/www.vom-elbhochufer.de\/wp-content\/uploads\/2022\/02\/Kian_240122_7-768x708.jpg 768w, https:\/\/www.vom-elbhochufer.de\/wp-content\/uploads\/2022\/02\/Kian_240122_7-1536x1416.jpg 1536w, https:\/\/www.vom-elbhochufer.de\/wp-content\/uploads\/2022\/02\/Kian_240122_7.jpg 2000w\" sizes=\"auto, (max-width: 1024px) 100vw, 1024px\" \/><\/figure><\/li><li class=\"blocks-gallery-item\"><figure><img loading=\"lazy\" decoding=\"async\" width=\"1024\" height=\"777\" src=\"http:\/\/www.vom-elbhochufer.de\/wp-content\/uploads\/2022\/02\/Kian_240122_2-1024x777.jpg\" alt=\"\" data-id=\"2272\" data-full-url=\"http:\/\/www.vom-elbhochufer.de\/wp-content\/uploads\/2022\/02\/Kian_240122_2.jpg\" data-link=\"http:\/\/www.vom-elbhochufer.de\/?attachment_id=2272\" class=\"wp-image-2272\" srcset=\"https:\/\/www.vom-elbhochufer.de\/wp-content\/uploads\/2022\/02\/Kian_240122_2-1024x777.jpg 1024w, https:\/\/www.vom-elbhochufer.de\/wp-content\/uploads\/2022\/02\/Kian_240122_2-300x228.jpg 300w, https:\/\/www.vom-elbhochufer.de\/wp-content\/uploads\/2022\/02\/Kian_240122_2-768x583.jpg 768w, https:\/\/www.vom-elbhochufer.de\/wp-content\/uploads\/2022\/02\/Kian_240122_2-1536x1166.jpg 1536w, https:\/\/www.vom-elbhochufer.de\/wp-content\/uploads\/2022\/02\/Kian_240122_2.jpg 2000w\" sizes=\"auto, (max-width: 1024px) 100vw, 1024px\" \/><\/figure><\/li><li class=\"blocks-gallery-item\"><figure><img loading=\"lazy\" decoding=\"async\" width=\"1024\" height=\"1009\" src=\"http:\/\/www.vom-elbhochufer.de\/wp-content\/uploads\/2022\/02\/DSC_0113-1024x1009.jpg\" alt=\"\" data-id=\"2273\" data-full-url=\"http:\/\/www.vom-elbhochufer.de\/wp-content\/uploads\/2022\/02\/DSC_0113.jpg\" data-link=\"http:\/\/www.vom-elbhochufer.de\/?attachment_id=2273\" class=\"wp-image-2273\" srcset=\"https:\/\/www.vom-elbhochufer.de\/wp-content\/uploads\/2022\/02\/DSC_0113-1024x1009.jpg 1024w, https:\/\/www.vom-elbhochufer.de\/wp-content\/uploads\/2022\/02\/DSC_0113-300x296.jpg 300w, https:\/\/www.vom-elbhochufer.de\/wp-content\/uploads\/2022\/02\/DSC_0113-768x757.jpg 768w, https:\/\/www.vom-elbhochufer.de\/wp-content\/uploads\/2022\/02\/DSC_0113.jpg 1412w\" sizes=\"auto, (max-width: 1024px) 100vw, 1024px\" \/><\/figure><\/li><li class=\"blocks-gallery-item\"><figure><img loading=\"lazy\" decoding=\"async\" width=\"1024\" height=\"944\" src=\"http:\/\/www.vom-elbhochufer.de\/wp-content\/uploads\/2022\/02\/Kian_240122_7-1-1024x944.jpg\" alt=\"\" data-id=\"2281\" data-full-url=\"http:\/\/www.vom-elbhochufer.de\/wp-content\/uploads\/2022\/02\/Kian_240122_7-1.jpg\" data-link=\"http:\/\/www.vom-elbhochufer.de\/?attachment_id=2281\" class=\"wp-image-2281\" srcset=\"https:\/\/www.vom-elbhochufer.de\/wp-content\/uploads\/2022\/02\/Kian_240122_7-1-1024x944.jpg 1024w, https:\/\/www.vom-elbhochufer.de\/wp-content\/uploads\/2022\/02\/Kian_240122_7-1-300x277.jpg 300w, https:\/\/www.vom-elbhochufer.de\/wp-content\/uploads\/2022\/02\/Kian_240122_7-1-768x708.jpg 768w, https:\/\/www.vom-elbhochufer.de\/wp-content\/uploads\/2022\/02\/Kian_240122_7-1-1536x1416.jpg 1536w, https:\/\/www.vom-elbhochufer.de\/wp-content\/uploads\/2022\/02\/Kian_240122_7-1.jpg 2000w\" sizes=\"auto, (max-width: 1024px) 100vw, 1024px\" \/><\/figure><\/li><li class=\"blocks-gallery-item\"><figure><img loading=\"lazy\" decoding=\"async\" width=\"1024\" height=\"536\" src=\"http:\/\/www.vom-elbhochufer.de\/wp-content\/uploads\/2022\/02\/Kian_240122_8-1024x536.jpg\" alt=\"\" data-id=\"2282\" data-full-url=\"http:\/\/www.vom-elbhochufer.de\/wp-content\/uploads\/2022\/02\/Kian_240122_8.jpg\" data-link=\"http:\/\/www.vom-elbhochufer.de\/?attachment_id=2282\" class=\"wp-image-2282\" srcset=\"https:\/\/www.vom-elbhochufer.de\/wp-content\/uploads\/2022\/02\/Kian_240122_8-1024x536.jpg 1024w, https:\/\/www.vom-elbhochufer.de\/wp-content\/uploads\/2022\/02\/Kian_240122_8-300x157.jpg 300w, https:\/\/www.vom-elbhochufer.de\/wp-content\/uploads\/2022\/02\/Kian_240122_8-768x402.jpg 768w, https:\/\/www.vom-elbhochufer.de\/wp-content\/uploads\/2022\/02\/Kian_240122_8-1536x804.jpg 1536w, https:\/\/www.vom-elbhochufer.de\/wp-content\/uploads\/2022\/02\/Kian_240122_8.jpg 2000w\" sizes=\"auto, (max-width: 1024px) 100vw, 1024px\" \/><\/figure><\/li><li class=\"blocks-gallery-item\"><figure><img loading=\"lazy\" decoding=\"async\" width=\"1024\" height=\"943\" src=\"http:\/\/www.vom-elbhochufer.de\/wp-content\/uploads\/2022\/02\/DSC_0115-1024x943.jpg\" alt=\"\" data-id=\"2274\" data-full-url=\"http:\/\/www.vom-elbhochufer.de\/wp-content\/uploads\/2022\/02\/DSC_0115.jpg\" data-link=\"http:\/\/www.vom-elbhochufer.de\/?attachment_id=2274\" class=\"wp-image-2274\" srcset=\"https:\/\/www.vom-elbhochufer.de\/wp-content\/uploads\/2022\/02\/DSC_0115-1024x943.jpg 1024w, https:\/\/www.vom-elbhochufer.de\/wp-content\/uploads\/2022\/02\/DSC_0115-300x276.jpg 300w, https:\/\/www.vom-elbhochufer.de\/wp-content\/uploads\/2022\/02\/DSC_0115-768x707.jpg 768w, https:\/\/www.vom-elbhochufer.de\/wp-content\/uploads\/2022\/02\/DSC_0115.jpg 1520w\" sizes=\"auto, (max-width: 1024px) 100vw, 1024px\" \/><\/figure><\/li><li class=\"blocks-gallery-item\"><figure><img loading=\"lazy\" decoding=\"async\" width=\"1024\" height=\"660\" src=\"http:\/\/www.vom-elbhochufer.de\/wp-content\/uploads\/2022\/02\/Kian_240122_6-1024x660.jpg\" alt=\"\" data-id=\"2280\" data-full-url=\"http:\/\/www.vom-elbhochufer.de\/wp-content\/uploads\/2022\/02\/Kian_240122_6.jpg\" data-link=\"http:\/\/www.vom-elbhochufer.de\/?attachment_id=2280\" class=\"wp-image-2280\" srcset=\"https:\/\/www.vom-elbhochufer.de\/wp-content\/uploads\/2022\/02\/Kian_240122_6-1024x660.jpg 1024w, https:\/\/www.vom-elbhochufer.de\/wp-content\/uploads\/2022\/02\/Kian_240122_6-300x193.jpg 300w, https:\/\/www.vom-elbhochufer.de\/wp-content\/uploads\/2022\/02\/Kian_240122_6-768x495.jpg 768w, https:\/\/www.vom-elbhochufer.de\/wp-content\/uploads\/2022\/02\/Kian_240122_6-1536x990.jpg 1536w, https:\/\/www.vom-elbhochufer.de\/wp-content\/uploads\/2022\/02\/Kian_240122_6-2048x1320.jpg 2048w\" sizes=\"auto, (max-width: 1024px) 100vw, 1024px\" \/><\/figure><\/li><li class=\"blocks-gallery-item\"><figure><img loading=\"lazy\" decoding=\"async\" width=\"1024\" height=\"540\" src=\"http:\/\/www.vom-elbhochufer.de\/wp-content\/uploads\/2022\/02\/Kian_240122_5-1024x540.jpg\" alt=\"\" data-id=\"2279\" data-full-url=\"http:\/\/www.vom-elbhochufer.de\/wp-content\/uploads\/2022\/02\/Kian_240122_5.jpg\" data-link=\"http:\/\/www.vom-elbhochufer.de\/?attachment_id=2279\" class=\"wp-image-2279\" srcset=\"https:\/\/www.vom-elbhochufer.de\/wp-content\/uploads\/2022\/02\/Kian_240122_5-1024x540.jpg 1024w, https:\/\/www.vom-elbhochufer.de\/wp-content\/uploads\/2022\/02\/Kian_240122_5-300x158.jpg 300w, https:\/\/www.vom-elbhochufer.de\/wp-content\/uploads\/2022\/02\/Kian_240122_5-768x405.jpg 768w, https:\/\/www.vom-elbhochufer.de\/wp-content\/uploads\/2022\/02\/Kian_240122_5-1536x810.jpg 1536w, https:\/\/www.vom-elbhochufer.de\/wp-content\/uploads\/2022\/02\/Kian_240122_5-2048x1080.jpg 2048w\" sizes=\"auto, (max-width: 1024px) 100vw, 1024px\" \/><\/figure><\/li><li class=\"blocks-gallery-item\"><figure><img loading=\"lazy\" decoding=\"async\" width=\"1024\" height=\"952\" src=\"http:\/\/www.vom-elbhochufer.de\/wp-content\/uploads\/2022\/02\/Kian_240122_4-1024x952.jpg\" alt=\"\" data-id=\"2278\" data-full-url=\"http:\/\/www.vom-elbhochufer.de\/wp-content\/uploads\/2022\/02\/Kian_240122_4.jpg\" data-link=\"http:\/\/www.vom-elbhochufer.de\/?attachment_id=2278\" class=\"wp-image-2278\" srcset=\"https:\/\/www.vom-elbhochufer.de\/wp-content\/uploads\/2022\/02\/Kian_240122_4-1024x952.jpg 1024w, https:\/\/www.vom-elbhochufer.de\/wp-content\/uploads\/2022\/02\/Kian_240122_4-300x279.jpg 300w, https:\/\/www.vom-elbhochufer.de\/wp-content\/uploads\/2022\/02\/Kian_240122_4-768x714.jpg 768w, https:\/\/www.vom-elbhochufer.de\/wp-content\/uploads\/2022\/02\/Kian_240122_4-1536x1428.jpg 1536w, https:\/\/www.vom-elbhochufer.de\/wp-content\/uploads\/2022\/02\/Kian_240122_4.jpg 2000w\" sizes=\"auto, (max-width: 1024px) 100vw, 1024px\" \/><\/figure><\/li><li class=\"blocks-gallery-item\"><figure><img loading=\"lazy\" decoding=\"async\" width=\"1024\" height=\"844\" src=\"http:\/\/www.vom-elbhochufer.de\/wp-content\/uploads\/2022\/02\/Kian_240122_3-1024x844.jpg\" alt=\"\" data-id=\"2277\" data-full-url=\"http:\/\/www.vom-elbhochufer.de\/wp-content\/uploads\/2022\/02\/Kian_240122_3.jpg\" data-link=\"http:\/\/www.vom-elbhochufer.de\/?attachment_id=2277\" class=\"wp-image-2277\" srcset=\"https:\/\/www.vom-elbhochufer.de\/wp-content\/uploads\/2022\/02\/Kian_240122_3-1024x844.jpg 1024w, https:\/\/www.vom-elbhochufer.de\/wp-content\/uploads\/2022\/02\/Kian_240122_3-300x247.jpg 300w, https:\/\/www.vom-elbhochufer.de\/wp-content\/uploads\/2022\/02\/Kian_240122_3-768x633.jpg 768w, https:\/\/www.vom-elbhochufer.de\/wp-content\/uploads\/2022\/02\/Kian_240122_3-1536x1266.jpg 1536w, https:\/\/www.vom-elbhochufer.de\/wp-content\/uploads\/2022\/02\/Kian_240122_3.jpg 2000w\" sizes=\"auto, (max-width: 1024px) 100vw, 1024px\" \/><\/figure><\/li><li class=\"blocks-gallery-item\"><figure><img loading=\"lazy\" decoding=\"async\" width=\"1024\" height=\"777\" src=\"http:\/\/www.vom-elbhochufer.de\/wp-content\/uploads\/2022\/02\/Kian_240122_2-1-1024x777.jpg\" alt=\"\" data-id=\"2276\" data-full-url=\"http:\/\/www.vom-elbhochufer.de\/wp-content\/uploads\/2022\/02\/Kian_240122_2-1.jpg\" data-link=\"http:\/\/www.vom-elbhochufer.de\/?attachment_id=2276\" class=\"wp-image-2276\" srcset=\"https:\/\/www.vom-elbhochufer.de\/wp-content\/uploads\/2022\/02\/Kian_240122_2-1-1024x777.jpg 1024w, https:\/\/www.vom-elbhochufer.de\/wp-content\/uploads\/2022\/02\/Kian_240122_2-1-300x228.jpg 300w, https:\/\/www.vom-elbhochufer.de\/wp-content\/uploads\/2022\/02\/Kian_240122_2-1-768x583.jpg 768w, https:\/\/www.vom-elbhochufer.de\/wp-content\/uploads\/2022\/02\/Kian_240122_2-1-1536x1166.jpg 1536w, https:\/\/www.vom-elbhochufer.de\/wp-content\/uploads\/2022\/02\/Kian_240122_2-1.jpg 2000w\" sizes=\"auto, (max-width: 1024px) 100vw, 1024px\" \/><\/figure><\/li><li class=\"blocks-gallery-item\"><figure><img loading=\"lazy\" decoding=\"async\" width=\"1024\" height=\"873\" src=\"http:\/\/www.vom-elbhochufer.de\/wp-content\/uploads\/2022\/02\/Kian_240122_1-1024x873.jpg\" alt=\"\" data-id=\"2275\" data-full-url=\"http:\/\/www.vom-elbhochufer.de\/wp-content\/uploads\/2022\/02\/Kian_240122_1.jpg\" data-link=\"http:\/\/www.vom-elbhochufer.de\/?attachment_id=2275\" class=\"wp-image-2275\" srcset=\"https:\/\/www.vom-elbhochufer.de\/wp-content\/uploads\/2022\/02\/Kian_240122_1-1024x873.jpg 1024w, https:\/\/www.vom-elbhochufer.de\/wp-content\/uploads\/2022\/02\/Kian_240122_1-300x256.jpg 300w, https:\/\/www.vom-elbhochufer.de\/wp-content\/uploads\/2022\/02\/Kian_240122_1-768x655.jpg 768w, https:\/\/www.vom-elbhochufer.de\/wp-content\/uploads\/2022\/02\/Kian_240122_1-1536x1309.jpg 1536w, https:\/\/www.vom-elbhochufer.de\/wp-content\/uploads\/2022\/02\/Kian_240122_1.jpg 2000w\" sizes=\"auto, (max-width: 1024px) 100vw, 1024px\" \/><\/figure><\/li><\/ul><\/figure>\n\n\n\n<div class=\"wp-block-image is-style-default\"><figure class=\"aligncenter size-large is-resized\"><a href=\"http:\/\/www.vom-elbhochufer.de\/wp-content\/uploads\/2020\/09\/Kian4.jpg\"><img loading=\"lazy\" decoding=\"async\" src=\"http:\/\/www.vom-elbhochufer.de\/wp-content\/uploads\/2020\/09\/Kian4-1024x681.jpg\" alt=\"\" class=\"wp-image-2023\" width=\"660\" height=\"438\" srcset=\"https:\/\/www.vom-elbhochufer.de\/wp-content\/uploads\/2020\/09\/Kian4-1024x681.jpg 1024w, https:\/\/www.vom-elbhochufer.de\/wp-content\/uploads\/2020\/09\/Kian4-300x199.jpg 300w, https:\/\/www.vom-elbhochufer.de\/wp-content\/uploads\/2020\/09\/Kian4-768x510.jpg 768w, https:\/\/www.vom-elbhochufer.de\/wp-content\/uploads\/2020\/09\/Kian4.jpg 1500w\" sizes=\"auto, (max-width: 660px) 100vw, 660px\" \/><\/a><\/figure><\/div>\n\n\n\n<figure class=\"wp-block-gallery columns-3 is-cropped wp-block-gallery-2 is-layout-flex wp-block-gallery-is-layout-flex\"><ul class=\"blocks-gallery-grid\"><li class=\"blocks-gallery-item\"><figure><img loading=\"lazy\" decoding=\"async\" width=\"768\" height=\"1024\" src=\"http:\/\/www.vom-elbhochufer.de\/wp-content\/uploads\/2020\/07\/20200724_083226-768x1024.jpg\" alt=\"\" data-id=\"2017\" data-full-url=\"http:\/\/www.vom-elbhochufer.de\/wp-content\/uploads\/2020\/07\/20200724_083226-scaled.jpg\" data-link=\"http:\/\/www.vom-elbhochufer.de\/?attachment_id=2017\" class=\"wp-image-2017\" srcset=\"https:\/\/www.vom-elbhochufer.de\/wp-content\/uploads\/2020\/07\/20200724_083226-768x1024.jpg 768w, https:\/\/www.vom-elbhochufer.de\/wp-content\/uploads\/2020\/07\/20200724_083226-225x300.jpg 225w, https:\/\/www.vom-elbhochufer.de\/wp-content\/uploads\/2020\/07\/20200724_083226-1152x1536.jpg 1152w, https:\/\/www.vom-elbhochufer.de\/wp-content\/uploads\/2020\/07\/20200724_083226-1536x2048.jpg 1536w, https:\/\/www.vom-elbhochufer.de\/wp-content\/uploads\/2020\/07\/20200724_083226-scaled.jpg 1920w\" sizes=\"auto, (max-width: 768px) 100vw, 768px\" \/><\/figure><\/li><li class=\"blocks-gallery-item\"><figure><img loading=\"lazy\" decoding=\"async\" width=\"1024\" height=\"768\" src=\"http:\/\/www.vom-elbhochufer.de\/wp-content\/uploads\/2020\/07\/20200724_082857-1024x768.jpg\" alt=\"\" data-id=\"2014\" data-full-url=\"http:\/\/www.vom-elbhochufer.de\/wp-content\/uploads\/2020\/07\/20200724_082857-scaled.jpg\" data-link=\"http:\/\/www.vom-elbhochufer.de\/?attachment_id=2014\" class=\"wp-image-2014\" srcset=\"https:\/\/www.vom-elbhochufer.de\/wp-content\/uploads\/2020\/07\/20200724_082857-1024x768.jpg 1024w, https:\/\/www.vom-elbhochufer.de\/wp-content\/uploads\/2020\/07\/20200724_082857-300x225.jpg 300w, https:\/\/www.vom-elbhochufer.de\/wp-content\/uploads\/2020\/07\/20200724_082857-768x576.jpg 768w, https:\/\/www.vom-elbhochufer.de\/wp-content\/uploads\/2020\/07\/20200724_082857-1536x1152.jpg 1536w, https:\/\/www.vom-elbhochufer.de\/wp-content\/uploads\/2020\/07\/20200724_082857-2048x1536.jpg 2048w\" sizes=\"auto, (max-width: 1024px) 100vw, 1024px\" \/><\/figure><\/li><li class=\"blocks-gallery-item\"><figure><img loading=\"lazy\" decoding=\"async\" width=\"1024\" height=\"590\" src=\"http:\/\/www.vom-elbhochufer.de\/wp-content\/uploads\/2020\/09\/kian2-1024x590.jpg\" alt=\"\" data-id=\"2022\" data-full-url=\"http:\/\/www.vom-elbhochufer.de\/wp-content\/uploads\/2020\/09\/kian2.jpg\" data-link=\"http:\/\/www.vom-elbhochufer.de\/?attachment_id=2022\" class=\"wp-image-2022\" srcset=\"https:\/\/www.vom-elbhochufer.de\/wp-content\/uploads\/2020\/09\/kian2-1024x590.jpg 1024w, https:\/\/www.vom-elbhochufer.de\/wp-content\/uploads\/2020\/09\/kian2-300x173.jpg 300w, https:\/\/www.vom-elbhochufer.de\/wp-content\/uploads\/2020\/09\/kian2-768x442.jpg 768w, https:\/\/www.vom-elbhochufer.de\/wp-content\/uploads\/2020\/09\/kian2.jpg 1200w\" sizes=\"auto, (max-width: 1024px) 100vw, 1024px\" \/><\/figure><\/li><\/ul><figcaption class=\"blocks-gallery-caption\">Kian vom Elbhochufer<\/figcaption><\/figure>\n\n\n\n<figure class=\"wp-block-gallery columns-3 is-cropped wp-block-gallery-3 is-layout-flex wp-block-gallery-is-layout-flex\"><ul class=\"blocks-gallery-grid\"><li class=\"blocks-gallery-item\"><figure><img loading=\"lazy\" decoding=\"async\" width=\"678\" height=\"1024\" src=\"http:\/\/www.vom-elbhochufer.de\/wp-content\/uploads\/2020\/03\/k1-2-678x1024.jpg\" alt=\"\" data-id=\"1970\" data-full-url=\"http:\/\/www.vom-elbhochufer.de\/wp-content\/uploads\/2020\/03\/k1-2.jpg\" data-link=\"http:\/\/www.vom-elbhochufer.de\/?attachment_id=1970\" class=\"wp-image-1970\" srcset=\"https:\/\/www.vom-elbhochufer.de\/wp-content\/uploads\/2020\/03\/k1-2-678x1024.jpg 678w, https:\/\/www.vom-elbhochufer.de\/wp-content\/uploads\/2020\/03\/k1-2-199x300.jpg 199w, https:\/\/www.vom-elbhochufer.de\/wp-content\/uploads\/2020\/03\/k1-2-768x1160.jpg 768w, https:\/\/www.vom-elbhochufer.de\/wp-content\/uploads\/2020\/03\/k1-2.jpg 1000w\" sizes=\"auto, (max-width: 678px) 100vw, 678px\" \/><\/figure><\/li><li class=\"blocks-gallery-item\"><figure><img loading=\"lazy\" decoding=\"async\" width=\"1024\" height=\"892\" src=\"http:\/\/www.vom-elbhochufer.de\/wp-content\/uploads\/2020\/03\/K5-1024x892.jpg\" alt=\"\" data-id=\"1981\" data-full-url=\"http:\/\/www.vom-elbhochufer.de\/wp-content\/uploads\/2020\/03\/K5.jpg\" data-link=\"http:\/\/www.vom-elbhochufer.de\/?attachment_id=1981\" class=\"wp-image-1981\" srcset=\"https:\/\/www.vom-elbhochufer.de\/wp-content\/uploads\/2020\/03\/K5-1024x892.jpg 1024w, https:\/\/www.vom-elbhochufer.de\/wp-content\/uploads\/2020\/03\/K5-300x261.jpg 300w, https:\/\/www.vom-elbhochufer.de\/wp-content\/uploads\/2020\/03\/K5-768x669.jpg 768w\" sizes=\"auto, (max-width: 1024px) 100vw, 1024px\" \/><\/figure><\/li><li class=\"blocks-gallery-item\"><figure><img loading=\"lazy\" decoding=\"async\" width=\"1024\" height=\"869\" src=\"http:\/\/www.vom-elbhochufer.de\/wp-content\/uploads\/2020\/03\/k6-1024x869.jpg\" alt=\"\" data-id=\"1982\" data-full-url=\"http:\/\/www.vom-elbhochufer.de\/wp-content\/uploads\/2020\/03\/k6.jpg\" data-link=\"http:\/\/www.vom-elbhochufer.de\/?attachment_id=1982\" class=\"wp-image-1982\" srcset=\"https:\/\/www.vom-elbhochufer.de\/wp-content\/uploads\/2020\/03\/k6-1024x869.jpg 1024w, https:\/\/www.vom-elbhochufer.de\/wp-content\/uploads\/2020\/03\/k6-300x255.jpg 300w, https:\/\/www.vom-elbhochufer.de\/wp-content\/uploads\/2020\/03\/k6-768x652.jpg 768w\" sizes=\"auto, (max-width: 1024px) 100vw, 1024px\" \/><\/figure><\/li><\/ul><\/figure>\n\n\n\n<p><\/p>\n","protected":false},"excerpt":{"rendered":"<p>Kian vom Elbhochufer Britisch Kurzhaar *17.12.2019Farbe: white orange eyes, genetisch lilacreinerbig Kurzhaar PKD Gentest negativ HCM Schall unauff\u00e4llig Blutgruppe A\/b *17.02.2020 World Ch. John Snow Laureen Cherie &amp; Gr. Int. Ch. White Snow von der Veste . &#8222;Kian&#8220; ist ein echter Kuschelb\u00e4r. Er liebt F\u00fc\u00dfe und liegt auch gerne auf dem Scho\u00df und l\u00e4sst sich&hellip; <a class=\"more-link\" href=\"https:\/\/www.vom-elbhochufer.de\/?page_id=2270\"><span class=\"screen-reader-text\">Kian<\/span> weiterlesen<\/a><\/p>\n","protected":false},"author":1,"featured_media":0,"parent":0,"menu_order":0,"comment_status":"closed","ping_status":"closed","template":"","meta":{"footnotes":""},"class_list":["post-2270","page","type-page","status-publish","hentry","entry"],"_links":{"self":[{"href":"https:\/\/www.vom-elbhochufer.de\/index.php?rest_route=\/wp\/v2\/pages\/2270","targetHints":{"allow":["GET"]}}],"collection":[{"href":"https:\/\/www.vom-elbhochufer.de\/index.php?rest_route=\/wp\/v2\/pages"}],"about":[{"href":"https:\/\/www.vom-elbhochufer.de\/index.php?rest_route=\/wp\/v2\/types\/page"}],"author":[{"embeddable":true,"href":"https:\/\/www.vom-elbhochufer.de\/index.php?rest_route=\/wp\/v2\/users\/1"}],"replies":[{"embeddable":true,"href":"https:\/\/www.vom-elbhochufer.de\/index.php?rest_route=%2Fwp%2Fv2%2Fcomments&post=2270"}],"version-history":[{"count":5,"href":"https:\/\/www.vom-elbhochufer.de\/index.php?rest_route=\/wp\/v2\/pages\/2270\/revisions"}],"predecessor-version":[{"id":2292,"href":"https:\/\/www.vom-elbhochufer.de\/index.php?rest_route=\/wp\/v2\/pages\/2270\/revisions\/2292"}],"wp:attachment":[{"href":"https:\/\/www.vom-elbhochufer.de\/index.php?rest_route=%2Fwp%2Fv2%2Fmedia&parent=2270"}],"curies":[{"name":"wp","href":"https:\/\/api.w.org\/{rel}","templated":true}]}}