{"id":2370,"date":"2022-04-15T17:24:53","date_gmt":"2022-04-15T16:24:53","guid":{"rendered":"http:\/\/www.vom-elbhochufer.de\/?page_id=2370"},"modified":"2022-10-07T19:22:53","modified_gmt":"2022-10-07T18:22:53","slug":"narila-vom-elbhochufer","status":"publish","type":"page","link":"https:\/\/www.vom-elbhochufer.de\/?page_id=2370","title":{"rendered":"Narila vom Elbhochufer"},"content":{"rendered":"\n<h3 class=\"wp-block-heading\">unsere Chrissy ~Narila vom Elbhochufer~!<\/h3>\n\n\n\n<div class=\"wp-block-image is-style-default\"><figure class=\"alignright size-medium\"><a href=\"http:\/\/www.vom-elbhochufer.de\/wp-content\/uploads\/2022\/02\/Narila_Chrissy_110222_1.jpg\"><img loading=\"lazy\" decoding=\"async\" width=\"286\" height=\"300\" src=\"http:\/\/www.vom-elbhochufer.de\/wp-content\/uploads\/2022\/02\/Narila_Chrissy_110222_1-286x300.jpg\" alt=\"\" class=\"wp-image-2326\" srcset=\"https:\/\/www.vom-elbhochufer.de\/wp-content\/uploads\/2022\/02\/Narila_Chrissy_110222_1-286x300.jpg 286w, https:\/\/www.vom-elbhochufer.de\/wp-content\/uploads\/2022\/02\/Narila_Chrissy_110222_1-975x1024.jpg 975w, https:\/\/www.vom-elbhochufer.de\/wp-content\/uploads\/2022\/02\/Narila_Chrissy_110222_1-768x806.jpg 768w, https:\/\/www.vom-elbhochufer.de\/wp-content\/uploads\/2022\/02\/Narila_Chrissy_110222_1-1463x1536.jpg 1463w, https:\/\/www.vom-elbhochufer.de\/wp-content\/uploads\/2022\/02\/Narila_Chrissy_110222_1-1951x2048.jpg 1951w\" sizes=\"auto, (max-width: 286px) 100vw, 286px\" \/><\/a><figcaption>Chrissy ist ein kleiner Wirbelwind<\/figcaption><\/figure><\/div>\n\n\n\n<h5 class=\"wp-block-heading\">Britisch Langhaar Katze<\/h5>\n\n\n\n<h6 class=\"wp-block-heading\">*10.07.2021<br>Farbe: white\/orange eyed<br>tr\u00e4gt Verd\u00fcnnung, evtl. chocolate, ist evtl eine tortie Katze<\/h6>\n\n\n\n<p><strong>PKD Gentest <\/strong>negativ<br><strong>HCM negativ<\/strong><br><strong>Blutgruppe ?<\/strong><\/p>\n\n\n\n<p>Narila ist ein kleiner Wirbelwind. Sie tobt und spielt gerne. Sie liebt es gestreichelt zu werden und kommt gerne auf den Scho\u00df zum kuscheln. Mit den anderen Katzen versteht sie sich gut.<br>Narila ist eine sch\u00f6n kompakte Katze mit einem runden Gesicht. Die Nase ist nicht zu kurz und sch\u00f6n geschwunden. Die Augenfarbe entwickelt sich noch, sie wird aber sch\u00f6n leuchtend orange werden. Sie hat ein ganz toll dichtes Fell. Sie hat uns so um den Finger gewickelt, dass wir sie behalten haben. Ich feue mich auf ihre weitere Entwicklung!<\/p>\n\n\n\n<div class=\"wp-block-image\"><figure class=\"aligncenter size-large\"><img loading=\"lazy\" decoding=\"async\" width=\"1001\" height=\"1024\" src=\"http:\/\/www.vom-elbhochufer.de\/wp-content\/uploads\/2022\/02\/Narila_Chrissy_110222_2-1001x1024.jpg\" alt=\"\" class=\"wp-image-2327\" srcset=\"https:\/\/www.vom-elbhochufer.de\/wp-content\/uploads\/2022\/02\/Narila_Chrissy_110222_2-1001x1024.jpg 1001w, https:\/\/www.vom-elbhochufer.de\/wp-content\/uploads\/2022\/02\/Narila_Chrissy_110222_2-293x300.jpg 293w, https:\/\/www.vom-elbhochufer.de\/wp-content\/uploads\/2022\/02\/Narila_Chrissy_110222_2-768x785.jpg 768w, https:\/\/www.vom-elbhochufer.de\/wp-content\/uploads\/2022\/02\/Narila_Chrissy_110222_2-1502x1536.jpg 1502w, https:\/\/www.vom-elbhochufer.de\/wp-content\/uploads\/2022\/02\/Narila_Chrissy_110222_2-2003x2048.jpg 2003w\" sizes=\"auto, (max-width: 1001px) 100vw, 1001px\" \/><figcaption>ein Schnappschuss unserer Rasselbande&#8230;<\/figcaption><\/figure><\/div>\n\n\n<h5>der Stammbaum unseres N-Wurfes:<\/h5>\n<table style=\"height: 462px;\" width=\"780\">\n<tbody>\n<tr>\n<td rowspan=\"8\" width=\"124\">Kelija vom Elbhochufer <br>BKH white\/orange eyed<\/td>\n<td rowspan=\"4\" width=\"155\">Gr. Int. Ch.<br>White Snow von der Veste BKH<br>white\/orange eyed<\/td>\n<td rowspan=\"2\" width=\"221\">Talia von der Veste<br>blue tortie<\/td>\n<td rowspan=\"1\" width=\"305\">Gwendoline von Wolfstein<br>blue<\/td>\n<\/tr>\n<tr>\n<td rowspan=\"1\" width=\"305\">Gismo von der Veste<br>creme<\/td>\n<\/tr>\n<tr>\n<td rowspan=\"2\" width=\"221\">Ch. Cai von der Veste<br>BKH white\/orange eyed<\/td>\n<td rowspan=\"1\" width=\"305\">Pamila von der Veste<br>blue tortie<\/td>\n<\/tr>\n<tr>\n<td rowspan=\"1\" width=\"305\">Rauswurf vom Bavarian Roy von der Veste<br>white\/orange eyed<\/td>\n<\/tr>\n<tr>\n<td rowspan=\"4\" width=\"155\">World Ch. John Snow Laureen Cherie<br>BKH blue<\/td>\n<td rowspan=\"2\" width=\"221\">Natsumi Blue Angel Luludi (pl) BKH blue<\/td>\n<td rowspan=\"1\" width=\"305\">Inky Imagine Roxera<\/td>\n<\/tr>\n<tr>\n<td rowspan=\"1\" width=\"305\">Merilin Monroe Roxera<\/td>\n<\/tr>\n<tr>\n<td rowspan=\"2\" width=\"221\">P<span class=\"_5yl5\">hiladelphia Diamond Regnum (ru) BKH l<\/span>ilac<\/td>\n<td rowspan=\"1\" width=\"305\">Cesar Caro Mio de la Horsky Park<\/td>\n<\/tr>\n<tr>\n<td rowspan=\"1\" width=\"305\">Renesmee Laureen Cherie<\/td>\n<\/tr>\n<tr>\n<td rowspan=\"8\" width=\"124\">Ch. Easy Rider of British Sky<br>BKH blue<\/td>\n<td rowspan=\"4\" width=\"155\">Polarstern von Rimberg<br>BKH lilac<\/td>\n<td rowspan=\"2\" width=\"221\">Leonie von Rimberg BKH blue<\/td>\n<td rowspan=\"1\" width=\"305\">Ch. Uldwyna\u2019s Caitir Caitlin<\/td>\n<\/tr>\n<tr>\n<td rowspan=\"1\" width=\"305\">Ch. Jary von der Ederau<\/td>\n<\/tr>\n<tr>\n<td rowspan=\"2\" width=\"221\">Ch. Whiskey Blue Diamond de la Horsky Park BKH blue<\/td>\n<td rowspan=\"1\" width=\"305\">Gr. Int. Ch. Uemmi Bugaboo<\/td>\n<\/tr>\n<tr>\n<td rowspan=\"1\" width=\"305\">Int. Ch. Urbino Tuo Tenero Tummy<\/td>\n<\/tr>\n<tr>\n<td rowspan=\"4\" width=\"155\">Silver World Ch Oscar de la Renta of the Pepper King BLH blue<\/td>\n<td rowspan=\"2\" width=\"221\">Mademoiselle Ninette of the Pepper King BKH blue<\/td>\n<td rowspan=\"1\" width=\"305\">Oz\u2019s Indira vom M\u00fchleneck<\/td>\n<\/tr>\n<tr>\n<td rowspan=\"1\" width=\"305\">Ch. Hell Fire of the Lion King<\/td>\n<\/tr>\n<tr>\n<td rowspan=\"2\" width=\"221\">Eur Ch Hurricane of the Lion King BKH blue<\/td>\n<td rowspan=\"1\" width=\"305\">Hightime van de Kraayenberg<\/td>\n<\/tr>\n<tr>\n<td rowspan=\"1\" width=\"305\">Pampurred the Lion King<\/td>\n<\/tr>\n<\/tbody>\n<\/table>\n\n\n<figure class=\"wp-block-gallery has-nested-images columns-default is-cropped wp-block-gallery-1 is-layout-flex wp-block-gallery-is-layout-flex\"><\/figure>\n\n\n\n<figure class=\"wp-block-gallery has-nested-images columns-default is-cropped wp-block-gallery-2 is-layout-flex wp-block-gallery-is-layout-flex\">\n<figure class=\"wp-block-image size-large is-style-default\"><a href=\"http:\/\/www.vom-elbhochufer.de\/wp-content\/uploads\/2022\/02\/Narila_Chrissy_110222_1.jpg\"><img loading=\"lazy\" decoding=\"async\" width=\"975\" height=\"1024\" data-id=\"2326\" src=\"http:\/\/www.vom-elbhochufer.de\/wp-content\/uploads\/2022\/02\/Narila_Chrissy_110222_1-975x1024.jpg\" alt=\"\" class=\"wp-image-2326\" srcset=\"https:\/\/www.vom-elbhochufer.de\/wp-content\/uploads\/2022\/02\/Narila_Chrissy_110222_1-975x1024.jpg 975w, https:\/\/www.vom-elbhochufer.de\/wp-content\/uploads\/2022\/02\/Narila_Chrissy_110222_1-286x300.jpg 286w, https:\/\/www.vom-elbhochufer.de\/wp-content\/uploads\/2022\/02\/Narila_Chrissy_110222_1-768x806.jpg 768w, https:\/\/www.vom-elbhochufer.de\/wp-content\/uploads\/2022\/02\/Narila_Chrissy_110222_1-1463x1536.jpg 1463w, https:\/\/www.vom-elbhochufer.de\/wp-content\/uploads\/2022\/02\/Narila_Chrissy_110222_1-1951x2048.jpg 1951w\" sizes=\"auto, (max-width: 975px) 100vw, 975px\" \/><\/a><figcaption>Narila, ein zauberhafter kleiner Wirbelwind&#8230;<\/figcaption><\/figure>\n\n\n\n<figure class=\"wp-block-image size-large is-style-default\"><a href=\"http:\/\/www.vom-elbhochufer.de\/wp-content\/uploads\/2022\/02\/Narila_Chrissy_110222_2.jpg\"><img loading=\"lazy\" decoding=\"async\" width=\"1001\" height=\"1024\" data-id=\"2327\" src=\"http:\/\/www.vom-elbhochufer.de\/wp-content\/uploads\/2022\/02\/Narila_Chrissy_110222_2-1001x1024.jpg\" alt=\"\" class=\"wp-image-2327\" srcset=\"https:\/\/www.vom-elbhochufer.de\/wp-content\/uploads\/2022\/02\/Narila_Chrissy_110222_2-1001x1024.jpg 1001w, https:\/\/www.vom-elbhochufer.de\/wp-content\/uploads\/2022\/02\/Narila_Chrissy_110222_2-293x300.jpg 293w, https:\/\/www.vom-elbhochufer.de\/wp-content\/uploads\/2022\/02\/Narila_Chrissy_110222_2-768x785.jpg 768w, https:\/\/www.vom-elbhochufer.de\/wp-content\/uploads\/2022\/02\/Narila_Chrissy_110222_2-1502x1536.jpg 1502w, https:\/\/www.vom-elbhochufer.de\/wp-content\/uploads\/2022\/02\/Narila_Chrissy_110222_2-2003x2048.jpg 2003w\" sizes=\"auto, (max-width: 1001px) 100vw, 1001px\" \/><\/a><figcaption>&#8230;sie hat sich toll entwickelt!<\/figcaption><\/figure>\n<\/figure>\n\n\n\n<figure class=\"wp-block-gallery has-nested-images columns-default is-cropped wp-block-gallery-3 is-layout-flex wp-block-gallery-is-layout-flex\"><\/figure>\n","protected":false},"excerpt":{"rendered":"<p>unsere Chrissy ~Narila vom Elbhochufer~! Britisch Langhaar Katze *10.07.2021Farbe: white\/orange eyedtr\u00e4gt Verd\u00fcnnung, evtl. chocolate, ist evtl eine tortie Katze PKD Gentest negativHCM negativBlutgruppe ? Narila ist ein kleiner Wirbelwind. Sie tobt und spielt gerne. Sie liebt es gestreichelt zu werden und kommt gerne auf den Scho\u00df zum kuscheln. Mit den anderen Katzen versteht sie sich&hellip; <a class=\"more-link\" href=\"https:\/\/www.vom-elbhochufer.de\/?page_id=2370\"><span class=\"screen-reader-text\">Narila vom Elbhochufer<\/span> weiterlesen<\/a><\/p>\n","protected":false},"author":1,"featured_media":0,"parent":0,"menu_order":0,"comment_status":"closed","ping_status":"closed","template":"","meta":{"footnotes":""},"class_list":["post-2370","page","type-page","status-publish","hentry","entry"],"_links":{"self":[{"href":"https:\/\/www.vom-elbhochufer.de\/index.php?rest_route=\/wp\/v2\/pages\/2370","targetHints":{"allow":["GET"]}}],"collection":[{"href":"https:\/\/www.vom-elbhochufer.de\/index.php?rest_route=\/wp\/v2\/pages"}],"about":[{"href":"https:\/\/www.vom-elbhochufer.de\/index.php?rest_route=\/wp\/v2\/types\/page"}],"author":[{"embeddable":true,"href":"https:\/\/www.vom-elbhochufer.de\/index.php?rest_route=\/wp\/v2\/users\/1"}],"replies":[{"embeddable":true,"href":"https:\/\/www.vom-elbhochufer.de\/index.php?rest_route=%2Fwp%2Fv2%2Fcomments&post=2370"}],"version-history":[{"count":3,"href":"https:\/\/www.vom-elbhochufer.de\/index.php?rest_route=\/wp\/v2\/pages\/2370\/revisions"}],"predecessor-version":[{"id":2384,"href":"https:\/\/www.vom-elbhochufer.de\/index.php?rest_route=\/wp\/v2\/pages\/2370\/revisions\/2384"}],"wp:attachment":[{"href":"https:\/\/www.vom-elbhochufer.de\/index.php?rest_route=%2Fwp%2Fv2%2Fmedia&parent=2370"}],"curies":[{"name":"wp","href":"https:\/\/api.w.org\/{rel}","templated":true}]}}