{"id":351,"date":"2014-09-11T17:23:27","date_gmt":"2014-09-11T15:23:27","guid":{"rendered":"http:\/\/www.vom-elbhochufer.de\/?page_id=351"},"modified":"2014-09-11T17:24:26","modified_gmt":"2014-09-11T15:24:26","slug":"351-2","status":"publish","type":"page","link":"https:\/\/www.vom-elbhochufer.de\/?page_id=351","title":{"rendered":"Ausstellungen"},"content":{"rendered":"<h3>Ausstellungen<a href=\"http:\/\/www.vom-elbhochufer.de\/wp-content\/uploads\/2014\/09\/ausstel2.jpg\"><img loading=\"lazy\" decoding=\"async\" class=\"alignright size-full wp-image-353\" src=\"http:\/\/www.vom-elbhochufer.de\/wp-content\/uploads\/2014\/09\/ausstel2.jpg\" alt=\"ausstel2\" width=\"139\" height=\"222\" \/><\/a><\/h3>\n<p>An dieser Stelle m\u00f6chte ich ein paar Worte \u00fcber Katzenausstellungen verlieren. Es ist ja ein Thema, zu dem jeder spontan eine Meinung hat -unabh\u00e4ngig davon ob er\/sie sich vorher schon einmal damit besch\u00e4ftigt ha oder gar schon einmal eine Ausstellung besucht hat.<\/p>\n<p>Ich erinnere mich noch sehr gut an die erste Ausstellung, die ich als Zuschauer besucht habe.\u00a0 Alles war aufregend, vieles verwirrend. Zum Gl\u00fcck war ich nicht alleine da, sondern mit einem &#8222;alten Hasen&#8220;, einer Z\u00fcchterin, die schon viele Ausstellungen besucht hat und mir meine Fragen beantworten konnte.<\/p>\n<h5>Was ist der Sinn von Ausstellungen?<\/h5>\n<p>Auf Ausstellungen stellt sich der Katzenbesitzer einem fachkundigen Publikum und den Richtern, die jede Katze danach beurteilen, inwieweit sie dem Rassestandart entsprechen. Die Richter k\u00fcren unter allen ausgestellten Katzen diejenigen, die am Besten dem jeweiligen Rassestandart entsprechen. <a href=\"http:\/\/www.vom-elbhochufer.de\/wp-content\/uploads\/2014\/09\/ausstel3.jpg\"><img loading=\"lazy\" decoding=\"async\" class=\"size-full wp-image-354 alignleft\" src=\"http:\/\/www.vom-elbhochufer.de\/wp-content\/uploads\/2014\/09\/ausstel3.jpg\" alt=\"ausstel3\" width=\"290\" height=\"199\" \/><\/a>Insofern bekommt der Z\u00fcchter eine willkommene R\u00fcckmeldung \u00fcber seine Arbeit. F\u00fcr den Z\u00fcchter ergibt sich zudem die Gelegenheit, Kollegen zu treffen und sich auszutauschen.<br \/>\nViele meinen, dass Ausstellungen gro\u00dfen Stress f\u00fcr die Tiere bedeuten und dass au\u00dferdem die Gefahr gro\u00df sei, Krankheiten einzuschleppen.<br \/>\nNat\u00fcrlich kann ein Ausstellungstag f\u00fcr eine Katze sehr aufregend und stressig sein. Man sollte auch nur Katzen ausstellen, die mit dieser Aufregung klar kommen, das Geschehen vielleicht sogar genie\u00dfen. Ich benenne es als eines meiner Zuchtziele, ausgeglichene und widerstandsf\u00e4hige Tiere gro\u00df zu ziehen. Im t\u00e4glichen Leben wird die Katze ja auch immer wieder mit neuen, aufregenden Situationen konfrontiert und ich m\u00f6chte, dass meine Tiere die auch souver\u00e4n meistern k\u00f6nnen.<a href=\"http:\/\/www.vom-elbhochufer.de\/wp-content\/uploads\/2014\/09\/ausstel1.jpg\"><img loading=\"lazy\" decoding=\"async\" class=\"alignright size-full wp-image-352\" src=\"http:\/\/www.vom-elbhochufer.de\/wp-content\/uploads\/2014\/09\/ausstel1.jpg\" alt=\"ausstel1\" width=\"340\" height=\"172\" srcset=\"https:\/\/www.vom-elbhochufer.de\/wp-content\/uploads\/2014\/09\/ausstel1.jpg 340w, https:\/\/www.vom-elbhochufer.de\/wp-content\/uploads\/2014\/09\/ausstel1-300x151.jpg 300w\" sizes=\"auto, (max-width: 340px) 100vw, 340px\" \/><\/a><br \/>\nEin wichtiger Faktor zum Thema &#8222;Aufregung&#8220; ist immer der Dosen\u00f6ffner selber. Er kann durch gute Planung und ein gelassenes Auftreten Ruhe und Sicherheit vermitteln. Tiere, die ihrem Menschen vertrauen werden auch in ungewohnten Situationen.<\/p>\n<p>Wir bald wieder auf Ausstellungen fahren und freuen uns jetzt schon, viele bekannte Gesichter wiederzusehen!<\/p>\n","protected":false},"excerpt":{"rendered":"<p>Ausstellungen An dieser Stelle m\u00f6chte ich ein paar Worte \u00fcber Katzenausstellungen verlieren. Es ist ja ein Thema, zu dem jeder spontan eine Meinung hat -unabh\u00e4ngig davon ob er\/sie sich vorher schon einmal damit besch\u00e4ftigt ha oder gar schon einmal eine Ausstellung besucht hat. Ich erinnere mich noch sehr gut an die erste Ausstellung, die ich&hellip; <a class=\"more-link\" href=\"https:\/\/www.vom-elbhochufer.de\/?page_id=351\"><span class=\"screen-reader-text\">Ausstellungen<\/span> weiterlesen<\/a><\/p>\n","protected":false},"author":1,"featured_media":0,"parent":318,"menu_order":0,"comment_status":"closed","ping_status":"open","template":"","meta":{"footnotes":""},"class_list":["post-351","page","type-page","status-publish","hentry","entry"],"_links":{"self":[{"href":"https:\/\/www.vom-elbhochufer.de\/index.php?rest_route=\/wp\/v2\/pages\/351","targetHints":{"allow":["GET"]}}],"collection":[{"href":"https:\/\/www.vom-elbhochufer.de\/index.php?rest_route=\/wp\/v2\/pages"}],"about":[{"href":"https:\/\/www.vom-elbhochufer.de\/index.php?rest_route=\/wp\/v2\/types\/page"}],"author":[{"embeddable":true,"href":"https:\/\/www.vom-elbhochufer.de\/index.php?rest_route=\/wp\/v2\/users\/1"}],"replies":[{"embeddable":true,"href":"https:\/\/www.vom-elbhochufer.de\/index.php?rest_route=%2Fwp%2Fv2%2Fcomments&post=351"}],"version-history":[{"count":3,"href":"https:\/\/www.vom-elbhochufer.de\/index.php?rest_route=\/wp\/v2\/pages\/351\/revisions"}],"predecessor-version":[{"id":358,"href":"https:\/\/www.vom-elbhochufer.de\/index.php?rest_route=\/wp\/v2\/pages\/351\/revisions\/358"}],"up":[{"embeddable":true,"href":"https:\/\/www.vom-elbhochufer.de\/index.php?rest_route=\/wp\/v2\/pages\/318"}],"wp:attachment":[{"href":"https:\/\/www.vom-elbhochufer.de\/index.php?rest_route=%2Fwp%2Fv2%2Fmedia&parent=351"}],"curies":[{"name":"wp","href":"https:\/\/api.w.org\/{rel}","templated":true}]}}