{"id":369,"date":"2014-09-11T19:34:54","date_gmt":"2014-09-11T17:34:54","guid":{"rendered":"http:\/\/www.vom-elbhochufer.de\/?page_id=369"},"modified":"2014-09-15T21:31:58","modified_gmt":"2014-09-15T19:31:58","slug":"informationen","status":"publish","type":"page","link":"https:\/\/www.vom-elbhochufer.de\/?page_id=369","title":{"rendered":"Rasseportrait"},"content":{"rendered":"<h3>Die Britisch Kurzhaar Katze [BKH]<\/h3>\n<figure id=\"attachment_381\" aria-describedby=\"caption-attachment-381\" style=\"width: 150px\" class=\"wp-caption alignright\"><a href=\"http:\/\/www.vom-elbhochufer.de\/wp-content\/uploads\/2014\/09\/Ausstellung.jpg\"><img loading=\"lazy\" decoding=\"async\" class=\"wp-image-381 size-thumbnail\" src=\"http:\/\/www.vom-elbhochufer.de\/wp-content\/uploads\/2014\/09\/Ausstellung-150x150.jpg\" alt=\"Ausstellung\" width=\"150\" height=\"150\" \/><\/a><figcaption id=\"caption-attachment-381\" class=\"wp-caption-text\"><span style=\"font-size: xx-small;\">Katzenausstellung im Chrystal Palace in London Quelle: http:\/\/www.vom-taubertal.de\/<\/span><\/figcaption><\/figure>\n<p>Seit Ende des 19. Jahrhunderts ist die Britisch Kurzhaar bekannt. Die Rasse wird seit \u00fcber 100 Jahren gezielt gez\u00fcchtet.<\/p>\n<h5>Historisches<\/h5>\n<p>Die Britisch Kurzhaar geht wahrscheinlich auf Katzen zur\u00fcck, die vor etwa 2000 Jahren von den R\u00f6mern mit nach Gro\u00dfbritannien gebracht wurden. Die Rasse war \u00fcber Jahrhunderte weitestgehend sich selbst \u00fcberlassen, erst Anfang des 19. Jahrhunderts begann man, die British Kurzhaar gezielt auf Farbe und Typ hin zu z\u00fcchten. Im Jahr 1871 wurden in England die ersten Katzen der Rasse British Shorthair im Crystal Palace ausgestellt.<\/p>\n<figure id=\"attachment_378\" aria-describedby=\"caption-attachment-378\" style=\"width: 150px\" class=\"wp-caption alignleft\"><img loading=\"lazy\" decoding=\"async\" class=\"wp-image-378 size-thumbnail\" src=\"http:\/\/www.vom-elbhochufer.de\/wp-content\/uploads\/2014\/09\/Richmond-Cat-Show-The-King-Class-150x150.jpg\" alt=\"Richmond-Cat-Show-The-King-Class\" width=\"150\" height=\"150\" \/><figcaption id=\"caption-attachment-378\" class=\"wp-caption-text\"><span style=\"font-size: xx-small;\">Katzenausstellung im Chrystal Palace in London Quelle: http:\/\/www.vom-taubertal.de\/<\/span><\/figcaption><\/figure>\n<p>Durch die Weltkriege wurde der Bestand stark dezimiert und so versuchten einige Z\u00fcchter, die Rasse durch Auskreuzen mit anderen Rassen wieder zu st\u00e4rken. Nachdem Versuche gescheitert waren, unregistrierte Hauskatzen zur Kreuzung einzusetzen, fiel die Wahl auf Perserkatzen. Man versprach sich durch diese Kreuzung vor allem eine Verbesserung des Typs der Britisch Kurzhaar. Au\u00dferdem wurden Kart\u00e4userkatzen eingekreuzt, deren Zuchtbestand ebenfalls durch die Kriege gelitten hatte.<br \/>\nAufgrund einer Angleichung der beiden Rassen wurden die Britisch Kurzhaar und die Kart\u00e4userkatze oder Chartreux 1970 vom Zuchtverband FIFe zusammengefasst. Alle blauen Katzen wurden danach als Kart\u00e4user, alle Katzen anderer Farben als Britisch Kurzhaar gef\u00fchrt.<br \/>\nDiese Einteilung wurde 1977 nach Protesten der urspr\u00fcnglichen Kart\u00e4user wieder zur\u00fcckgenommen. Bisweilen wird heute die blaue Britisch Kurzhaar wird im Volksmund noch immer \u2013\u00a0aber zu Unrecht und irref\u00fchrend\u00a0\u2013 Kart\u00e4user genannt und in manchen Zuchtvereinen auch unter diesem Namen gef\u00fchrt. Jedoch kann man heute die blaue Britisch Kurzhaar nicht mehr mit der echten Kart\u00e4userkatze, der Chartreux verwechseln, da sie sich, bedingt durch gezielte Zucht optisch stark voneinander unterscheiden. Die eingekreuzten Perserkatzen sorgten f\u00fcr einen K\u00f6rperbau der Britisch Kurzhaar, der massiv, kurz und gedrungen ist, w\u00e4hrend die Figur der echten Kart\u00e4user schlanker ist und &#8222;eher einer naturbelassenen Hauskatze entspricht&#8220;1.<br \/>\nIn den 1980er-Jahren spaltete sich die Europ\u00e4isch Kurzhaar von der Britisch Kurzhaar ab, die zuvor ebenfalls mit der Britisch Kurzhaar in einer Klasse gezeigt worden war. In den USA wurde die Britisch Kurzhaar erst 1980 vom Zuchtverband CFA anerkannt.<\/p>\n<h5>Charakter und Aussehen<\/h5>\n<p>Vom Wesen her ist die Britisch-Kurzhaar-Katze eher ruhig und -vor allem im Vergleich mit Orientalen- nicht zu lebhaft. Sie hat ein kurzes und dichtes Fell, das nicht zu weich ist (\u201ecrispy\u201c). Es zeichnet sich durch dichte Unterwolle aus, so dass es leicht aufspringt.<br \/>\nDurch die Einkreuzung von Persern, fallen &#8222;ab und zu&#8220; auch langhaarige Briten in einem Wurf. Sie haben lediglich halblanges Fell (mit derselben dichten Unterwolle wie bei der BKH das k\u00fcrzer ist als bei der Perserkatze und als Semilanghaar bezeichnet wird) Diese langhaarigen Briten werden dann Britanica, aber auch Highlander, Lowlander oder einfach nur Britisch Langhaar genannt.<\/p>\n<p>Britisch Kurzhaar-Katzen sind muskul\u00f6s und kraftvoll gebaut, ihre Beine kurz und st\u00e4mmig, die Pfoten gro\u00df und rund, der Schwanz etwas k\u00fcrzer als \u00fcblich.<\/p>\n<p>Alles an ihr ist rund: die breite Brust, der Kopf, die breit gesetzten kurzen Ohren, so wie die gro\u00dfen ausdrucksstarken Augen. BKH-Katzen entwickeln sich eher langsam.<br \/>\nDie volle Gr\u00f6\u00dfe wird erst mit 2 Jahren (oder noch sp\u00e4ter) erreicht. Ein normal entwickelter Kater wird zwischen 7 und 8\u00a0kg, Katzen zwischen 4 und 6\u00a0kg schwer.<\/p>\n<h5><a href=\"http:\/\/www.vom-elbhochufer.de\/wp-content\/uploads\/2014\/09\/bi.gif\"><img loading=\"lazy\" decoding=\"async\" class=\"alignright size-full wp-image-376\" src=\"http:\/\/www.vom-elbhochufer.de\/wp-content\/uploads\/2014\/09\/bi.gif\" alt=\"bi\" width=\"400\" height=\"217\" \/><\/a><\/h5>\n<p>Die charakteristische Farbe der Augen ist orange oder kupferfarbig, bei den Silbervariet\u00e4ten meist gr\u00fcn, bei den Points blau.<\/p>\n<p>Bis heute kennt man \u00fcber 50 Farbvariationen der Britisch Kurzhaar. Diese lassen sich in die Kategorien Vollfarben, Bicolor und Point einteilen. Des Weiteren gibt es noch die bekannte Tabby-Zeichnung. Zu den Vollfarben z\u00e4hlen Wei\u00df, Schwarz, Blau, Chocolate, Lilac, Cinnamon, Fawn, Rot und Creme. Diese Farben werden bei den Bicolor- und Point-Varianten mit Wei\u00df kombiniert.<\/p>\n<p><span style=\"font-size: xx-small;\">Quellenangaben: 1: Wikipedia (2009): &#8222;Britisch Kurzhaar&#8220; http:\/\/de.wikipedia.org\/wiki\/Britisch_Kurzhaar&gt;<\/span><\/p>\n<h4>Der WCF Standard der Britisch Kurzhaar<\/h4>\n<h6>K\u00f6rper<\/h6>\n<p>Die mittelgro\u00dfe bis gro\u00dfe Katze ist muskul\u00f6s und gedrungen. Brust, Schulter und R\u00fccken sind breit und massiv.<br \/>\nDer Hals ist kurz und kr\u00e4ftig.<br \/>\nDie Beine sind kurz und muskul\u00f6s, die Pfoten dick und rund.<br \/>\nDer Schwanz ist mittellang und dick mit gerundeter Schwanzspitze und reicht bis zu den Vorderpfoten.<\/p>\n<h6>Kopf<\/h6>\n<p>Gerundeter, massiver, breiter Sch\u00e4del mit kr\u00e4ftigem Kinn. Die Nase ist kurz, breit und gerade.<br \/>\nDas Profil ist geschwungen (ohne Stop). Die Wangen sind voll und kr\u00e4ftig. Die gro\u00dfen runden Schnurrhaarkissen verleihen der kurzen Schnauze deutliche Umrisse.<\/p>\n<h6>Ohren<\/h6>\n<p>Die Ohren sind mittelgro\u00df, breit am Ansatz, mit leicht abgerundeten Spitzen. Sie sind weit auseinander gesetzt.<\/p>\n<h6>Augen<\/h6>\n<p>Die Augen sind gro\u00df und rund. Sie sind mit weitem Abstand gesetzt. Farbe analog zur Fellfarbe.<\/p>\n<h6>Fell<\/h6>\n<p>Das Fell ist kurz und sehr dicht, nicht anliegend. Durch ausreichende Unterwolle steht das Fell pl\u00fcschartig vom K\u00f6rper ab. Die Textur ist nicht wollig, sie ist griffig.<\/p>\n<h6>Farbvarianten<\/h6>\n<p>Alle Farben und pointed Farben mit Siam-Abzeichen ohne Wei\u00df sind anerkannt. Die Farbbeschreibung ist der allgemeinen Farbliste zu entnehmen.<\/p>\n<h6>Fehler<\/h6>\n<p>Ein Profil mit Stop ist ein schwerwiegender Fehler.<\/p>\n<h6>Punkteskala<\/h6>\n<table id=\"table1\" style=\"height: 188px;\" border=\"1\" width=\"311\">\n<tbody>\n<tr>\n<td width=\"191\">K\u00f6rper<\/td>\n<td width=\"191\">20 Punkte<\/td>\n<\/tr>\n<tr>\n<td width=\"191\">Kopf<\/td>\n<td width=\"191\">30 Punkte<\/td>\n<\/tr>\n<tr>\n<td width=\"191\">Farbe der Augen<\/td>\n<td width=\"191\">10 Punkte<\/td>\n<\/tr>\n<tr>\n<td width=\"191\">Felltextur<\/td>\n<td>10 Punkte<\/td>\n<\/tr>\n<tr>\n<td width=\"191\">Felll\u00e4nge<\/td>\n<td width=\"191\">15 Punkte<\/td>\n<\/tr>\n<tr>\n<td width=\"191\">Fellfarbe, Zeichnung<\/td>\n<td width=\"191\">10 Punkte<\/td>\n<\/tr>\n<tr>\n<td width=\"191\">Kondition<\/td>\n<td width=\"191\">5 Punkte<\/td>\n<\/tr>\n<\/tbody>\n<\/table>\n","protected":false},"excerpt":{"rendered":"<p>Die Britisch Kurzhaar Katze [BKH] Seit Ende des 19. Jahrhunderts ist die Britisch Kurzhaar bekannt. Die Rasse wird seit \u00fcber 100 Jahren gezielt gez\u00fcchtet. Historisches Die Britisch Kurzhaar geht wahrscheinlich auf Katzen zur\u00fcck, die vor etwa 2000 Jahren von den R\u00f6mern mit nach Gro\u00dfbritannien gebracht wurden. Die Rasse war \u00fcber Jahrhunderte weitestgehend sich selbst \u00fcberlassen,&hellip; <a class=\"more-link\" href=\"https:\/\/www.vom-elbhochufer.de\/?page_id=369\"><span class=\"screen-reader-text\">Rasseportrait<\/span> weiterlesen<\/a><\/p>\n","protected":false},"author":1,"featured_media":0,"parent":0,"menu_order":0,"comment_status":"closed","ping_status":"open","template":"","meta":{"footnotes":""},"class_list":["post-369","page","type-page","status-publish","hentry","entry"],"_links":{"self":[{"href":"https:\/\/www.vom-elbhochufer.de\/index.php?rest_route=\/wp\/v2\/pages\/369","targetHints":{"allow":["GET"]}}],"collection":[{"href":"https:\/\/www.vom-elbhochufer.de\/index.php?rest_route=\/wp\/v2\/pages"}],"about":[{"href":"https:\/\/www.vom-elbhochufer.de\/index.php?rest_route=\/wp\/v2\/types\/page"}],"author":[{"embeddable":true,"href":"https:\/\/www.vom-elbhochufer.de\/index.php?rest_route=\/wp\/v2\/users\/1"}],"replies":[{"embeddable":true,"href":"https:\/\/www.vom-elbhochufer.de\/index.php?rest_route=%2Fwp%2Fv2%2Fcomments&post=369"}],"version-history":[{"count":10,"href":"https:\/\/www.vom-elbhochufer.de\/index.php?rest_route=\/wp\/v2\/pages\/369\/revisions"}],"predecessor-version":[{"id":386,"href":"https:\/\/www.vom-elbhochufer.de\/index.php?rest_route=\/wp\/v2\/pages\/369\/revisions\/386"}],"wp:attachment":[{"href":"https:\/\/www.vom-elbhochufer.de\/index.php?rest_route=%2Fwp%2Fv2%2Fmedia&parent=369"}],"curies":[{"name":"wp","href":"https:\/\/api.w.org\/{rel}","templated":true}]}}