{"id":47,"date":"2014-08-01T22:02:59","date_gmt":"2014-08-01T20:02:59","guid":{"rendered":"http:\/\/www.vom-elbhochufer.de\/?page_id=47"},"modified":"2022-10-08T20:20:36","modified_gmt":"2022-10-08T19:20:36","slug":"wuschel-gr-int-ch-alida-vom-elbhochufer","status":"publish","type":"page","link":"https:\/\/www.vom-elbhochufer.de\/?page_id=47","title":{"rendered":"&#8222;Wuschel&#8220; Gr. Int. Ch. Alida vom Elbhochufer"},"content":{"rendered":"<h3>Gr. Ch. Int.\u00a0 Alida vom Elbhochufer<a href=\"http:\/\/www.vom-elbhochufer.de\/wp-content\/uploads\/2014\/08\/alligr.jpg\"><img loading=\"lazy\" decoding=\"async\" class=\"alignright size-medium wp-image-52\" src=\"http:\/\/www.vom-elbhochufer.de\/wp-content\/uploads\/2014\/08\/alligr-300x199.jpg\" alt=\"alligr\" width=\"300\" height=\"199\" srcset=\"https:\/\/www.vom-elbhochufer.de\/wp-content\/uploads\/2014\/08\/alligr-300x199.jpg 300w, https:\/\/www.vom-elbhochufer.de\/wp-content\/uploads\/2014\/08\/alligr.jpg 448w\" sizes=\"auto, (max-width: 300px) 100vw, 300px\" \/><\/a><\/h3>\n<h5><strong>Britisch Langhaar<\/strong><\/h5>\n<h6>*13.03.2009\u00a0\u00a0\u00a0\u00a0\u00a0\u00a0\u00a0\u00a0\u00a0\u00a0\u00a0\u00a0\u2020 29.07.2022<\/h6>\n<h6>Farbe: white\/orange eyes<br \/>\n(gen. blue tortie, tr\u00e4gt chocolate)<\/h6>\n<p><strong>Audiometrietest beidseitig h\u00f6rend<\/strong><br \/>\n<strong> PKD Gentest negativ<\/strong><br \/>\n<strong> HCM negativ<\/strong><br \/>\n<strong> Blutgruppe A\/b (A tr\u00e4gt b)<\/strong><\/p>\n<p>Wuschel hat ganz tolles, griffiges, halblanges, wei\u00dfes Fell und sehr dunkle orangefarbene Augen und einen sch\u00f6n harmonischen K\u00f6rperbau. Sie hat sich entwickelt, wie man es sich von einem Britenm\u00e4dchen w\u00fcnscht. Dazu ist unser &#8222;Wuschelchen&#8220; ein sehr liebes, stets freundliches und auch folgsames Tier. Sie ist eine tolle Mutter und k\u00fcmmert sich liebevoll um ihre Kitten. Unser Wuschel kuschelt f\u00fcr ihr Leben gerne. Sie ist ein sehr kommunikatives kleines Schneefl\u00f6ckchen, tobt und spielt viel. Am Liebsten aber kuschelt sie mit meinem Mann, den sie um den kleinen Finger gewickelt hat&#8230;.<br \/>\nWuschel hat uns traumhafte Kitten geschenkt und ist nun in den wohlverdienten Ruhestand gegangen. Sie lebt weiterhin bei uns, unsere kleine Kuschelkatze.<\/p>\n<p>V\u00f6llig unerwartet und viel zu fr\u00fch ist Wuschelchen \u00fcber die Regenbogenbr\u00fccke gegangen. Sie hatte bei uns Zuhause einen Unfall und leider konnte ihr niemand mehr helfen. Ich vermisse dich sehr mein &#8222;kleines Wuschelchen&#8220;&#8230;<\/p>\n<h6>Stammbaum<\/h6>\n<table id=\"table2\" style=\"border-collapse: collapse; border-width: 1px;\" border=\"1\" width=\"775\" cellpadding=\"2\">\n<tbody>\n<tr>\n<td rowspan=\"4\" width=\"206\">Champion<br \/>\nXandra vom Audeichhof<br \/>\nFarbe: white\/orange eyed<\/td>\n<td rowspan=\"2\" width=\"235\">RVDE-G\u00fc\/Gr. Euro Ch.<br \/>\nDon Camillo vom Audeichhof<br \/>\nFarbe: blue<\/td>\n<td width=\"318\">Wraithy of Leabag<\/td>\n<\/tr>\n<tr>\n<td width=\"318\">Charmalott vom Audeichhof<\/td>\n<\/tr>\n<tr>\n<td rowspan=\"2\" width=\"235\">Champion<br \/>\nSamti von Minzow<br \/>\nFarbe: white\/orange eyes<\/td>\n<td width=\"318\">Ch. Int. Galleksy&#8217;s Atilla (NL)<\/td>\n<\/tr>\n<tr>\n<td width=\"318\">Mona-Lisa von Minzow<\/td>\n<\/tr>\n<tr>\n<td rowspan=\"4\" width=\"206\">Gr Ch. Int.<br \/>\nWillibald von der bunten Stadt<br \/>\nFarbe: cream<\/td>\n<td rowspan=\"2\" width=\"235\">World Ch.<br \/>\nKing von der bunten Stadt<br \/>\nFarbe: lilac<\/td>\n<td width=\"318\">Wotan vom Urbanhafen<\/td>\n<\/tr>\n<tr>\n<td width=\"318\">Gr. Eur. Ch. Tulipe Noir van Locust Valley [NL]<\/td>\n<\/tr>\n<tr>\n<td rowspan=\"2\" width=\"235\">Champion<br \/>\nLeonie von der bunten Stadt<br \/>\nFarbe: lilac-tortie<\/td>\n<td width=\"318\">Gr. Ch. Int. El Carrier the Appleblossom [NL]<\/td>\n<\/tr>\n<tr>\n<td width=\"318\">Enza vom Julianenbrunnen<\/td>\n<\/tr>\n<\/tbody>\n<\/table>\n<h6>Photos<\/h6>\n<p>[nggallery id=1]<\/p>\n","protected":false},"excerpt":{"rendered":"<p>Gr. Ch. Int.\u00a0 Alida vom Elbhochufer Britisch Langhaar *13.03.2009\u00a0\u00a0\u00a0\u00a0\u00a0\u00a0\u00a0\u00a0\u00a0\u00a0\u00a0\u00a0\u2020 29.07.2022 Farbe: white\/orange eyes (gen. blue tortie, tr\u00e4gt chocolate) Audiometrietest beidseitig h\u00f6rend PKD Gentest negativ HCM negativ Blutgruppe A\/b (A tr\u00e4gt b) Wuschel hat ganz tolles, griffiges, halblanges, wei\u00dfes Fell und sehr dunkle orangefarbene Augen und einen sch\u00f6n harmonischen K\u00f6rperbau. Sie hat sich entwickelt, wie man&hellip; <a class=\"more-link\" href=\"https:\/\/www.vom-elbhochufer.de\/?page_id=47\"><span class=\"screen-reader-text\">&#8222;Wuschel&#8220; Gr. Int. Ch. Alida vom Elbhochufer<\/span> weiterlesen<\/a><\/p>\n","protected":false},"author":1,"featured_media":0,"parent":38,"menu_order":1,"comment_status":"closed","ping_status":"closed","template":"","meta":{"footnotes":""},"class_list":["post-47","page","type-page","status-publish","hentry","entry"],"_links":{"self":[{"href":"https:\/\/www.vom-elbhochufer.de\/index.php?rest_route=\/wp\/v2\/pages\/47","targetHints":{"allow":["GET"]}}],"collection":[{"href":"https:\/\/www.vom-elbhochufer.de\/index.php?rest_route=\/wp\/v2\/pages"}],"about":[{"href":"https:\/\/www.vom-elbhochufer.de\/index.php?rest_route=\/wp\/v2\/types\/page"}],"author":[{"embeddable":true,"href":"https:\/\/www.vom-elbhochufer.de\/index.php?rest_route=\/wp\/v2\/users\/1"}],"replies":[{"embeddable":true,"href":"https:\/\/www.vom-elbhochufer.de\/index.php?rest_route=%2Fwp%2Fv2%2Fcomments&post=47"}],"version-history":[{"count":15,"href":"https:\/\/www.vom-elbhochufer.de\/index.php?rest_route=\/wp\/v2\/pages\/47\/revisions"}],"predecessor-version":[{"id":2390,"href":"https:\/\/www.vom-elbhochufer.de\/index.php?rest_route=\/wp\/v2\/pages\/47\/revisions\/2390"}],"up":[{"embeddable":true,"href":"https:\/\/www.vom-elbhochufer.de\/index.php?rest_route=\/wp\/v2\/pages\/38"}],"wp:attachment":[{"href":"https:\/\/www.vom-elbhochufer.de\/index.php?rest_route=%2Fwp%2Fv2%2Fmedia&parent=47"}],"curies":[{"name":"wp","href":"https:\/\/api.w.org\/{rel}","templated":true}]}}