{"id":668,"date":"2014-09-20T21:28:55","date_gmt":"2014-09-20T19:28:55","guid":{"rendered":"http:\/\/www.vom-elbhochufer.de\/?page_id=668"},"modified":"2016-04-01T12:07:34","modified_gmt":"2016-04-01T11:07:34","slug":"xandra-vom-audeichhof","status":"publish","type":"page","link":"https:\/\/www.vom-elbhochufer.de\/?page_id=668","title":{"rendered":"Xandra vom Audeichhof"},"content":{"rendered":"<h1>eine unserer &#8222;Ehemaligen&#8220;:<\/h1>\n<h3>Gr. Ch. Int. Xandra vom Audeichhof <a href=\"http:\/\/www.vom-elbhochufer.de\/wp-content\/uploads\/2014\/09\/Ktzchen_top12-2-300x199.jpg\" rel=\"attachment wp-att-1162\"><img loading=\"lazy\" decoding=\"async\" class=\"alignright size-full wp-image-1162\" src=\"http:\/\/www.vom-elbhochufer.de\/wp-content\/uploads\/2014\/09\/Ktzchen_top12-2-300x199.jpg\" alt=\"Ktzchen_top12-2-300x199\" width=\"300\" height=\"199\" \/><\/a><\/h3>\n<h5>Britisch Kurzhaar<\/h5>\n<h6>*13.03.2009<\/h6>\n<h6>Farbe: white\/orange eyes<br \/>\n(gen. blue, tr\u00e4gt chocolate)<\/h6>\n<p><strong>Audiometrietest beidseitig h\u00f6rend<\/strong><br \/>\n<strong> PKD Gentest negativ<\/strong><br \/>\n<strong> HCM negativ<\/strong><br \/>\n<strong> Blutgruppe A<\/strong><\/p>\n<p>Xandra ist meine erste wei\u00dfe Katze und das Gegenst\u00fcck zu unserer &#8222;Vicky&#8220; was die Fellfarbe angeht. In Bezug auf die Augen steht sie ihr aber in nichts nach, die Augen sind gro\u00df und rund und die Farbe ist intensiv.<br \/>\nUnsere Xandra ist etwas zur\u00fcckhaltender, wei\u00df aber genau was sie will. Sie hat uns bisher einen wundersch\u00f6nen Wurf geschenkt.<\/p>\n<p>Xandra ist ausgezogen. Sie wohnt jetzt bei Kirsten, Anuar und Zoe, wo sie sich sehr schnell eingelebt hat.<\/p>\n<table width=\"720\">\n<tbody>\n<tr>\n<td rowspan=\"4\" width=\"205\">RVDE-G\u00fc\/Gr. Euro Ch.Don Camillo vom AudeichhofFarbe: blau<\/td>\n<td rowspan=\"2\" width=\"196\">Wraithy of Lebaeg<br \/>\nFarbe: blue<\/td>\n<td width=\"381\">GL. World Ch. Skippy van Locust Valley (NL)<\/td>\n<\/tr>\n<tr>\n<td width=\"381\">Ch. Int. Elrani of Lebaeg<\/td>\n<\/tr>\n<tr>\n<td rowspan=\"2\" width=\"196\">Charmalott vom Audeichhof<br \/>\nFarbe: blue<\/td>\n<td width=\"381\">Gr. Ch. Int. Yambio van de Woeste Hoogte (NL)<\/td>\n<\/tr>\n<tr>\n<td width=\"381\">Hekabe von der St\u00f6r<\/td>\n<\/tr>\n<tr>\n<td rowspan=\"4\" width=\"205\">Champion Samti von MinzowFarbe: white\/orange eyes<\/td>\n<td rowspan=\"2\" width=\"196\">Ch. Int. Galleksy&#8217;s Atilla (NL) Tischler&#8217;s Figaro<br \/>\nFarbe: white\/orange eyes<\/td>\n<td width=\"381\">Gr. Pr. Int. \/Euro. Ch.<br \/>\nVerano van de Woeste Hoogte<\/td>\n<\/tr>\n<tr>\n<td width=\"381\">Euro. Ch. Gabrielle van de Kraayenberg<\/td>\n<\/tr>\n<tr>\n<td rowspan=\"2\" width=\"196\">Mona-Lisa von Minzow<br \/>\nFarbe: lilac<\/td>\n<td width=\"381\">Gr. Ch. Int. El Carrier the Appleblossom (NL)<\/td>\n<\/tr>\n<tr>\n<td width=\"381\">Monti of Sassoon<\/td>\n<\/tr>\n<\/tbody>\n<\/table>\n<p>[nggallery id=26]<\/p>\n","protected":false},"excerpt":{"rendered":"<p>eine unserer &#8222;Ehemaligen&#8220;: Gr. Ch. Int. Xandra vom Audeichhof Britisch Kurzhaar *13.03.2009 Farbe: white\/orange eyes (gen. blue, tr\u00e4gt chocolate) Audiometrietest beidseitig h\u00f6rend PKD Gentest negativ HCM negativ Blutgruppe A Xandra ist meine erste wei\u00dfe Katze und das Gegenst\u00fcck zu unserer &#8222;Vicky&#8220; was die Fellfarbe angeht. In Bezug auf die Augen steht sie ihr aber in&hellip; <a class=\"more-link\" href=\"https:\/\/www.vom-elbhochufer.de\/?page_id=668\"><span class=\"screen-reader-text\">Xandra vom Audeichhof<\/span> weiterlesen<\/a><\/p>\n","protected":false},"author":1,"featured_media":0,"parent":38,"menu_order":0,"comment_status":"closed","ping_status":"open","template":"","meta":{"footnotes":""},"class_list":["post-668","page","type-page","status-publish","hentry","entry"],"_links":{"self":[{"href":"https:\/\/www.vom-elbhochufer.de\/index.php?rest_route=\/wp\/v2\/pages\/668","targetHints":{"allow":["GET"]}}],"collection":[{"href":"https:\/\/www.vom-elbhochufer.de\/index.php?rest_route=\/wp\/v2\/pages"}],"about":[{"href":"https:\/\/www.vom-elbhochufer.de\/index.php?rest_route=\/wp\/v2\/types\/page"}],"author":[{"embeddable":true,"href":"https:\/\/www.vom-elbhochufer.de\/index.php?rest_route=\/wp\/v2\/users\/1"}],"replies":[{"embeddable":true,"href":"https:\/\/www.vom-elbhochufer.de\/index.php?rest_route=%2Fwp%2Fv2%2Fcomments&post=668"}],"version-history":[{"count":11,"href":"https:\/\/www.vom-elbhochufer.de\/index.php?rest_route=\/wp\/v2\/pages\/668\/revisions"}],"predecessor-version":[{"id":1165,"href":"https:\/\/www.vom-elbhochufer.de\/index.php?rest_route=\/wp\/v2\/pages\/668\/revisions\/1165"}],"up":[{"embeddable":true,"href":"https:\/\/www.vom-elbhochufer.de\/index.php?rest_route=\/wp\/v2\/pages\/38"}],"wp:attachment":[{"href":"https:\/\/www.vom-elbhochufer.de\/index.php?rest_route=%2Fwp%2Fv2%2Fmedia&parent=668"}],"curies":[{"name":"wp","href":"https:\/\/api.w.org\/{rel}","templated":true}]}}