{"id":860,"date":"2014-10-05T17:21:07","date_gmt":"2014-10-05T15:21:07","guid":{"rendered":"http:\/\/www.vom-elbhochufer.de\/?page_id=860"},"modified":"2016-07-14T16:22:02","modified_gmt":"2016-07-14T15:22:02","slug":"beathan-vom-elbhochufer","status":"publish","type":"page","link":"https:\/\/www.vom-elbhochufer.de\/?page_id=860","title":{"rendered":"Beathan vom Elbhochufer"},"content":{"rendered":"<h3>Beathan vom Elbhochufer<a href=\"http:\/\/www.vom-elbhochufer.de\/wp-content\/uploads\/2014\/09\/bean2.jpg\"><img loading=\"lazy\" decoding=\"async\" class=\"alignright size-medium wp-image-862\" src=\"http:\/\/www.vom-elbhochufer.de\/wp-content\/uploads\/2014\/09\/bean2-268x300.jpg\" alt=\"bean2\" width=\"268\" height=\"300\" srcset=\"https:\/\/www.vom-elbhochufer.de\/wp-content\/uploads\/2014\/09\/bean2-268x300.jpg 268w, https:\/\/www.vom-elbhochufer.de\/wp-content\/uploads\/2014\/09\/bean2.jpg 528w\" sizes=\"auto, (max-width: 268px) 100vw, 268px\" \/><\/a><\/h3>\n<h5><strong>Britisch Langhaar<\/strong><\/h5>\n<h6>*06.07.2011<\/h6>\n<h6>Farbe: white\/orange eyed<\/h6>\n<p>Beathan bedeutet so viel wie Fee oder Geist und er ist auch wirklich ein Langhaar- Traum in wei\u00df geworden.<br \/>\nUnser &#8222;Geist&#8220; hei\u00dft jetzt Tao. Er hat ein freundliches Wesen und ist kaum aus der Ruhe zu bringen. Mit anderen Katzen versteht er sich super. Tao ist verspielt und \u00e4u\u00dferst kuschelig. Auch die Fellpflege gestaltet sich problemlos: er l\u00e4sst sich gerne k\u00e4mmen und b\u00fcrsten.<\/p>\n<p>Tao ist auf der Suche nach einem neuen Zuhause auf Lebenszeit. Wenn Sie Interesse an diesem &#8222;kleinen&#8220; Knuddelkater haben, nehmen Sie bitte Kontakt zu mir auf.<br \/>\n[nggallery id=32]<\/p>\n","protected":false},"excerpt":{"rendered":"<p>Beathan vom Elbhochufer Britisch Langhaar *06.07.2011 Farbe: white\/orange eyed Beathan bedeutet so viel wie Fee oder Geist und er ist auch wirklich ein Langhaar- Traum in wei\u00df geworden. Unser &#8222;Geist&#8220; hei\u00dft jetzt Tao. Er hat ein freundliches Wesen und ist kaum aus der Ruhe zu bringen. Mit anderen Katzen versteht er sich super. Tao ist&hellip; <a class=\"more-link\" href=\"https:\/\/www.vom-elbhochufer.de\/?page_id=860\"><span class=\"screen-reader-text\">Beathan vom Elbhochufer<\/span> weiterlesen<\/a><\/p>\n","protected":false},"author":1,"featured_media":0,"parent":716,"menu_order":0,"comment_status":"closed","ping_status":"open","template":"","meta":{"footnotes":""},"class_list":["post-860","page","type-page","status-publish","hentry","entry"],"_links":{"self":[{"href":"https:\/\/www.vom-elbhochufer.de\/index.php?rest_route=\/wp\/v2\/pages\/860","targetHints":{"allow":["GET"]}}],"collection":[{"href":"https:\/\/www.vom-elbhochufer.de\/index.php?rest_route=\/wp\/v2\/pages"}],"about":[{"href":"https:\/\/www.vom-elbhochufer.de\/index.php?rest_route=\/wp\/v2\/types\/page"}],"author":[{"embeddable":true,"href":"https:\/\/www.vom-elbhochufer.de\/index.php?rest_route=\/wp\/v2\/users\/1"}],"replies":[{"embeddable":true,"href":"https:\/\/www.vom-elbhochufer.de\/index.php?rest_route=%2Fwp%2Fv2%2Fcomments&post=860"}],"version-history":[{"count":14,"href":"https:\/\/www.vom-elbhochufer.de\/index.php?rest_route=\/wp\/v2\/pages\/860\/revisions"}],"predecessor-version":[{"id":1176,"href":"https:\/\/www.vom-elbhochufer.de\/index.php?rest_route=\/wp\/v2\/pages\/860\/revisions\/1176"}],"up":[{"embeddable":true,"href":"https:\/\/www.vom-elbhochufer.de\/index.php?rest_route=\/wp\/v2\/pages\/716"}],"wp:attachment":[{"href":"https:\/\/www.vom-elbhochufer.de\/index.php?rest_route=%2Fwp%2Fv2%2Fmedia&parent=860"}],"curies":[{"name":"wp","href":"https:\/\/api.w.org\/{rel}","templated":true}]}}