{"id":935,"date":"2014-10-05T21:46:10","date_gmt":"2014-10-05T19:46:10","guid":{"rendered":"http:\/\/www.vom-elbhochufer.de\/?page_id=935"},"modified":"2014-10-16T21:04:46","modified_gmt":"2014-10-16T19:04:46","slug":"bjarne-vom-elbhochufer","status":"publish","type":"page","link":"https:\/\/www.vom-elbhochufer.de\/?page_id=935","title":{"rendered":"Bjarne vom Elbhochufer"},"content":{"rendered":"<h3>Balu: Bjarne vom Elbhochufer <a href=\"http:\/\/www.vom-elbhochufer.de\/wp-content\/uploads\/2014\/10\/DSC_3749.jpg\"><img loading=\"lazy\" decoding=\"async\" class=\"alignright size-medium wp-image-938\" src=\"http:\/\/www.vom-elbhochufer.de\/wp-content\/uploads\/2014\/10\/DSC_3749-300x199.jpg\" alt=\"DSC_3749\" width=\"300\" height=\"199\" srcset=\"https:\/\/www.vom-elbhochufer.de\/wp-content\/uploads\/2014\/10\/DSC_3749-300x199.jpg 300w, https:\/\/www.vom-elbhochufer.de\/wp-content\/uploads\/2014\/10\/DSC_3749.jpg 799w\" sizes=\"auto, (max-width: 300px) 100vw, 300px\" \/><\/a><\/h3>\n<h5><strong>Britisch Langhaar<\/strong><\/h5>\n<h6>*06.07.2011<\/h6>\n<h6>Farbe: blau \/ blue<\/h6>\n<p>Bjarne ist das &#8222;Blaub\u00e4rchen&#8220; aus unserem Wurf. Er hei\u00dft jetzt Balu und ist als Kuschelkater in die Cattery von der Waldliebe gezogen. Er hat sich zu einem h\u00fcbschen Kater entwickelt, mit traumhaftem kurzen Fell. Balu ist ein wunderbarer Kuschelkater geworden!\u00a0 [nggallery id=34]<\/p>\n","protected":false},"excerpt":{"rendered":"<p>Balu: Bjarne vom Elbhochufer Britisch Langhaar *06.07.2011 Farbe: blau \/ blue Bjarne ist das &#8222;Blaub\u00e4rchen&#8220; aus unserem Wurf. Er hei\u00dft jetzt Balu und ist als Kuschelkater in die Cattery von der Waldliebe gezogen. Er hat sich zu einem h\u00fcbschen Kater entwickelt, mit traumhaftem kurzen Fell. Balu ist ein wunderbarer Kuschelkater geworden!\u00a0 [nggallery id=34]<\/p>\n","protected":false},"author":1,"featured_media":0,"parent":716,"menu_order":0,"comment_status":"closed","ping_status":"open","template":"","meta":{"footnotes":""},"class_list":["post-935","page","type-page","status-publish","hentry","entry"],"_links":{"self":[{"href":"https:\/\/www.vom-elbhochufer.de\/index.php?rest_route=\/wp\/v2\/pages\/935","targetHints":{"allow":["GET"]}}],"collection":[{"href":"https:\/\/www.vom-elbhochufer.de\/index.php?rest_route=\/wp\/v2\/pages"}],"about":[{"href":"https:\/\/www.vom-elbhochufer.de\/index.php?rest_route=\/wp\/v2\/types\/page"}],"author":[{"embeddable":true,"href":"https:\/\/www.vom-elbhochufer.de\/index.php?rest_route=\/wp\/v2\/users\/1"}],"replies":[{"embeddable":true,"href":"https:\/\/www.vom-elbhochufer.de\/index.php?rest_route=%2Fwp%2Fv2%2Fcomments&post=935"}],"version-history":[{"count":3,"href":"https:\/\/www.vom-elbhochufer.de\/index.php?rest_route=\/wp\/v2\/pages\/935\/revisions"}],"predecessor-version":[{"id":939,"href":"https:\/\/www.vom-elbhochufer.de\/index.php?rest_route=\/wp\/v2\/pages\/935\/revisions\/939"}],"up":[{"embeddable":true,"href":"https:\/\/www.vom-elbhochufer.de\/index.php?rest_route=\/wp\/v2\/pages\/716"}],"wp:attachment":[{"href":"https:\/\/www.vom-elbhochufer.de\/index.php?rest_route=%2Fwp%2Fv2%2Fmedia&parent=935"}],"curies":[{"name":"wp","href":"https:\/\/api.w.org\/{rel}","templated":true}]}}