{"id":959,"date":"2014-10-21T18:27:01","date_gmt":"2014-10-21T16:27:01","guid":{"rendered":"http:\/\/www.vom-elbhochufer.de\/?page_id=959"},"modified":"2014-11-04T20:59:20","modified_gmt":"2014-11-04T18:59:20","slug":"conan-vom-elbhochufer","status":"publish","type":"page","link":"https:\/\/www.vom-elbhochufer.de\/?page_id=959","title":{"rendered":"Conan vom Elbhochufer"},"content":{"rendered":"<h3>Conan vom Elbhochufer<a href=\"http:\/\/www.vom-elbhochufer.de\/wp-content\/uploads\/2014\/10\/conan.jpg\"><img loading=\"lazy\" decoding=\"async\" class=\"alignright size-medium wp-image-979\" src=\"http:\/\/www.vom-elbhochufer.de\/wp-content\/uploads\/2014\/10\/conan-300x200.jpg\" alt=\"conan\" width=\"300\" height=\"200\" srcset=\"https:\/\/www.vom-elbhochufer.de\/wp-content\/uploads\/2014\/10\/conan-300x200.jpg 300w, https:\/\/www.vom-elbhochufer.de\/wp-content\/uploads\/2014\/10\/conan-1024x682.jpg 1024w\" sizes=\"auto, (max-width: 300px) 100vw, 300px\" \/><\/a><\/h3>\n<h5><strong>Britisch Kurzhaar<\/strong><\/h5>\n<h6>*13.03.2012<\/h6>\n<h6>Farbe: rot \/ red<\/h6>\n<p>Conan ist frech und verspielt. Er ist wild durch unsere Wohnung getobt. Aber Conan ist auch ein ganz gro\u00dfer Kuschelkater, der sich stundenlang streicheln und knuddeln l\u00e4sst. Nun ist er zu seiner neuen Familie und seinem neuen Katzenkumpel nach Hamburg gezogen. Er f\u00fchlte sich sofort wohl in seinem neuen Zuhause und ich freue mich, dass er so tolle neue Katzeneltern gefunden hat.<br \/>\n[nggallery id=36]<\/p>\n","protected":false},"excerpt":{"rendered":"<p>Conan vom Elbhochufer Britisch Kurzhaar *13.03.2012 Farbe: rot \/ red Conan ist frech und verspielt. Er ist wild durch unsere Wohnung getobt. Aber Conan ist auch ein ganz gro\u00dfer Kuschelkater, der sich stundenlang streicheln und knuddeln l\u00e4sst. Nun ist er zu seiner neuen Familie und seinem neuen Katzenkumpel nach Hamburg gezogen. Er f\u00fchlte sich sofort&hellip; <a class=\"more-link\" href=\"https:\/\/www.vom-elbhochufer.de\/?page_id=959\"><span class=\"screen-reader-text\">Conan vom Elbhochufer<\/span> weiterlesen<\/a><\/p>\n","protected":false},"author":1,"featured_media":0,"parent":945,"menu_order":0,"comment_status":"closed","ping_status":"open","template":"","meta":{"footnotes":""},"class_list":["post-959","page","type-page","status-publish","hentry","entry"],"_links":{"self":[{"href":"https:\/\/www.vom-elbhochufer.de\/index.php?rest_route=\/wp\/v2\/pages\/959","targetHints":{"allow":["GET"]}}],"collection":[{"href":"https:\/\/www.vom-elbhochufer.de\/index.php?rest_route=\/wp\/v2\/pages"}],"about":[{"href":"https:\/\/www.vom-elbhochufer.de\/index.php?rest_route=\/wp\/v2\/types\/page"}],"author":[{"embeddable":true,"href":"https:\/\/www.vom-elbhochufer.de\/index.php?rest_route=\/wp\/v2\/users\/1"}],"replies":[{"embeddable":true,"href":"https:\/\/www.vom-elbhochufer.de\/index.php?rest_route=%2Fwp%2Fv2%2Fcomments&post=959"}],"version-history":[{"count":5,"href":"https:\/\/www.vom-elbhochufer.de\/index.php?rest_route=\/wp\/v2\/pages\/959\/revisions"}],"predecessor-version":[{"id":981,"href":"https:\/\/www.vom-elbhochufer.de\/index.php?rest_route=\/wp\/v2\/pages\/959\/revisions\/981"}],"up":[{"embeddable":true,"href":"https:\/\/www.vom-elbhochufer.de\/index.php?rest_route=\/wp\/v2\/pages\/945"}],"wp:attachment":[{"href":"https:\/\/www.vom-elbhochufer.de\/index.php?rest_route=%2Fwp%2Fv2%2Fmedia&parent=959"}],"curies":[{"name":"wp","href":"https:\/\/api.w.org\/{rel}","templated":true}]}}